{"id":24841,"date":"2023-06-10T14:25:15","date_gmt":"2023-06-10T12:25:15","guid":{"rendered":"https:\/\/www.culiair.nl\/bijzonder-uit-eten\/"},"modified":"2024-07-18T08:05:25","modified_gmt":"2024-07-18T06:05:25","slug":"diner-exceptionnel","status":"publish","type":"page","link":"https:\/\/www.culiair.be\/fr\/diner-exceptionnel\/","title":{"rendered":"D\u00eener exceptionnel"},"content":{"rendered":"<p>Vers le coucher du soleil, destination inconnue, flottant au-dessus des villes, lacs, for\u00eats et prairies. Un grand vin dans le verre tout en savourant un d\u00eener de luxe, pr\u00e9par\u00e9 sur place avec passion par un chef \u00e9toil\u00e9. Des d\u00e9lices culinaires \u00e0 des hauteurs in\u00e9gal\u00e9es. Cela ressemble \u00e0 un film ? Cette exp\u00e9rience spectaculaire est plus proche que vous ne le pensez.<\/p>\n<h2>D\u00eener au plus haut niveau<\/h2>\n<p>Le Top Of The World Restaurant \u00e0 Las Vegas, le restaurant au sommet du gratte-ciel Ritz-Carlton \u00e0 Hong Kong, et le restaurant Asiate \u00e0 New York. Tous sont des restaurants mondialement c\u00e9l\u00e8bres en raison des grandes hauteurs o\u00f9 le d\u00eener est servi. D\u00eener dans ces restaurants est sp\u00e9cial, car la hauteur peut atteindre plus de 400 m\u00e8tres.<br \/>\nMais imaginez aller encore plus haut, jusqu&rsquo;\u00e0 2,5 kilom\u00e8tres dans le ciel. Profiter des plus belles combinaisons de saveurs, une exp\u00e9rience culinaire de tr\u00e8s haut niveau \u00e0 grande altitude. Dans un restaurant offrant des vues \u00e9poustouflantes et magnifiques. C&rsquo;est possible, et vous n&rsquo;avez pas besoin d&rsquo;aller \u00e0 Las Vegas, Hong Kong ou New York. Le restaurant le plus haut du monde se trouve aux Pays-Bas et s&rsquo;appelle \u00e0 juste titre CuliAir.<\/p>\n<p>CuliAir est un restaurant situ\u00e9 dans une montgolfi\u00e8re. Pendant que le chef pr\u00e9pare les plats les plus somptueux en direct, vous montez doucement \u00e0 une hauteur o\u00f9 les <span style=\"color: #ff6600;\"><a style=\"color: #ff6600;\" href=\"https:\/\/www.culiair.be\/en\/fotogalerij\/\" target=\"_blank\" rel=\"noopener\">vues<\/a><\/span> sont aussi uniques que spectaculaires.<\/p>\n<p><a href=\"https:\/\/www.culiair.be\/wp-content\/uploads\/2020\/12\/Spectaculair-uit-eten.jpeg\"><img loading=\"lazy\" decoding=\"async\" class=\"alignnone wp-image-15751\" src=\"https:\/\/www.culiair.be\/wp-content\/uploads\/2020\/12\/Spectaculair-uit-eten.jpeg\" alt=\"D\u00eener spectaculaire\" width=\"815\" height=\"543\" srcset=\"https:\/\/www.culiair.be\/wp-content\/uploads\/2020\/12\/Spectaculair-uit-eten.jpeg 1024w, https:\/\/www.culiair.be\/wp-content\/uploads\/2020\/12\/Spectaculair-uit-eten-500x333.jpeg 500w, https:\/\/www.culiair.be\/wp-content\/uploads\/2020\/12\/Spectaculair-uit-eten-700x466.jpeg 700w, https:\/\/www.culiair.be\/wp-content\/uploads\/2020\/12\/Spectaculair-uit-eten-300x200.jpeg 300w, https:\/\/www.culiair.be\/wp-content\/uploads\/2020\/12\/Spectaculair-uit-eten-768x512.jpeg 768w, https:\/\/www.culiair.be\/wp-content\/uploads\/2020\/12\/Spectaculair-uit-eten-800x533.jpeg 800w\" sizes=\"auto, (max-width: 815px) 100vw, 815px\" \/><\/a><\/p>\n<h2>Le seul restaurant en montgolfi\u00e8re au monde<\/h2>\n<p>Bien que nous soyons appel\u00e9s les pays bas, cette premi\u00e8re n\u00e9erlandaise vient d&rsquo;une hauteur sans pr\u00e9c\u00e9dent. Jamais auparavant un restaurant n&rsquo;avait \u00e9t\u00e9 \u00e9tabli dans une montgolfi\u00e8re. Pour la premi\u00e8re fois dans l&rsquo;histoire, il est possible de d\u00eener \u00e0 des altitudes allant jusqu&rsquo;\u00e0 2,5 kilom\u00e8tres.<br \/>\nLa nacelle de la montgolfi\u00e8re est am\u00e9nag\u00e9e comme un restaurant. Les tables sont magnifiquement dress\u00e9es avec des serviettes en lin, de vrais verres et de la vaisselle. Et pour couronner le tout, le restaurant dispose m\u00eame d&rsquo;un v\u00e9ritable sky bar. L\u00e0, vous pouvez profiter d&rsquo;un verre de vin tout en admirant les plus belles vues que les Pays-Bas ont \u00e0 offrir.<\/p>\n<p><a href=\"https:\/\/www.culiair.be\/wp-content\/uploads\/2020\/12\/Spectaculair-dineren-in-hete-luchtballon.jpg\"><img loading=\"lazy\" decoding=\"async\" class=\"alignnone wp-image-15753\" src=\"https:\/\/www.culiair.be\/wp-content\/uploads\/2020\/12\/Spectaculair-dineren-in-hete-luchtballon.jpg\" alt=\"D\u00eener spectaculaire en montgolfi\u00e8re\" width=\"471\" height=\"353\" srcset=\"https:\/\/www.culiair.be\/wp-content\/uploads\/2020\/12\/Spectaculair-dineren-in-hete-luchtballon.jpg 1024w, https:\/\/www.culiair.be\/wp-content\/uploads\/2020\/12\/Spectaculair-dineren-in-hete-luchtballon-500x375.jpg 500w, https:\/\/www.culiair.be\/wp-content\/uploads\/2020\/12\/Spectaculair-dineren-in-hete-luchtballon-700x525.jpg 700w, https:\/\/www.culiair.be\/wp-content\/uploads\/2020\/12\/Spectaculair-dineren-in-hete-luchtballon-300x225.jpg 300w, https:\/\/www.culiair.be\/wp-content\/uploads\/2020\/12\/Spectaculair-dineren-in-hete-luchtballon-768x576.jpg 768w, https:\/\/www.culiair.be\/wp-content\/uploads\/2020\/12\/Spectaculair-dineren-in-hete-luchtballon-800x600.jpg 800w\" sizes=\"auto, (max-width: 471px) 100vw, 471px\" \/><\/a><\/p>\n<p>Par d\u00eener, la montgolfi\u00e8re parcourt jusqu&rsquo;\u00e0 30 kilom\u00e8tres, naviguant entre diff\u00e9rentes altitudes. Pour ce faire, l&rsquo;air dans la montgolfi\u00e8re est chauff\u00e9. Cette chaleur est \u00e9galement utilis\u00e9e pour cuire les plats \u00e0 une temp\u00e9rature constante d&rsquo;environ 90 degr\u00e9s, \u00e0 l&rsquo;aide de paniers en acier sp\u00e9cialement d\u00e9velopp\u00e9s au sommet de la montgolfi\u00e8re. Cela cr\u00e9e un four \u00e0 air chaud qui maintient la montgolfi\u00e8re \u00e0 la bonne hauteur tout en cuisant lentement poissons, viandes et volailles.<\/p>\n<h2>Un d\u00eener \u00e9toil\u00e9 entre ciel et terre<\/h2>\n<p>Cela semble presque surr\u00e9aliste lorsque tant de sens sont stimul\u00e9s simultan\u00e9ment. Pendant que vous profitez d&rsquo;une vue incroyable, votre nez se remplit des merveilleux ar\u00f4mes de cuisson. Dans la nacelle, <span style=\"color: #ff6600;\"><a style=\"color: #ff6600;\" href=\"https:\/\/www.schmeinck.nl\/angelique-schmeinck\/\" target=\"_blank\" rel=\"noopener\">Ang\u00e9lique Schmeinck<\/a><\/span>, l&rsquo;une des deux seules femmes chef ma\u00eetre SVH aux Pays-Bas, vous r\u00e9gale de ses talents culinaires. Un d\u00eener \u00e9toil\u00e9 en live-cooking tout en flottant entre ciel et terre.<\/p>\n<figure id=\"attachment_15755\" aria-describedby=\"caption-attachment-15755\" style=\"width: 274px\" class=\"wp-caption alignnone\"><a href=\"https:\/\/www.culiair.be\/wp-content\/uploads\/2020\/12\/Bijzonder-dineren-met-Angelique-Schmeinck.jpg\"><img loading=\"lazy\" decoding=\"async\" class=\"wp-image-15755\" src=\"https:\/\/www.culiair.be\/wp-content\/uploads\/2020\/12\/Bijzonder-dineren-met-Angelique-Schmeinck.jpg\" alt=\"D\u00eener unique avec Ang\u00e9lique Schmeinck\" width=\"274\" height=\"323\" srcset=\"https:\/\/www.culiair.be\/wp-content\/uploads\/2020\/12\/Bijzonder-dineren-met-Angelique-Schmeinck.jpg 868w, https:\/\/www.culiair.be\/wp-content\/uploads\/2020\/12\/Bijzonder-dineren-met-Angelique-Schmeinck-500x590.jpg 500w, https:\/\/www.culiair.be\/wp-content\/uploads\/2020\/12\/Bijzonder-dineren-met-Angelique-Schmeinck-700x826.jpg 700w, https:\/\/www.culiair.be\/wp-content\/uploads\/2020\/12\/Bijzonder-dineren-met-Angelique-Schmeinck-254x300.jpg 254w, https:\/\/www.culiair.be\/wp-content\/uploads\/2020\/12\/Bijzonder-dineren-met-Angelique-Schmeinck-768x906.jpg 768w, https:\/\/www.culiair.be\/wp-content\/uploads\/2020\/12\/Bijzonder-dineren-met-Angelique-Schmeinck-800x944.jpg 800w\" sizes=\"auto, (max-width: 274px) 100vw, 274px\" \/><\/a><figcaption id=\"caption-attachment-15755\" class=\"wp-caption-text\">Rencontrez le chef ma\u00eetre Ang\u00e9lique Schmeinck.<\/figcaption><\/figure>\n<p>Une fois les amarres largu\u00e9es et la montgolfi\u00e8re mont\u00e9e doucement \u00e0 une belle hauteur, il est temps pour un excellent verre de vin. Pendant que vous profitez du paysage en constante \u00e9volution autour de vous, le chef pr\u00e9pare en direct un cocktail de homard. Apr\u00e8s environ une demi-heure de flottement, un moment sp\u00e9cial se produit lorsque les paniers \u00e0 fil sp\u00e9cial contenant du bar, de l&rsquo;agneau et du poulet sont r\u00e9cup\u00e9r\u00e9s de la montgolfi\u00e8re.<\/p>\n<p>Les plats sont pr\u00e9sent\u00e9s un par un avec de d\u00e9licieuses sauces et garnitures. Et pendant que vous profitez de cette sensation gustative, la montgolfi\u00e8re d\u00e9rive vers le coucher du soleil.<\/p>\n<h2>Un plaisir c\u00e9leste pour une occasion sp\u00e9ciale<\/h2>\n<p>Un d\u00eener \u00e9toil\u00e9 dans un v\u00e9ritable restaurant en montgolfi\u00e8re est une exp\u00e9rience qui convient \u00e0 une occasion sp\u00e9ciale, mais qui peut aussi rendre toute occasion sp\u00e9ciale. Le skydining est une fa\u00e7on populaire de c\u00e9l\u00e9brer des anniversaires, des \u00e9v\u00e9nements d&rsquo;entreprise et des anniversaires.<br \/>\nLe moment o\u00f9 les amarres sont largu\u00e9es et o\u00f9 la montgolfi\u00e8re monte offre l&rsquo;occasion de s&rsquo;habituer calmement \u00e0 la hauteur et de prendre en compte le paysage changeant. Le coucher du soleil et le silence \u00e0 grande hauteur offrent un cadre unique et romantique pour une exp\u00e9rience c\u00e9leste. Alors que la destination inconnue et l&rsquo;atterrissage offrent une aventure excitante et repoussent les limites. L&rsquo;ensemble de l&rsquo;exp\u00e9rience rend chaque occasion sp\u00e9ciale.<\/p>\n<h2>D\u00eener extraordinaire aux Pays-Bas : une exp\u00e9rience inoubliable et une histoire \u00e0 raconter<\/h2>\n<p>C&rsquo;est sans aucun doute l&rsquo;une des exp\u00e9riences que vous n&rsquo;oublierez jamais. Lorsque vous avez pu d\u00e9couvrir les Pays-Bas d&rsquo;en haut avec les meilleurs vins et les plats les plus d\u00e9licieux, c&rsquo;est une histoire qui m\u00e9rite d&rsquo;\u00eatre racont\u00e9e.<br \/>\nD\u00e8s le moment o\u00f9 les amarres sont largu\u00e9es, la montgolfi\u00e8re flotte \u00e0 travers les nuages et le soleil brille vers vous, vous ressentez une libert\u00e9 sans limites que vous ne pouvez exp\u00e9rimenter nulle part ailleurs. En profitant en silence d&rsquo;un cocktail de homard, vous voyez le paysage hollandais s&rsquo;\u00e9tendre \u00e0 perte de vue. D\u00eener dans une montgolfi\u00e8re offre une exp\u00e9rience unique que vous n&rsquo;oublierez jamais.<\/p>\n","protected":false},"excerpt":{"rendered":"<p>Vers le coucher du soleil, destination inconnue, flottant au-dessus des villes, lacs, for\u00eats et prairies. Un grand vin dans le verre tout en savourant un d\u00eener de luxe, pr\u00e9par\u00e9 sur place avec passion par un chef \u00e9toil\u00e9. Des d\u00e9lices culinaires \u00e0 des hauteurs in\u00e9gal\u00e9es. Cela ressemble \u00e0 un film ? Cette exp\u00e9rience spectaculaire est plus proche que vous ne le pensez. D\u00eener au plus haut niveau Le Top Of The World Restaurant \u00e0 Las Vegas, le restaurant au sommet du [&hellip;]<\/p>\n","protected":false},"author":6,"featured_media":0,"parent":0,"menu_order":0,"comment_status":"closed","ping_status":"closed","template":"","meta":{"footnotes":""},"class_list":["post-24841","page","type-page","status-publish","hentry"],"yoast_head":"<!-- This site is optimized with the Yoast SEO plugin v27.3 - https:\/\/yoast.com\/product\/yoast-seo-wordpress\/ -->\n<title>D\u00eener extraordinaire : le seul restaurant en montgolfi\u00e8re au monde<\/title>\n<meta name=\"description\" content=\"D\u00eener extraordinaire : d\u00eener \u00e9toil\u00e9 entre ciel et terre. Surr\u00e9aliste lorsque tant de sens sont stimul\u00e9s simultan\u00e9ment.\" \/>\n<meta name=\"robots\" content=\"index, follow, max-snippet:-1, max-image-preview:large, max-video-preview:-1\" \/>\n<link rel=\"canonical\" href=\"https:\/\/www.culiair.be\/fr\/diner-exceptionnel\/\" \/>\n<meta property=\"og:locale\" content=\"fr_FR\" \/>\n<meta property=\"og:type\" content=\"article\" \/>\n<meta property=\"og:title\" content=\"D\u00eener extraordinaire : le seul restaurant en montgolfi\u00e8re au monde\" \/>\n<meta property=\"og:description\" content=\"D\u00eener extraordinaire : d\u00eener \u00e9toil\u00e9 entre ciel et terre. Surr\u00e9aliste lorsque tant de sens sont stimul\u00e9s simultan\u00e9ment.\" \/>\n<meta property=\"og:url\" content=\"https:\/\/www.culiair.be\/fr\/diner-exceptionnel\/\" \/>\n<meta property=\"og:site_name\" content=\"CuliAir\" \/>\n<meta property=\"article:modified_time\" content=\"2024-07-18T06:05:25+00:00\" \/>\n<meta property=\"og:image\" content=\"https:\/\/www.culiair.be\/wp-content\/uploads\/2020\/12\/Spectaculair-uit-eten.jpeg\" \/>\n<meta name=\"twitter:card\" content=\"summary_large_image\" \/>\n<meta name=\"twitter:label1\" content=\"Dur\u00e9e de lecture estim\u00e9e\" \/>\n\t<meta name=\"twitter:data1\" content=\"5 minutes\" \/>\n<script type=\"application\/ld+json\" class=\"yoast-schema-graph\">{\"@context\":\"https:\\\/\\\/schema.org\",\"@graph\":[{\"@type\":\"WebPage\",\"@id\":\"https:\\\/\\\/www.culiair.be\\\/fr\\\/diner-exceptionnel\\\/\",\"url\":\"https:\\\/\\\/www.culiair.be\\\/fr\\\/diner-exceptionnel\\\/\",\"name\":\"D\u00eener extraordinaire : le seul restaurant en montgolfi\u00e8re au monde\",\"isPartOf\":{\"@id\":\"https:\\\/\\\/www.culiair.be\\\/#website\"},\"primaryImageOfPage\":{\"@id\":\"https:\\\/\\\/www.culiair.be\\\/fr\\\/diner-exceptionnel\\\/#primaryimage\"},\"image\":{\"@id\":\"https:\\\/\\\/www.culiair.be\\\/fr\\\/diner-exceptionnel\\\/#primaryimage\"},\"thumbnailUrl\":\"https:\\\/\\\/www.culiair.be\\\/wp-content\\\/uploads\\\/2020\\\/12\\\/Spectaculair-uit-eten.jpeg\",\"datePublished\":\"2023-06-10T12:25:15+00:00\",\"dateModified\":\"2024-07-18T06:05:25+00:00\",\"description\":\"D\u00eener extraordinaire : d\u00eener \u00e9toil\u00e9 entre ciel et terre. Surr\u00e9aliste lorsque tant de sens sont stimul\u00e9s simultan\u00e9ment.\",\"breadcrumb\":{\"@id\":\"https:\\\/\\\/www.culiair.be\\\/fr\\\/diner-exceptionnel\\\/#breadcrumb\"},\"inLanguage\":\"fr-FR\",\"potentialAction\":[{\"@type\":\"ReadAction\",\"target\":[\"https:\\\/\\\/www.culiair.be\\\/fr\\\/diner-exceptionnel\\\/\"]}]},{\"@type\":\"ImageObject\",\"inLanguage\":\"fr-FR\",\"@id\":\"https:\\\/\\\/www.culiair.be\\\/fr\\\/diner-exceptionnel\\\/#primaryimage\",\"url\":\"https:\\\/\\\/www.culiair.be\\\/wp-content\\\/uploads\\\/2020\\\/12\\\/Spectaculair-uit-eten.jpeg\",\"contentUrl\":\"https:\\\/\\\/www.culiair.be\\\/wp-content\\\/uploads\\\/2020\\\/12\\\/Spectaculair-uit-eten.jpeg\"},{\"@type\":\"BreadcrumbList\",\"@id\":\"https:\\\/\\\/www.culiair.be\\\/fr\\\/diner-exceptionnel\\\/#breadcrumb\",\"itemListElement\":[{\"@type\":\"ListItem\",\"position\":1,\"name\":\"Home\",\"item\":\"https:\\\/\\\/www.culiair.be\\\/fr\\\/\"},{\"@type\":\"ListItem\",\"position\":2,\"name\":\"D\u00eener exceptionnel\"}]},{\"@type\":\"WebSite\",\"@id\":\"https:\\\/\\\/www.culiair.be\\\/#website\",\"url\":\"https:\\\/\\\/www.culiair.be\\\/\",\"name\":\"CuliAir\",\"description\":\"Luchtballonrestaurant\",\"potentialAction\":[{\"@type\":\"SearchAction\",\"target\":{\"@type\":\"EntryPoint\",\"urlTemplate\":\"https:\\\/\\\/www.culiair.be\\\/?s={search_term_string}\"},\"query-input\":{\"@type\":\"PropertyValueSpecification\",\"valueRequired\":true,\"valueName\":\"search_term_string\"}}],\"inLanguage\":\"fr-FR\"}]}<\/script>\n<!-- \/ Yoast SEO plugin. -->","yoast_head_json":{"title":"D\u00eener extraordinaire : le seul restaurant en montgolfi\u00e8re au monde","description":"D\u00eener extraordinaire : d\u00eener \u00e9toil\u00e9 entre ciel et terre. Surr\u00e9aliste lorsque tant de sens sont stimul\u00e9s simultan\u00e9ment.","robots":{"index":"index","follow":"follow","max-snippet":"max-snippet:-1","max-image-preview":"max-image-preview:large","max-video-preview":"max-video-preview:-1"},"canonical":"https:\/\/www.culiair.be\/fr\/diner-exceptionnel\/","og_locale":"fr_FR","og_type":"article","og_title":"D\u00eener extraordinaire : le seul restaurant en montgolfi\u00e8re au monde","og_description":"D\u00eener extraordinaire : d\u00eener \u00e9toil\u00e9 entre ciel et terre. Surr\u00e9aliste lorsque tant de sens sont stimul\u00e9s simultan\u00e9ment.","og_url":"https:\/\/www.culiair.be\/fr\/diner-exceptionnel\/","og_site_name":"CuliAir","article_modified_time":"2024-07-18T06:05:25+00:00","og_image":[{"url":"https:\/\/www.culiair.be\/wp-content\/uploads\/2020\/12\/Spectaculair-uit-eten.jpeg","type":"","width":"","height":""}],"twitter_card":"summary_large_image","twitter_misc":{"Dur\u00e9e de lecture estim\u00e9e":"5 minutes"},"schema":{"@context":"https:\/\/schema.org","@graph":[{"@type":"WebPage","@id":"https:\/\/www.culiair.be\/fr\/diner-exceptionnel\/","url":"https:\/\/www.culiair.be\/fr\/diner-exceptionnel\/","name":"D\u00eener extraordinaire : le seul restaurant en montgolfi\u00e8re au monde","isPartOf":{"@id":"https:\/\/www.culiair.be\/#website"},"primaryImageOfPage":{"@id":"https:\/\/www.culiair.be\/fr\/diner-exceptionnel\/#primaryimage"},"image":{"@id":"https:\/\/www.culiair.be\/fr\/diner-exceptionnel\/#primaryimage"},"thumbnailUrl":"https:\/\/www.culiair.be\/wp-content\/uploads\/2020\/12\/Spectaculair-uit-eten.jpeg","datePublished":"2023-06-10T12:25:15+00:00","dateModified":"2024-07-18T06:05:25+00:00","description":"D\u00eener extraordinaire : d\u00eener \u00e9toil\u00e9 entre ciel et terre. Surr\u00e9aliste lorsque tant de sens sont stimul\u00e9s simultan\u00e9ment.","breadcrumb":{"@id":"https:\/\/www.culiair.be\/fr\/diner-exceptionnel\/#breadcrumb"},"inLanguage":"fr-FR","potentialAction":[{"@type":"ReadAction","target":["https:\/\/www.culiair.be\/fr\/diner-exceptionnel\/"]}]},{"@type":"ImageObject","inLanguage":"fr-FR","@id":"https:\/\/www.culiair.be\/fr\/diner-exceptionnel\/#primaryimage","url":"https:\/\/www.culiair.be\/wp-content\/uploads\/2020\/12\/Spectaculair-uit-eten.jpeg","contentUrl":"https:\/\/www.culiair.be\/wp-content\/uploads\/2020\/12\/Spectaculair-uit-eten.jpeg"},{"@type":"BreadcrumbList","@id":"https:\/\/www.culiair.be\/fr\/diner-exceptionnel\/#breadcrumb","itemListElement":[{"@type":"ListItem","position":1,"name":"Home","item":"https:\/\/www.culiair.be\/fr\/"},{"@type":"ListItem","position":2,"name":"D\u00eener exceptionnel"}]},{"@type":"WebSite","@id":"https:\/\/www.culiair.be\/#website","url":"https:\/\/www.culiair.be\/","name":"CuliAir","description":"Luchtballonrestaurant","potentialAction":[{"@type":"SearchAction","target":{"@type":"EntryPoint","urlTemplate":"https:\/\/www.culiair.be\/?s={search_term_string}"},"query-input":{"@type":"PropertyValueSpecification","valueRequired":true,"valueName":"search_term_string"}}],"inLanguage":"fr-FR"}]}},"_links":{"self":[{"href":"https:\/\/www.culiair.be\/fr\/wp-json\/wp\/v2\/pages\/24841","targetHints":{"allow":["GET"]}}],"collection":[{"href":"https:\/\/www.culiair.be\/fr\/wp-json\/wp\/v2\/pages"}],"about":[{"href":"https:\/\/www.culiair.be\/fr\/wp-json\/wp\/v2\/types\/page"}],"author":[{"embeddable":true,"href":"https:\/\/www.culiair.be\/fr\/wp-json\/wp\/v2\/users\/6"}],"replies":[{"embeddable":true,"href":"https:\/\/www.culiair.be\/fr\/wp-json\/wp\/v2\/comments?post=24841"}],"version-history":[{"count":2,"href":"https:\/\/www.culiair.be\/fr\/wp-json\/wp\/v2\/pages\/24841\/revisions"}],"predecessor-version":[{"id":24849,"href":"https:\/\/www.culiair.be\/fr\/wp-json\/wp\/v2\/pages\/24841\/revisions\/24849"}],"wp:attachment":[{"href":"https:\/\/www.culiair.be\/fr\/wp-json\/wp\/v2\/media?parent=24841"}],"curies":[{"name":"wp","href":"https:\/\/api.w.org\/{rel}","templated":true}]}}