{"id":26074,"date":"2025-05-10T17:43:07","date_gmt":"2025-05-10T15:43:07","guid":{"rendered":"https:\/\/www.culiair.nl\/unieke-belevenissen\/"},"modified":"2025-05-17T05:19:38","modified_gmt":"2025-05-17T03:19:38","slug":"experiences-uniques","status":"publish","type":"page","link":"https:\/\/www.culiair.be\/fr\/experiences-uniques\/","title":{"rendered":"Exp\u00e9riences Uniques"},"content":{"rendered":"<p class=\"\" data-start=\"49\" data-end=\"627\">Chacun a un r\u00eave ou une exp\u00e9rience qui figure en haut de sa liste de choses \u00e0 faire. Pour beaucoup, c\u2019est une activit\u00e9 aventureuse, pour d\u2019autres, c\u2019est une exp\u00e9rience sensorielle. Imaginez : un d\u00eener en haute altitude, entour\u00e9 de vues \u00e0 couper le souffle, pendant qu\u2019un chef cuisinier pr\u00e9pare un repas culinaire en direct. Cela semble un r\u00eave, mais c\u2019est une r\u00e9alit\u00e9 qui n\u2019est possible qu\u2019\u00e0 un endroit dans le monde : le ballon \u00e0 air chaud. Ce n\u2019est pas une simple balade en ballon, mais une exp\u00e9rience culinaire unique qui vous fait flotter entre le ciel et la terre. Bienvenue dans l&rsquo;exp\u00e9rience ultime : d\u00eener dans un ballon \u00e0 air chaud.<\/p>\n<p data-start=\"49\" data-end=\"627\"><a href=\"https:\/\/www.culiair.be\/wp-content\/uploads\/2022\/06\/Diner-luchtballon-langoustine-daglelie-citrusdressing-scaled.jpeg\"><img loading=\"lazy\" decoding=\"async\" class=\"alignnone size-large wp-image-19252\" src=\"https:\/\/www.culiair.be\/wp-content\/uploads\/2022\/06\/Diner-luchtballon-langoustine-daglelie-citrusdressing-990x1024.jpeg\" alt=\"\" width=\"900\" height=\"931\" srcset=\"https:\/\/www.culiair.be\/wp-content\/uploads\/2022\/06\/Diner-luchtballon-langoustine-daglelie-citrusdressing-990x1024.jpeg 990w, https:\/\/www.culiair.be\/wp-content\/uploads\/2022\/06\/Diner-luchtballon-langoustine-daglelie-citrusdressing-500x517.jpeg 500w, https:\/\/www.culiair.be\/wp-content\/uploads\/2022\/06\/Diner-luchtballon-langoustine-daglelie-citrusdressing-700x724.jpeg 700w, https:\/\/www.culiair.be\/wp-content\/uploads\/2022\/06\/Diner-luchtballon-langoustine-daglelie-citrusdressing-290x300.jpeg 290w, https:\/\/www.culiair.be\/wp-content\/uploads\/2022\/06\/Diner-luchtballon-langoustine-daglelie-citrusdressing-768x794.jpeg 768w, https:\/\/www.culiair.be\/wp-content\/uploads\/2022\/06\/Diner-luchtballon-langoustine-daglelie-citrusdressing-1485x1536.jpeg 1485w, https:\/\/www.culiair.be\/wp-content\/uploads\/2022\/06\/Diner-luchtballon-langoustine-daglelie-citrusdressing-1980x2048.jpeg 1980w, https:\/\/www.culiair.be\/wp-content\/uploads\/2022\/06\/Diner-luchtballon-langoustine-daglelie-citrusdressing-1400x1448.jpeg 1400w, https:\/\/www.culiair.be\/wp-content\/uploads\/2022\/06\/Diner-luchtballon-langoustine-daglelie-citrusdressing-800x827.jpeg 800w\" sizes=\"auto, (max-width: 900px) 100vw, 900px\" \/><\/a><\/p>\n<h2 data-start=\"629\" data-end=\"662\">Le Restaurant le Plus Haut du Monde<\/h2>\n<p class=\"\" data-start=\"664\" data-end=\"1297\">Nous connaissons tous les restaurants embl\u00e9matiques qui surplombent la terre, tels que Dinner in The Sky \u00e0 Las Vegas ou le Top of the World Restaurant \u00e0 Hong Kong. Ce qui rend ces exp\u00e9riences culinaires sp\u00e9ciales, c\u2019est la hauteur. Mais que diriez-vous d\u2019atteindre la hauteur ultime ? Un d\u00eener \u00e0 2 kilom\u00e8tres au-dessus du sol, au-dessus des nuages, tout en vous r\u00e9galant de d\u00e9lices culinaires ? Cela semble \u00eatre une fantaisie, mais c\u2019est une r\u00e9alit\u00e9 qui se d\u00e9roule aux Pays-Bas. Dans un ballon \u00e0 air chaud unique qui sert de restaurant, vous montez lentement \u00e0 des hauteurs in\u00e9gal\u00e9es tout en profitant des plus belles vues et des meilleurs plats.<\/p>\n<h2 data-start=\"1299\" data-end=\"1338\">Aventure Culinaire Entre Ciel et Terre<\/h2>\n<p class=\"\" data-start=\"1340\" data-end=\"2086\">Le vol en ballon commence tranquillement et, \u00e0 chaque m\u00e8tre que le ballon grimpe, la vue change. Le paysage se d\u00e9ploie dans un spectacle de plus en plus beau, qu\u2019il s\u2019agisse des champs ondulants et des villages ou de la vue impressionnante d\u2019un coucher de soleil. Tandis que le ballon s\u2019\u00e9l\u00e8ve lentement, le d\u00eener commence. Ce n\u2019est pas un vol en ballon classique ; c\u2019est un voyage culinaire o\u00f9 un chef pr\u00e9pare les plats en direct. La chaleur du ballon \u00e0 air chaud sert de grand four \u00e0 air chaud, parfait pour cuire lentement des plats d\u00e9licats.<\/p>\n<p><iframe loading=\"lazy\" title=\"Cuisiner au-dessus des for\u00eats en Drenthe | CuliAir SkyDining\" src=\"https:\/\/www.youtube.com\/embed\/48EBlX4ypT0\" width=\"433\" height=\"769\" frameborder=\"0\" allowfullscreen=\"allowfullscreen\"><\/iframe><\/p>\n<h2 data-start=\"2088\" data-end=\"2104\">D\u00eener dans les airs<\/h2>\n<p class=\"\" data-start=\"2106\" data-end=\"2765\">Une fois dans le ballon, l\u2019exp\u00e9rience commence vraiment. Le chef a l\u00e2ch\u00e9 les cordes, et le d\u00eener commence avec un excellent verre de vin. Ensuite vient le premier plat : un cocktail de homard, pr\u00e9par\u00e9 avec soin et passion, pendant que le ballon flotte lentement dans les airs. Mais le moment o\u00f9 les paniers de fruits de mer et de viande sont hiss\u00e9s depuis le ballon est l\u2019un des moments les plus uniques de l\u2019exp\u00e9rience. Ces paniers sont envoy\u00e9s au sommet du ballon, o\u00f9 les plats cuisent lentement gr\u00e2ce \u00e0 l\u2019air chaud. Ils sont ensuite redescendus et pr\u00e9sent\u00e9s avec des garnitures et des sauces parfaites.<\/p>\n<h2 data-start=\"2767\" data-end=\"2787\">Le Temps de Votre Vie<\/h2>\n<p class=\"\" data-start=\"2789\" data-end=\"3294\">L\u2019exp\u00e9rience dure environ une heure et demie et offre plus que suffisamment de temps pour profiter des diff\u00e9rents plats qui vous sont servis. Tout au long du voyage, la vue change constamment, et vous ressentez un sentiment de libert\u00e9 que vous ne trouverez normalement qu\u2019en avion, mais de mani\u00e8re beaucoup plus intime et calme. Vous \u00eates seul avec les personnes avec lesquelles vous partagez cette exp\u00e9rience unique et vos sens sont simultan\u00e9ment stimul\u00e9s par la vue, l\u2019odeur de la nourriture et les saveurs des plats.<\/p>\n<h2 data-start=\"3296\" data-end=\"3343\">L&rsquo;Aventure Ultime pour des Occasions Sp\u00e9ciales<\/h2>\n<p class=\"\" data-start=\"3345\" data-end=\"3956\">C\u2019est l\u2019exp\u00e9rience ultime pour ceux qui recherchent quelque chose de sp\u00e9cial. Que vous c\u00e9l\u00e9briez un \u00e9v\u00e9nement sp\u00e9cial, comme un anniversaire ou un jubil\u00e9, ou que vous souhaitiez simplement surprendre quelqu\u2019un avec une exp\u00e9rience unique, d\u00eener dans un ballon \u00e0 air chaud offre une exp\u00e9rience que vous n\u2019oublierez jamais. C\u2019est la mani\u00e8re id\u00e9ale de marquer un moment qui restera grav\u00e9 dans votre m\u00e9moire. Imaginez tenir un verre de champagne en flottant sous un coucher de soleil, tout en d\u00e9gustant un repas gastronomique. C\u2019est une exp\u00e9rience que vous n\u2019oublierez jamais, une histoire que vous raconterez toujours.<\/p>\n<h2 data-start=\"3958\" data-end=\"3981\">L&rsquo;Avenir du D\u00eener<\/h2>\n<p class=\"\" data-start=\"3983\" data-end=\"4577\">Il y a quelque chose de magique dans l\u2019id\u00e9e de d\u00eener \u00e0 grande hauteur. Cela change non seulement votre perspective sur le paysage, mais aussi sur ce que signifie manger. Vous combinez aventure et luxe, tout en d\u00e9gustant un repas qui est en soi une exp\u00e9rience. Le ballon \u00e0 air chaud en tant que restaurant est l\u2019avenir du d\u00eener, o\u00f9 vous ne profitez pas seulement des saveurs, mais aussi du voyage lui-m\u00eame. C\u2019est une aventure pour tous vos sens, une exp\u00e9rience que vous vivrez probablement une seule fois dans votre vie. Et qui sait, peut-\u00eatre que ce sera une exp\u00e9rience \u00ab deux fois dans une vie \u00bb, tellement elle est extraordinaire.<\/p>\n<h2 data-start=\"4579\" data-end=\"4606\">Une Exp\u00e9rience Inoubliable<\/h2>\n<p class=\"\" data-start=\"4608\" data-end=\"5248\">Que vous veniez pour la romance, l\u2019aventure ou le simple plaisir de d\u00eener dans les airs, cette exp\u00e9rience est quelque chose que vous n\u2019oublierez jamais. La nourriture n\u2019est pas la seule chose qui rend cette exp\u00e9rience sp\u00e9ciale. C\u2019est l\u2019interaction entre l\u2019environnement, les sens et la mani\u00e8re dont tout se combine pour cr\u00e9er une exp\u00e9rience qui reste grav\u00e9e dans votre m\u00e9moire. Une exp\u00e9rience que vous pourriez qualifier de \u00ab une fois dans une vie \u00bb, mais si vous avez de la chance, peut-\u00eatre m\u00eame \u00ab deux fois dans une vie \u00bb. Alors, \u00eates-vous pr\u00eat \u00e0 d\u00eener dans les airs et d\u00e9couvrir un nouveau monde de saveurs et de vues ? Cette exp\u00e9rience unique est vraiment faite pour vous.<\/p>\n","protected":false},"excerpt":{"rendered":"<p>Chacun a un r\u00eave ou une exp\u00e9rience qui figure en haut de sa liste de choses \u00e0 faire. Pour beaucoup, c\u2019est une activit\u00e9 aventureuse, pour d\u2019autres, c\u2019est une exp\u00e9rience sensorielle. Imaginez : un d\u00eener en haute altitude, entour\u00e9 de vues \u00e0 couper le souffle, pendant qu\u2019un chef cuisinier pr\u00e9pare un repas culinaire en direct. Cela semble un r\u00eave, mais c\u2019est une r\u00e9alit\u00e9 qui n\u2019est possible qu\u2019\u00e0 un endroit dans le monde : le ballon \u00e0 air chaud. Ce n\u2019est pas [&hellip;]<\/p>\n","protected":false},"author":6,"featured_media":0,"parent":0,"menu_order":0,"comment_status":"closed","ping_status":"closed","template":"","meta":{"footnotes":""},"class_list":["post-26074","page","type-page","status-publish","hentry"],"yoast_head":"<!-- This site is optimized with the Yoast SEO plugin v27.3 - https:\/\/yoast.com\/product\/yoast-seo-wordpress\/ -->\n<title>Exp\u00e9riences Uniques : Cr\u00e9ez des Souvenirs Inoubliables<\/title>\n<meta name=\"description\" content=\"Exp\u00e9riences uniques : vivez les moments les plus extraordinaires qui transformeront votre vie et enrichiront vos souvenirs...\" \/>\n<meta name=\"robots\" content=\"index, follow, max-snippet:-1, max-image-preview:large, max-video-preview:-1\" \/>\n<link rel=\"canonical\" href=\"https:\/\/www.culiair.be\/fr\/experiences-uniques\/\" \/>\n<meta property=\"og:locale\" content=\"fr_FR\" \/>\n<meta property=\"og:type\" content=\"article\" \/>\n<meta property=\"og:title\" content=\"Exp\u00e9riences Uniques : Cr\u00e9ez des Souvenirs Inoubliables\" \/>\n<meta property=\"og:description\" content=\"Exp\u00e9riences uniques : vivez les moments les plus extraordinaires qui transformeront votre vie et enrichiront vos souvenirs...\" \/>\n<meta property=\"og:url\" content=\"https:\/\/www.culiair.be\/fr\/experiences-uniques\/\" \/>\n<meta property=\"og:site_name\" content=\"CuliAir\" \/>\n<meta property=\"article:modified_time\" content=\"2025-05-17T03:19:38+00:00\" \/>\n<meta property=\"og:image\" content=\"https:\/\/www.culiair.be\/wp-content\/uploads\/2022\/06\/Diner-luchtballon-langoustine-daglelie-citrusdressing-scaled.jpeg\" \/>\n\t<meta property=\"og:image:width\" content=\"2475\" \/>\n\t<meta property=\"og:image:height\" content=\"2560\" \/>\n\t<meta property=\"og:image:type\" content=\"image\/jpeg\" \/>\n<meta name=\"twitter:card\" content=\"summary_large_image\" \/>\n<meta name=\"twitter:label1\" content=\"Dur\u00e9e de lecture estim\u00e9e\" \/>\n\t<meta name=\"twitter:data1\" content=\"5 minutes\" \/>\n<script type=\"application\/ld+json\" class=\"yoast-schema-graph\">{\"@context\":\"https:\\\/\\\/schema.org\",\"@graph\":[{\"@type\":\"WebPage\",\"@id\":\"https:\\\/\\\/www.culiair.be\\\/fr\\\/experiences-uniques\\\/\",\"url\":\"https:\\\/\\\/www.culiair.be\\\/fr\\\/experiences-uniques\\\/\",\"name\":\"Exp\u00e9riences Uniques : Cr\u00e9ez des Souvenirs Inoubliables\",\"isPartOf\":{\"@id\":\"https:\\\/\\\/www.culiair.be\\\/#website\"},\"primaryImageOfPage\":{\"@id\":\"https:\\\/\\\/www.culiair.be\\\/fr\\\/experiences-uniques\\\/#primaryimage\"},\"image\":{\"@id\":\"https:\\\/\\\/www.culiair.be\\\/fr\\\/experiences-uniques\\\/#primaryimage\"},\"thumbnailUrl\":\"https:\\\/\\\/www.culiair.be\\\/wp-content\\\/uploads\\\/2022\\\/06\\\/Diner-luchtballon-langoustine-daglelie-citrusdressing-990x1024.jpeg\",\"datePublished\":\"2025-05-10T15:43:07+00:00\",\"dateModified\":\"2025-05-17T03:19:38+00:00\",\"description\":\"Exp\u00e9riences uniques : vivez les moments les plus extraordinaires qui transformeront votre vie et enrichiront vos souvenirs...\",\"breadcrumb\":{\"@id\":\"https:\\\/\\\/www.culiair.be\\\/fr\\\/experiences-uniques\\\/#breadcrumb\"},\"inLanguage\":\"fr-FR\",\"potentialAction\":[{\"@type\":\"ReadAction\",\"target\":[\"https:\\\/\\\/www.culiair.be\\\/fr\\\/experiences-uniques\\\/\"]}]},{\"@type\":\"ImageObject\",\"inLanguage\":\"fr-FR\",\"@id\":\"https:\\\/\\\/www.culiair.be\\\/fr\\\/experiences-uniques\\\/#primaryimage\",\"url\":\"https:\\\/\\\/www.culiair.be\\\/wp-content\\\/uploads\\\/2022\\\/06\\\/Diner-luchtballon-langoustine-daglelie-citrusdressing-990x1024.jpeg\",\"contentUrl\":\"https:\\\/\\\/www.culiair.be\\\/wp-content\\\/uploads\\\/2022\\\/06\\\/Diner-luchtballon-langoustine-daglelie-citrusdressing-990x1024.jpeg\"},{\"@type\":\"BreadcrumbList\",\"@id\":\"https:\\\/\\\/www.culiair.be\\\/fr\\\/experiences-uniques\\\/#breadcrumb\",\"itemListElement\":[{\"@type\":\"ListItem\",\"position\":1,\"name\":\"Home\",\"item\":\"https:\\\/\\\/www.culiair.be\\\/fr\\\/\"},{\"@type\":\"ListItem\",\"position\":2,\"name\":\"Exp\u00e9riences Uniques\"}]},{\"@type\":\"WebSite\",\"@id\":\"https:\\\/\\\/www.culiair.be\\\/#website\",\"url\":\"https:\\\/\\\/www.culiair.be\\\/\",\"name\":\"CuliAir\",\"description\":\"Luchtballonrestaurant\",\"potentialAction\":[{\"@type\":\"SearchAction\",\"target\":{\"@type\":\"EntryPoint\",\"urlTemplate\":\"https:\\\/\\\/www.culiair.be\\\/?s={search_term_string}\"},\"query-input\":{\"@type\":\"PropertyValueSpecification\",\"valueRequired\":true,\"valueName\":\"search_term_string\"}}],\"inLanguage\":\"fr-FR\"}]}<\/script>\n<!-- \/ Yoast SEO plugin. -->","yoast_head_json":{"title":"Exp\u00e9riences Uniques : Cr\u00e9ez des Souvenirs Inoubliables","description":"Exp\u00e9riences uniques : vivez les moments les plus extraordinaires qui transformeront votre vie et enrichiront vos souvenirs...","robots":{"index":"index","follow":"follow","max-snippet":"max-snippet:-1","max-image-preview":"max-image-preview:large","max-video-preview":"max-video-preview:-1"},"canonical":"https:\/\/www.culiair.be\/fr\/experiences-uniques\/","og_locale":"fr_FR","og_type":"article","og_title":"Exp\u00e9riences Uniques : Cr\u00e9ez des Souvenirs Inoubliables","og_description":"Exp\u00e9riences uniques : vivez les moments les plus extraordinaires qui transformeront votre vie et enrichiront vos souvenirs...","og_url":"https:\/\/www.culiair.be\/fr\/experiences-uniques\/","og_site_name":"CuliAir","article_modified_time":"2025-05-17T03:19:38+00:00","og_image":[{"width":2475,"height":2560,"url":"https:\/\/www.culiair.be\/wp-content\/uploads\/2022\/06\/Diner-luchtballon-langoustine-daglelie-citrusdressing-scaled.jpeg","type":"image\/jpeg"}],"twitter_card":"summary_large_image","twitter_misc":{"Dur\u00e9e de lecture estim\u00e9e":"5 minutes"},"schema":{"@context":"https:\/\/schema.org","@graph":[{"@type":"WebPage","@id":"https:\/\/www.culiair.be\/fr\/experiences-uniques\/","url":"https:\/\/www.culiair.be\/fr\/experiences-uniques\/","name":"Exp\u00e9riences Uniques : Cr\u00e9ez des Souvenirs Inoubliables","isPartOf":{"@id":"https:\/\/www.culiair.be\/#website"},"primaryImageOfPage":{"@id":"https:\/\/www.culiair.be\/fr\/experiences-uniques\/#primaryimage"},"image":{"@id":"https:\/\/www.culiair.be\/fr\/experiences-uniques\/#primaryimage"},"thumbnailUrl":"https:\/\/www.culiair.be\/wp-content\/uploads\/2022\/06\/Diner-luchtballon-langoustine-daglelie-citrusdressing-990x1024.jpeg","datePublished":"2025-05-10T15:43:07+00:00","dateModified":"2025-05-17T03:19:38+00:00","description":"Exp\u00e9riences uniques : vivez les moments les plus extraordinaires qui transformeront votre vie et enrichiront vos souvenirs...","breadcrumb":{"@id":"https:\/\/www.culiair.be\/fr\/experiences-uniques\/#breadcrumb"},"inLanguage":"fr-FR","potentialAction":[{"@type":"ReadAction","target":["https:\/\/www.culiair.be\/fr\/experiences-uniques\/"]}]},{"@type":"ImageObject","inLanguage":"fr-FR","@id":"https:\/\/www.culiair.be\/fr\/experiences-uniques\/#primaryimage","url":"https:\/\/www.culiair.be\/wp-content\/uploads\/2022\/06\/Diner-luchtballon-langoustine-daglelie-citrusdressing-990x1024.jpeg","contentUrl":"https:\/\/www.culiair.be\/wp-content\/uploads\/2022\/06\/Diner-luchtballon-langoustine-daglelie-citrusdressing-990x1024.jpeg"},{"@type":"BreadcrumbList","@id":"https:\/\/www.culiair.be\/fr\/experiences-uniques\/#breadcrumb","itemListElement":[{"@type":"ListItem","position":1,"name":"Home","item":"https:\/\/www.culiair.be\/fr\/"},{"@type":"ListItem","position":2,"name":"Exp\u00e9riences Uniques"}]},{"@type":"WebSite","@id":"https:\/\/www.culiair.be\/#website","url":"https:\/\/www.culiair.be\/","name":"CuliAir","description":"Luchtballonrestaurant","potentialAction":[{"@type":"SearchAction","target":{"@type":"EntryPoint","urlTemplate":"https:\/\/www.culiair.be\/?s={search_term_string}"},"query-input":{"@type":"PropertyValueSpecification","valueRequired":true,"valueName":"search_term_string"}}],"inLanguage":"fr-FR"}]}},"_links":{"self":[{"href":"https:\/\/www.culiair.be\/fr\/wp-json\/wp\/v2\/pages\/26074","targetHints":{"allow":["GET"]}}],"collection":[{"href":"https:\/\/www.culiair.be\/fr\/wp-json\/wp\/v2\/pages"}],"about":[{"href":"https:\/\/www.culiair.be\/fr\/wp-json\/wp\/v2\/types\/page"}],"author":[{"embeddable":true,"href":"https:\/\/www.culiair.be\/fr\/wp-json\/wp\/v2\/users\/6"}],"replies":[{"embeddable":true,"href":"https:\/\/www.culiair.be\/fr\/wp-json\/wp\/v2\/comments?post=26074"}],"version-history":[{"count":2,"href":"https:\/\/www.culiair.be\/fr\/wp-json\/wp\/v2\/pages\/26074\/revisions"}],"predecessor-version":[{"id":26080,"href":"https:\/\/www.culiair.be\/fr\/wp-json\/wp\/v2\/pages\/26074\/revisions\/26080"}],"wp:attachment":[{"href":"https:\/\/www.culiair.be\/fr\/wp-json\/wp\/v2\/media?parent=26074"}],"curies":[{"name":"wp","href":"https:\/\/api.w.org\/{rel}","templated":true}]}}