{"id":26088,"date":"2025-05-10T16:58:17","date_gmt":"2025-05-10T14:58:17","guid":{"rendered":"https:\/\/www.culiair.nl\/culinaire-trends-2025\/"},"modified":"2025-05-17T05:37:36","modified_gmt":"2025-05-17T03:37:36","slug":"tendances-culinaires-2025","status":"publish","type":"page","link":"https:\/\/www.culiair.be\/fr\/tendances-culinaires-2025\/","title":{"rendered":"Tendances Culinaires 2025 : Nouvelles Fa\u00e7ons de D\u00eener et d&rsquo;Exp\u00e9rimenter"},"content":{"rendered":"<p class=\"\" data-start=\"54\" data-end=\"614\">Les tendances culinaires de 2025 ne se contentent pas d&rsquo;introduire de nouvelles saveurs, mais aussi de nouvelles fa\u00e7ons de manger et d&rsquo;exp\u00e9rimenter. Il ne s&rsquo;agit pas seulement de ce qu&rsquo;il y a dans votre assiette, mais de l&rsquo;exp\u00e9rience, de l&rsquo;environnement et de l&rsquo;aventure qui l&rsquo;accompagnent. Dans ce contexte, CuliAir, le seul restaurant en montgolfi\u00e8re au monde, est un exemple parfait de la mani\u00e8re dont les exp\u00e9riences culinaires atteindront de nouveaux sommets dans les ann\u00e9es \u00e0 venir. En 2025, d\u00eener dans les airs, \u00e0 grande hauteur et dans un cadre unique, deviendra la norme pour ceux qui recherchent une exp\u00e9rience sans pareille.<\/p>\n<p data-start=\"54\" data-end=\"614\"><a href=\"https:\/\/www.culiair.be\/wp-content\/uploads\/2023\/10\/2023-Skydining-CuliAir-Artichokes-scaled.jpg\"><img loading=\"lazy\" decoding=\"async\" class=\"alignnone size-large wp-image-22423\" src=\"https:\/\/www.culiair.be\/wp-content\/uploads\/2023\/10\/2023-Skydining-CuliAir-Artichokes-1024x683.jpg\" alt=\"\" width=\"900\" height=\"600\" srcset=\"https:\/\/www.culiair.be\/wp-content\/uploads\/2023\/10\/2023-Skydining-CuliAir-Artichokes-1024x683.jpg 1024w, https:\/\/www.culiair.be\/wp-content\/uploads\/2023\/10\/2023-Skydining-CuliAir-Artichokes-300x200.jpg 300w, https:\/\/www.culiair.be\/wp-content\/uploads\/2023\/10\/2023-Skydining-CuliAir-Artichokes-768x512.jpg 768w, https:\/\/www.culiair.be\/wp-content\/uploads\/2023\/10\/2023-Skydining-CuliAir-Artichokes-1536x1024.jpg 1536w, https:\/\/www.culiair.be\/wp-content\/uploads\/2023\/10\/2023-Skydining-CuliAir-Artichokes-2048x1365.jpg 2048w, https:\/\/www.culiair.be\/wp-content\/uploads\/2023\/10\/2023-Skydining-CuliAir-Artichokes-1400x933.jpg 1400w, https:\/\/www.culiair.be\/wp-content\/uploads\/2023\/10\/2023-Skydining-CuliAir-Artichokes-800x533.jpg 800w, https:\/\/www.culiair.be\/wp-content\/uploads\/2023\/10\/2023-Skydining-CuliAir-Artichokes-500x333.jpg 500w, https:\/\/www.culiair.be\/wp-content\/uploads\/2023\/10\/2023-Skydining-CuliAir-Artichokes-700x467.jpg 700w\" sizes=\"auto, (max-width: 900px) 100vw, 900px\" \/><\/a><\/p>\n<h2 data-start=\"616\" data-end=\"655\">Aventure Culinaire \u00e0 2 Kilom\u00e8tres de Hauteur<\/h2>\n<p class=\"\" data-start=\"657\" data-end=\"1149\">La premi\u00e8re tendance que nous voyons en 2025 est la popularit\u00e9 croissante du <em data-start=\"731\" data-end=\"752\">d\u00eener dans les airs<\/em>. CuliAir offre cette exp\u00e9rience unique depuis 2003 : d\u00eener dans une montgolfi\u00e8re \u00e0 une hauteur allant jusqu&rsquo;\u00e0 2,5 kilom\u00e8tres. Alors que vous montez doucement dans les airs, vous \u00eates servi avec une aventure culinaire qui stimule vos sens. La beaut\u00e9 du paysage et l&rsquo;environnement unique offrent une exp\u00e9rience \u00e0 couper le souffle pendant que vous d\u00e9gustez un d\u00eener gastronomique pr\u00e9par\u00e9 par un chef ma\u00eetre.<\/p>\n<p class=\"\" data-start=\"1151\" data-end=\"1594\">CuliAir offre plus qu&rsquo;un simple repas ; c&rsquo;est une exp\u00e9rience totale. La montgolfi\u00e8re offre non seulement une fa\u00e7on unique de cuisiner, mais aussi une mani\u00e8re de manger qui est intrins\u00e8quement li\u00e9e \u00e0 l&rsquo;aventure du vol lui-m\u00eame. Le d\u00eener est servi avec pour toile de fond les Pays-Bas comme vous ne les avez jamais vus, avec des prairies \u00e9tendues, des villages pittoresques et des rivi\u00e8res qui glissent pendant que vous savourez chaque plat.<\/p>\n<h2 data-start=\"1596\" data-end=\"1648\">Innovation en Cuisine : La Montgolfi\u00e8re comme Four \u00e0 Air Chaud<\/h2>\n<p class=\"\" data-start=\"1650\" data-end=\"2146\">Ce qui rend CuliAir si sp\u00e9cial, c&rsquo;est la mani\u00e8re innovante de cuisiner. La montgolfi\u00e8re sert de four \u00e0 air chaud, o\u00f9 la chaleur de l&rsquo;air est utilis\u00e9e pour cuire les plats \u00e0 basse temp\u00e9rature. Cela permet de cuire lentement le poisson, la viande et la volaille tout en pr\u00e9servant parfaitement les ar\u00f4mes. L&rsquo;id\u00e9e peut sembler futuriste, mais c&rsquo;est une technique qui influencera encore davantage le monde culinaire en 2025 : cuisiner avec l&rsquo;environnement comme source d&rsquo;\u00e9nergie.<\/p>\n<p class=\"\" data-start=\"2148\" data-end=\"2530\">Les plats sont hiss\u00e9s dans des paniers sp\u00e9cialement con\u00e7us jusqu&rsquo;au sommet du ballon, o\u00f9 ils cuisent lentement dans l&rsquo;air chaud. Cela cr\u00e9e une saveur et une texture uniques que les m\u00e9thodes de cuisson traditionnelles ne peuvent pas offrir. Pensez, par exemple, \u00e0 du bar de mer cuit lentement \u00e0 la perfection, avec une sauce Bouillabaisse d\u00e9licate et des garnitures soigneusement s\u00e9lectionn\u00e9es.<\/p>\n<p> <iframe loading=\"lazy\" title=\"Bar royal pr\u00e9par\u00e9 \u00e0 la chaleur du ballon | CuliAir SkyDining\" src=\"https:\/\/www.youtube.com\/embed\/8NcM14HmrT4\" width=\"433\" height=\"769\" frameborder=\"0\" allowfullscreen=\"allowfullscreen\"><\/iframe> <\/p>\n<h2 data-start=\"2532\" data-end=\"2562\">D\u00eener Priv\u00e9 en Haute Altitude<\/h2>\n<p class=\"\" data-start=\"2564\" data-end=\"3035\">En 2025, la demande pour des <a href=\"https:\/\/www.culiair.be\/nieuws\/ultieme-private-dining\/\"><em data-start=\"2590\" data-end=\"2606\"><span style=\"color: #ff6600;\">d\u00eeners priv\u00e9s<\/span><\/em><\/a> dans des cadres exclusifs continuera d&rsquo;augmenter. Le besoin de profiter d&rsquo;un repas sans \u00eatre d\u00e9rang\u00e9 par d&rsquo;autres invit\u00e9s est plus grand que jamais. CuliAir r\u00e9pond parfaitement \u00e0 cette tendance en offrant la possibilit\u00e9 de d\u00eener dans une montgolfi\u00e8re enti\u00e8rement <a href=\"https:\/\/www.culiair.be\/nieuws\/prive-vip-ballonvaart-arrangement\/\"><span style=\"color: #ff6600;\">priv\u00e9e<\/span><\/a> pour votre groupe. Cela en fait une option id\u00e9ale pour une escapade romantique, un \u00e9v\u00e9nement d&rsquo;entreprise ou une occasion sp\u00e9ciale avec des amis et de la famille.<\/p>\n<p class=\"\" data-start=\"3037\" data-end=\"3444\">Pendant le vol en montgolfi\u00e8re, vous \u00eates entour\u00e9 par la nature et la vue majestueuse, sans avoir \u00e0 vous soucier des autres d\u00eeneurs ou des distractions externes. Les personnes \u00e0 bord se composent uniquement de vous et de votre groupe, ce qui rend l&rsquo;exp\u00e9rience encore plus intime. L&rsquo;intimit\u00e9 et la vue \u00e0 couper le souffle cr\u00e9ent ensemble l&rsquo;atmosph\u00e8re parfaite pour un d\u00eener culinaire que vous n&rsquo;oublierez pas de sit\u00f4t.<\/p>\n<h2 data-start=\"3446\" data-end=\"3490\">Fine Dining dans les Airs : Une Nouvelle Dimension<\/h2>\n<p class=\"\" data-start=\"3492\" data-end=\"3910\">Le Fine Dining est une tendance qui ne dispara\u00eetra certainement pas en 2025, mais le cadre et la mani\u00e8re dont il est pr\u00e9sent\u00e9 vont changer de mani\u00e8re significative. CuliAir am\u00e8ne le Fine Dining dans une nouvelle dimension en le combinant avec l&rsquo;exp\u00e9rience ultime de d\u00eener \u00e0 grande hauteur. Le d\u00eener n&rsquo;est pas seulement servi dans un lieu magnifique, mais les plats eux-m\u00eames sont pr\u00e9par\u00e9s dans un environnement unique : la montgolfi\u00e8re.<\/p>\n<p class=\"\" data-start=\"3912\" data-end=\"4385\">Les ingr\u00e9dients des repas sont de la plus haute qualit\u00e9, et cuisiner de cette mani\u00e8re unique met en valeur l&rsquo;attention aux d\u00e9tails qui accompagne le Fine Dining. Pendant que vous admirez la vue, vous \u00eates trait\u00e9 avec des cr\u00e9ations culinaires sp\u00e9cialement pr\u00e9par\u00e9es pour vous par un chef ma\u00eetre. La qualit\u00e9 culinaire des plats reste l&rsquo;\u00e9l\u00e9ment le plus important, mais l&rsquo;environnement dans les airs en fait une exp\u00e9rience inoubliable qui d\u00e9passe le simple repas.<\/p>\n<h2 data-start=\"4387\" data-end=\"4439\">Tendances Culinaires pour \u00c9v\u00e9nements Professionnels et Priv\u00e9s<\/h2>\n<p class=\"\" data-start=\"4441\" data-end=\"4927\">La tendance culinaire de 2025 se concentrera \u00e9galement sur la cr\u00e9ation d&rsquo;exp\u00e9riences inoubliables pour les \u00e9v\u00e9nements professionnels et priv\u00e9s. Par exemple, CuliAir offre la possibilit\u00e9 de louer un vol en montgolfi\u00e8re pour un \u00e9v\u00e9nement d&rsquo;entreprise, une sortie de team-building ou m\u00eame un lancement de produit. C&rsquo;est un moyen id\u00e9al de pr\u00e9senter votre entreprise de mani\u00e8re innovante et spectaculaire, tout en offrant \u00e0 vos invit\u00e9s une exp\u00e9rience culinaire qui leur restera longtemps en m\u00e9moire.<\/p>\n<p class=\"\" data-start=\"4929\" data-end=\"5344\">Les \u00e9v\u00e9nements priv\u00e9s, comme les demandes en mariage, les anniversaires ou les f\u00eates d&rsquo;anniversaire, peuvent \u00e9galement prendre une toute nouvelle dimension avec un d\u00eener en montgolfi\u00e8re. Quoi de plus romantique que de d\u00eener avec votre bien-aim\u00e9 tout en flottant au-dessus des nuages ? Ou que diriez-vous de c\u00e9l\u00e9brer une occasion sp\u00e9ciale avec vos amis ou votre famille, tout en vivant un d\u00eener gastronomique dans un cadre unique et intime ?<\/p>\n<h2 data-start=\"6084\" data-end=\"6129\">Exp\u00e9rience Culinaire en Grande Hauteur<\/h2>\n<p class=\"\" data-start=\"6131\" data-end=\"6630\">Les tendances culinaires de 2025 vont au-del\u00e0 de la simple nourriture \u2013 elles concernent l&rsquo;exp\u00e9rience. CuliAir offre une exp\u00e9rience unique qui stimule tous les sens, de la vue \u00e0 couper le souffle aux techniques de cuisson innovantes et \u00e0 l&rsquo;ambiance de <a href=\"https:\/\/www.culiair.be\/nieuws\/ultieme-private-dining\/\"><span style=\"color: #ff6600;\">d\u00eener priv\u00e9<\/span><\/a>. D\u00eener en grande hauteur deviendra la norme pour ceux qui recherchent quelque chose d&rsquo;exclusif et de sp\u00e9cial. Que ce soit pour un <span style=\"color: #ff6600;\"><a style=\"color: #ff6600;\" href=\"https:\/\/www.culiair.be\/prive-arrangement-ballonvaart\/\">\u00e9v\u00e9nement professionnel<\/a><\/span>, un <span style=\"color: #ff6600;\"><a style=\"color: #ff6600;\" href=\"https:\/\/www.culiair.be\/nieuws\/prive-vip-ballonvaart-arrangement\/\">groupe priv\u00e9<\/a><\/span>, ou une occasion sp\u00e9ciale, CuliAir offre l&rsquo;ultime exp\u00e9rience culinaire dans les airs.<\/p>\n","protected":false},"excerpt":{"rendered":"<p>Les tendances culinaires de 2025 ne se contentent pas d&rsquo;introduire de nouvelles saveurs, mais aussi de nouvelles fa\u00e7ons de manger et d&rsquo;exp\u00e9rimenter. Il ne s&rsquo;agit pas seulement de ce qu&rsquo;il y a dans votre assiette, mais de l&rsquo;exp\u00e9rience, de l&rsquo;environnement et de l&rsquo;aventure qui l&rsquo;accompagnent. Dans ce contexte, CuliAir, le seul restaurant en montgolfi\u00e8re au monde, est un exemple parfait de la mani\u00e8re dont les exp\u00e9riences culinaires atteindront de nouveaux sommets dans les ann\u00e9es \u00e0 venir. En 2025, d\u00eener dans [&hellip;]<\/p>\n","protected":false},"author":6,"featured_media":0,"parent":0,"menu_order":0,"comment_status":"closed","ping_status":"closed","template":"","meta":{"footnotes":""},"class_list":["post-26088","page","type-page","status-publish","hentry"],"yoast_head":"<!-- This site is optimized with the Yoast SEO plugin v27.3 - https:\/\/yoast.com\/product\/yoast-seo-wordpress\/ -->\n<title>Tendances Culinaires 2025 : Nouvelles Fa\u00e7ons de D\u00eener et d&#039;Exp\u00e9rimenter<\/title>\n<meta name=\"description\" content=\"Les tendances culinaires de 2025 apportent de nouvelles fa\u00e7ons de d\u00eener, de la cuisine avec l&#039;environnement aux exp\u00e9riences culinaires uniques en grande hauteur...\" \/>\n<meta name=\"robots\" content=\"index, follow, max-snippet:-1, max-image-preview:large, max-video-preview:-1\" \/>\n<link rel=\"canonical\" href=\"https:\/\/www.culiair.be\/fr\/tendances-culinaires-2025\/\" \/>\n<meta property=\"og:locale\" content=\"fr_FR\" \/>\n<meta property=\"og:type\" content=\"article\" \/>\n<meta property=\"og:title\" content=\"Tendances Culinaires 2025 : Nouvelles Fa\u00e7ons de D\u00eener et d&#039;Exp\u00e9rimenter\" \/>\n<meta property=\"og:description\" content=\"Les tendances culinaires de 2025 apportent de nouvelles fa\u00e7ons de d\u00eener, de la cuisine avec l&#039;environnement aux exp\u00e9riences culinaires uniques en grande hauteur...\" \/>\n<meta property=\"og:url\" content=\"https:\/\/www.culiair.be\/fr\/tendances-culinaires-2025\/\" \/>\n<meta property=\"og:site_name\" content=\"CuliAir\" \/>\n<meta property=\"article:modified_time\" content=\"2025-05-17T03:37:36+00:00\" \/>\n<meta property=\"og:image\" content=\"https:\/\/www.culiair.be\/wp-content\/uploads\/2023\/10\/2023-Skydining-CuliAir-Artichokes-scaled.jpg\" \/>\n\t<meta property=\"og:image:width\" content=\"2560\" \/>\n\t<meta property=\"og:image:height\" content=\"1707\" \/>\n\t<meta property=\"og:image:type\" content=\"image\/jpeg\" \/>\n<meta name=\"twitter:card\" content=\"summary_large_image\" \/>\n<meta name=\"twitter:label1\" content=\"Dur\u00e9e de lecture estim\u00e9e\" \/>\n\t<meta name=\"twitter:data1\" content=\"5 minutes\" \/>\n<script type=\"application\/ld+json\" class=\"yoast-schema-graph\">{\"@context\":\"https:\\\/\\\/schema.org\",\"@graph\":[{\"@type\":\"WebPage\",\"@id\":\"https:\\\/\\\/www.culiair.be\\\/fr\\\/tendances-culinaires-2025\\\/\",\"url\":\"https:\\\/\\\/www.culiair.be\\\/fr\\\/tendances-culinaires-2025\\\/\",\"name\":\"Tendances Culinaires 2025 : Nouvelles Fa\u00e7ons de D\u00eener et d'Exp\u00e9rimenter\",\"isPartOf\":{\"@id\":\"https:\\\/\\\/www.culiair.be\\\/#website\"},\"primaryImageOfPage\":{\"@id\":\"https:\\\/\\\/www.culiair.be\\\/fr\\\/tendances-culinaires-2025\\\/#primaryimage\"},\"image\":{\"@id\":\"https:\\\/\\\/www.culiair.be\\\/fr\\\/tendances-culinaires-2025\\\/#primaryimage\"},\"thumbnailUrl\":\"https:\\\/\\\/www.culiair.be\\\/wp-content\\\/uploads\\\/2023\\\/10\\\/2023-Skydining-CuliAir-Artichokes-1024x683.jpg\",\"datePublished\":\"2025-05-10T14:58:17+00:00\",\"dateModified\":\"2025-05-17T03:37:36+00:00\",\"description\":\"Les tendances culinaires de 2025 apportent de nouvelles fa\u00e7ons de d\u00eener, de la cuisine avec l'environnement aux exp\u00e9riences culinaires uniques en grande hauteur...\",\"breadcrumb\":{\"@id\":\"https:\\\/\\\/www.culiair.be\\\/fr\\\/tendances-culinaires-2025\\\/#breadcrumb\"},\"inLanguage\":\"fr-FR\",\"potentialAction\":[{\"@type\":\"ReadAction\",\"target\":[\"https:\\\/\\\/www.culiair.be\\\/fr\\\/tendances-culinaires-2025\\\/\"]}]},{\"@type\":\"ImageObject\",\"inLanguage\":\"fr-FR\",\"@id\":\"https:\\\/\\\/www.culiair.be\\\/fr\\\/tendances-culinaires-2025\\\/#primaryimage\",\"url\":\"https:\\\/\\\/www.culiair.be\\\/wp-content\\\/uploads\\\/2023\\\/10\\\/2023-Skydining-CuliAir-Artichokes-1024x683.jpg\",\"contentUrl\":\"https:\\\/\\\/www.culiair.be\\\/wp-content\\\/uploads\\\/2023\\\/10\\\/2023-Skydining-CuliAir-Artichokes-1024x683.jpg\"},{\"@type\":\"BreadcrumbList\",\"@id\":\"https:\\\/\\\/www.culiair.be\\\/fr\\\/tendances-culinaires-2025\\\/#breadcrumb\",\"itemListElement\":[{\"@type\":\"ListItem\",\"position\":1,\"name\":\"Home\",\"item\":\"https:\\\/\\\/www.culiair.be\\\/fr\\\/\"},{\"@type\":\"ListItem\",\"position\":2,\"name\":\"Tendances Culinaires 2025 : Nouvelles Fa\u00e7ons de D\u00eener et d&#8217;Exp\u00e9rimenter\"}]},{\"@type\":\"WebSite\",\"@id\":\"https:\\\/\\\/www.culiair.be\\\/#website\",\"url\":\"https:\\\/\\\/www.culiair.be\\\/\",\"name\":\"CuliAir\",\"description\":\"Luchtballonrestaurant\",\"potentialAction\":[{\"@type\":\"SearchAction\",\"target\":{\"@type\":\"EntryPoint\",\"urlTemplate\":\"https:\\\/\\\/www.culiair.be\\\/?s={search_term_string}\"},\"query-input\":{\"@type\":\"PropertyValueSpecification\",\"valueRequired\":true,\"valueName\":\"search_term_string\"}}],\"inLanguage\":\"fr-FR\"}]}<\/script>\n<!-- \/ Yoast SEO plugin. -->","yoast_head_json":{"title":"Tendances Culinaires 2025 : Nouvelles Fa\u00e7ons de D\u00eener et d'Exp\u00e9rimenter","description":"Les tendances culinaires de 2025 apportent de nouvelles fa\u00e7ons de d\u00eener, de la cuisine avec l'environnement aux exp\u00e9riences culinaires uniques en grande hauteur...","robots":{"index":"index","follow":"follow","max-snippet":"max-snippet:-1","max-image-preview":"max-image-preview:large","max-video-preview":"max-video-preview:-1"},"canonical":"https:\/\/www.culiair.be\/fr\/tendances-culinaires-2025\/","og_locale":"fr_FR","og_type":"article","og_title":"Tendances Culinaires 2025 : Nouvelles Fa\u00e7ons de D\u00eener et d'Exp\u00e9rimenter","og_description":"Les tendances culinaires de 2025 apportent de nouvelles fa\u00e7ons de d\u00eener, de la cuisine avec l'environnement aux exp\u00e9riences culinaires uniques en grande hauteur...","og_url":"https:\/\/www.culiair.be\/fr\/tendances-culinaires-2025\/","og_site_name":"CuliAir","article_modified_time":"2025-05-17T03:37:36+00:00","og_image":[{"width":2560,"height":1707,"url":"https:\/\/www.culiair.be\/wp-content\/uploads\/2023\/10\/2023-Skydining-CuliAir-Artichokes-scaled.jpg","type":"image\/jpeg"}],"twitter_card":"summary_large_image","twitter_misc":{"Dur\u00e9e de lecture estim\u00e9e":"5 minutes"},"schema":{"@context":"https:\/\/schema.org","@graph":[{"@type":"WebPage","@id":"https:\/\/www.culiair.be\/fr\/tendances-culinaires-2025\/","url":"https:\/\/www.culiair.be\/fr\/tendances-culinaires-2025\/","name":"Tendances Culinaires 2025 : Nouvelles Fa\u00e7ons de D\u00eener et d'Exp\u00e9rimenter","isPartOf":{"@id":"https:\/\/www.culiair.be\/#website"},"primaryImageOfPage":{"@id":"https:\/\/www.culiair.be\/fr\/tendances-culinaires-2025\/#primaryimage"},"image":{"@id":"https:\/\/www.culiair.be\/fr\/tendances-culinaires-2025\/#primaryimage"},"thumbnailUrl":"https:\/\/www.culiair.be\/wp-content\/uploads\/2023\/10\/2023-Skydining-CuliAir-Artichokes-1024x683.jpg","datePublished":"2025-05-10T14:58:17+00:00","dateModified":"2025-05-17T03:37:36+00:00","description":"Les tendances culinaires de 2025 apportent de nouvelles fa\u00e7ons de d\u00eener, de la cuisine avec l'environnement aux exp\u00e9riences culinaires uniques en grande hauteur...","breadcrumb":{"@id":"https:\/\/www.culiair.be\/fr\/tendances-culinaires-2025\/#breadcrumb"},"inLanguage":"fr-FR","potentialAction":[{"@type":"ReadAction","target":["https:\/\/www.culiair.be\/fr\/tendances-culinaires-2025\/"]}]},{"@type":"ImageObject","inLanguage":"fr-FR","@id":"https:\/\/www.culiair.be\/fr\/tendances-culinaires-2025\/#primaryimage","url":"https:\/\/www.culiair.be\/wp-content\/uploads\/2023\/10\/2023-Skydining-CuliAir-Artichokes-1024x683.jpg","contentUrl":"https:\/\/www.culiair.be\/wp-content\/uploads\/2023\/10\/2023-Skydining-CuliAir-Artichokes-1024x683.jpg"},{"@type":"BreadcrumbList","@id":"https:\/\/www.culiair.be\/fr\/tendances-culinaires-2025\/#breadcrumb","itemListElement":[{"@type":"ListItem","position":1,"name":"Home","item":"https:\/\/www.culiair.be\/fr\/"},{"@type":"ListItem","position":2,"name":"Tendances Culinaires 2025 : Nouvelles Fa\u00e7ons de D\u00eener et d&#8217;Exp\u00e9rimenter"}]},{"@type":"WebSite","@id":"https:\/\/www.culiair.be\/#website","url":"https:\/\/www.culiair.be\/","name":"CuliAir","description":"Luchtballonrestaurant","potentialAction":[{"@type":"SearchAction","target":{"@type":"EntryPoint","urlTemplate":"https:\/\/www.culiair.be\/?s={search_term_string}"},"query-input":{"@type":"PropertyValueSpecification","valueRequired":true,"valueName":"search_term_string"}}],"inLanguage":"fr-FR"}]}},"_links":{"self":[{"href":"https:\/\/www.culiair.be\/fr\/wp-json\/wp\/v2\/pages\/26088","targetHints":{"allow":["GET"]}}],"collection":[{"href":"https:\/\/www.culiair.be\/fr\/wp-json\/wp\/v2\/pages"}],"about":[{"href":"https:\/\/www.culiair.be\/fr\/wp-json\/wp\/v2\/types\/page"}],"author":[{"embeddable":true,"href":"https:\/\/www.culiair.be\/fr\/wp-json\/wp\/v2\/users\/6"}],"replies":[{"embeddable":true,"href":"https:\/\/www.culiair.be\/fr\/wp-json\/wp\/v2\/comments?post=26088"}],"version-history":[{"count":2,"href":"https:\/\/www.culiair.be\/fr\/wp-json\/wp\/v2\/pages\/26088\/revisions"}],"predecessor-version":[{"id":26097,"href":"https:\/\/www.culiair.be\/fr\/wp-json\/wp\/v2\/pages\/26088\/revisions\/26097"}],"wp:attachment":[{"href":"https:\/\/www.culiair.be\/fr\/wp-json\/wp\/v2\/media?parent=26088"}],"curies":[{"name":"wp","href":"https:\/\/api.w.org\/{rel}","templated":true}]}}