{"id":26106,"date":"2025-05-06T17:27:37","date_gmt":"2025-05-06T15:27:37","guid":{"rendered":"https:\/\/www.culiair.nl\/unieke-beleving\/"},"modified":"2025-05-17T17:08:59","modified_gmt":"2025-05-17T15:08:59","slug":"experience-unique","status":"publish","type":"page","link":"https:\/\/www.culiair.be\/fr\/experience-unique\/","title":{"rendered":"Exp\u00e9rience Unique : D\u00eener Entre Les Nuages Chez CuliAir"},"content":{"rendered":"<h1 data-start=\"56\" data-end=\"551\"><strong>Exp\u00e9rience unique : D\u00eener entre les nuages chez CuliAir<\/strong><\/h1>\n<p class=\"\" data-start=\"56\" data-end=\"551\">Dans un monde de plus en plus ax\u00e9 sur la rapidit\u00e9, l&rsquo;efficacit\u00e9 et des exp\u00e9riences superficielles, trouver une exp\u00e9rience vraiment unique est une occasion rare et pr\u00e9cieuse. Qu&rsquo;est-ce qui rend une exp\u00e9rience v\u00e9ritablement unique ? Est-ce l&#8217;emplacement, la compagnie, l&rsquo;activit\u00e9 elle-m\u00eame, ou peut-\u00eatre le sentiment d&rsquo;avoir v\u00e9cu quelque chose que vous n&rsquo;oublierez jamais ? Les exp\u00e9riences uniques sont souvent ces moments qui transcendent l&rsquo;ordinaire et vous transportent dans un autre monde, o\u00f9 vous sortez un instant de vous-m\u00eame.<\/p>\n<h2 data-start=\"553\" data-end=\"589\">Le Pouvoir d\u2019un Lieu Sp\u00e9cial<\/h2>\n<p class=\"\" data-start=\"591\" data-end=\"1123\">L&rsquo;un des facteurs cl\u00e9s qui contribuent \u00e0 une exp\u00e9rience unique est l&#8217;emplacement. Imaginez d\u00eener dans un restaurant situ\u00e9 dans une montgolfi\u00e8re, flottant au-dessus des vastes paysages n\u00e9erlandais. L&rsquo;air est frais, la vue \u00e0 couper le souffle, et le silence \u00e0 grande hauteur est intense. Tandis que vous savourez un repas pr\u00e9par\u00e9 par un chef \u00e9toil\u00e9, vous vous sentez presque comme un voyageur dans un autre monde. Le cadre devient la toile de fond d&rsquo;une exp\u00e9rience incomparable \u00e0 tout ce que vous avez v\u00e9cu auparavant.<\/p>\n<p data-start=\"591\" data-end=\"1123\"><a href=\"https:\/\/www.culiair.be\/wp-content\/uploads\/2023\/10\/Dineren-op-grote-hoogte-Masterchef-CuliAir-scaled.jpeg\"><img loading=\"lazy\" decoding=\"async\" class=\"alignnone wp-image-22483\" src=\"https:\/\/www.culiair.be\/wp-content\/uploads\/2023\/10\/Dineren-op-grote-hoogte-Masterchef-CuliAir-704x1024.jpeg\" alt=\"\" width=\"488\" height=\"710\" srcset=\"https:\/\/www.culiair.be\/wp-content\/uploads\/2023\/10\/Dineren-op-grote-hoogte-Masterchef-CuliAir-704x1024.jpeg 704w, https:\/\/www.culiair.be\/wp-content\/uploads\/2023\/10\/Dineren-op-grote-hoogte-Masterchef-CuliAir-206x300.jpeg 206w, https:\/\/www.culiair.be\/wp-content\/uploads\/2023\/10\/Dineren-op-grote-hoogte-Masterchef-CuliAir-768x1118.jpeg 768w, https:\/\/www.culiair.be\/wp-content\/uploads\/2023\/10\/Dineren-op-grote-hoogte-Masterchef-CuliAir-1056x1536.jpeg 1056w, https:\/\/www.culiair.be\/wp-content\/uploads\/2023\/10\/Dineren-op-grote-hoogte-Masterchef-CuliAir-1407x2048.jpeg 1407w, https:\/\/www.culiair.be\/wp-content\/uploads\/2023\/10\/Dineren-op-grote-hoogte-Masterchef-CuliAir-1400x2037.jpeg 1400w, https:\/\/www.culiair.be\/wp-content\/uploads\/2023\/10\/Dineren-op-grote-hoogte-Masterchef-CuliAir-800x1164.jpeg 800w, https:\/\/www.culiair.be\/wp-content\/uploads\/2023\/10\/Dineren-op-grote-hoogte-Masterchef-CuliAir-500x728.jpeg 500w, https:\/\/www.culiair.be\/wp-content\/uploads\/2023\/10\/Dineren-op-grote-hoogte-Masterchef-CuliAir-700x1019.jpeg 700w, https:\/\/www.culiair.be\/wp-content\/uploads\/2023\/10\/Dineren-op-grote-hoogte-Masterchef-CuliAir-scaled.jpeg 1759w\" sizes=\"auto, (max-width: 488px) 100vw, 488px\" \/><\/a><\/p>\n<p class=\"\" data-start=\"1125\" data-end=\"1736\">CuliAir est l&rsquo;exemple ultime de la mani\u00e8re dont un lieu unique transforme une exp\u00e9rience. Ce restaurant en montgolfi\u00e8re extraordinaire offre non seulement la possibilit\u00e9 de d\u00eener \u00e0 une altitude de jusqu&rsquo;\u00e0 2,5 kilom\u00e8tres, mais propose aussi un voyage culinaire qui \u00e9veille vos sens. La montgolfi\u00e8re monte lentement, et vous voyez le paysage en dessous se transformer en un panorama pittoresque. L&rsquo;horizon semble infini, tandis que vous vous laissez emporter par la magie unique du moment. La sensation d&rsquo;apesanteur, combin\u00e9e aux vues spectaculaires, en fait une exp\u00e9rience inoubliable.<\/p>\n<h2 data-start=\"1738\" data-end=\"1767\">L&rsquo;Exp\u00e9rience du Go\u00fbt et de l&rsquo;Odorat<\/h2>\n<p class=\"\" data-start=\"1769\" data-end=\"2258\">Qu&rsquo;est-ce qui rend une exp\u00e9rience unique encore plus impressionnante ? La r\u00e9ponse r\u00e9side souvent dans les sensations que vous \u00e9prouvez \u00e0 ce moment-l\u00e0. Les odeurs, les go\u00fbts, les sons et les stimuli visuels peuvent ancrer une exp\u00e9rience profond\u00e9ment dans votre m\u00e9moire. Pensez par exemple au go\u00fbt d&rsquo;un plat parfaitement pr\u00e9par\u00e9 ou au bruit de la montgolfi\u00e8re flottant dans le silence du ciel.<\/p>\n<p class=\"\" data-start=\"2260\" data-end=\"2909\">Chez CuliAir, cette combinaison de saveurs, d&rsquo;odeurs et de sons est r\u00e9alis\u00e9e \u00e0 la perfection. Tandis que la montgolfi\u00e8re monte lentement, les premiers plats sont pr\u00e9sent\u00e9s. Des cocktails de homard frais, des langoustines et des entr\u00e9es d\u00e9licates embaument l&rsquo;air d&rsquo;un parfum qui attise votre curiosit\u00e9. Le bruit du gaz chauffant la montgolfi\u00e8re fournit un fond apaisant pendant que la chef Ang\u00e9lique Schmeinck pr\u00e9pare le plat suivant. L&rsquo;exp\u00e9rience devient une symphonie des sens : vous go\u00fbtez les plats raffin\u00e9s, sentez les ar\u00f4mes des mets fra\u00eechement pr\u00e9par\u00e9s et admirez un paysage vaste qui se d\u00e9ploie lentement sous vos yeux.<\/p>\n<p><iframe loading=\"lazy\" title=\"Live Cooking Above Arnhem | Masterchef Ang\u00e9lique Schmeinck Cooks in a Hot Air Balloon | CuliAir\" src=\"https:\/\/www.youtube.com\/embed\/iWxae30-CGo\" width=\"433\" height=\"769\" frameborder=\"0\" allowfullscreen=\"allowfullscreen\"><\/iframe><\/p>\n<h2 data-start=\"2911\" data-end=\"2950\">L&rsquo;Aventure des Destinations Inconnues<\/h2>\n<p class=\"\" data-start=\"2952\" data-end=\"3526\">Un autre aspect important d&rsquo;une exp\u00e9rience unique est le sentiment d&rsquo;aventure. Nous recherchons tous quelque chose que nous n&rsquo;avons jamais fait, cet \u00e9l\u00e9ment inconnu qui nous met au d\u00e9fi et nous offre l&rsquo;opportunit\u00e9 de fuir la routine quotidienne. L&rsquo;inconnu rend l&rsquo;exp\u00e9rience excitante et nous donne l&rsquo;impression de vivre quelque chose de sp\u00e9cial. Chez CuliAir, cette aventure est tiss\u00e9e dans le concept m\u00eame. La destination du vol en montgolfi\u00e8re est inconnue ; vous n&rsquo;avez aucune id\u00e9e de l&rsquo;endroit o\u00f9 vous allez atterrir. Cela ajoute un \u00e9l\u00e9ment de curiosit\u00e9 et d&rsquo;excitation suppl\u00e9mentaire.<\/p>\n<p class=\"\" data-start=\"3528\" data-end=\"3891\">La destination n&rsquo;est pas importante ; il s&rsquo;agit de la voyage lui-m\u00eame. Tandis que la montgolfi\u00e8re flotte dans le ciel, elle survole certains des plus beaux endroits des Pays-Bas : des villages pittoresques, des champs \u00e9tendus et des rivi\u00e8res sinueuses. C&rsquo;est une aventure sensorielle, o\u00f9 vous ne poussez pas seulement vos limites physiques, mais ouvrez \u00e9galement votre esprit \u00e0 de nouvelles exp\u00e9riences.<\/p>\n<h2 data-start=\"3893\" data-end=\"3936\">La Dimension Sociale d&rsquo;une Exp\u00e9rience Unique<\/h2>\n<p class=\"\" data-start=\"3938\" data-end=\"4536\">Une exp\u00e9rience unique est souvent renforc\u00e9e par la compagnie avec laquelle elle est v\u00e9cue. Que vous partagiez une soir\u00e9e romantique avec votre partenaire ou organisiez un \u00e9v\u00e9nement professionnel avec des coll\u00e8gues, les personnes autour de vous contribuent \u00e0 la valeur de l&rsquo;exp\u00e9rience. CuliAir offre diverses options, des <a href=\"https:\/\/www.culiair.be\/nieuws\/prive-vip-ballonvaart-arrangement\/\"><span style=\"color: #ff6600;\">vols en montgolfi\u00e8re priv\u00e9s<\/span><\/a> aux <span style=\"color: #ff6600;\"><a style=\"color: #ff6600;\" href=\"https:\/\/www.culiair.be\/prive-arrangement-ballonvaart\/\">arrangements pour groupes<\/a><\/span>. Cela vous permet de partager une exp\u00e9rience unique avec vos proches, vos amis, ou m\u00eame vos relations professionnelles. Cela cr\u00e9e un sentiment de connexion, non seulement avec les personnes dans la montgolfi\u00e8re, mais aussi avec l&rsquo;environnement qui se d\u00e9ploie lentement devant vos yeux.<\/p>\n<p class=\"\" data-start=\"4538\" data-end=\"4964\">Le vol en montgolfi\u00e8re culinaire offre \u00e9galement la possibilit\u00e9 de c\u00e9l\u00e9brer quelque chose de sp\u00e9cial, qu&rsquo;il s&rsquo;agisse d&rsquo;un mariage, d&rsquo;un anniversaire, d&rsquo;une f\u00eate d&rsquo;entreprise ou simplement d&rsquo;une occasion particuli\u00e8re. C&rsquo;est une mani\u00e8re de cr\u00e9er des souvenirs qui resteront pendant des ann\u00e9es dans les conversations et les histoires. L&rsquo;exp\u00e9rience elle-m\u00eame devient une histoire que vous serez heureux de partager avec les autres \u2013 une histoire qui enrichit votre vie et stimule vos sens.<\/p>\n<h2 data-start=\"4966\" data-end=\"5005\">L&rsquo;Intemporalit\u00e9 d&rsquo;une Exp\u00e9rience Unique<\/h2>\n<p class=\"\" data-start=\"5007\" data-end=\"5577\">Ce qui rend une exp\u00e9rience vraiment unique, c&rsquo;est souvent l&rsquo;intemporalit\u00e9 qui l&rsquo;accompagne. Les souvenirs que vous cr\u00e9ez restent dans vos pens\u00e9es et votre c\u0153ur. Ils forment un jalon dans votre vie, un moment o\u00f9 vous \u00eates r\u00e9ellement devenu conscient de la beaut\u00e9 du moment. Lorsque vous d\u00eenez dans une montgolfi\u00e8re, vous avez l&rsquo;impression que le temps s&rsquo;arr\u00eate. Le silence de l&rsquo;air, le paysage changeant et les plats d\u00e9licieux que vous d\u00e9gustez font que tout ce qui vous entoure semble dispara\u00eetre. Vous \u00eates enti\u00e8rement pr\u00e9sent dans le moment, et c&rsquo;est peut-\u00eatre l&rsquo;exp\u00e9rience la plus pr\u00e9cieuse qui soit.<\/p>\n<p class=\"\" data-start=\"5579\" data-end=\"5921\">Dans un monde qui est constamment en mouvement, il est rare et magnifique de trouver quelque chose qui r\u00e9siste \u00e0 l&rsquo;\u00e9preuve du temps. C&rsquo;est cette intemporalit\u00e9, combin\u00e9e \u00e0 l&rsquo;aventure, aux sens et aux bonnes personnes, qui rend une exp\u00e9rience v\u00e9ritablement unique. Que ce soit dans les airs ou ailleurs, ces moments resteront grav\u00e9s dans votre m\u00e9moire pour toujours.<\/p>\n","protected":false},"excerpt":{"rendered":"<p>Exp\u00e9rience unique : D\u00eener entre les nuages chez CuliAir Dans un monde de plus en plus ax\u00e9 sur la rapidit\u00e9, l&rsquo;efficacit\u00e9 et des exp\u00e9riences superficielles, trouver une exp\u00e9rience vraiment unique est une occasion rare et pr\u00e9cieuse. Qu&rsquo;est-ce qui rend une exp\u00e9rience v\u00e9ritablement unique ? Est-ce l&#8217;emplacement, la compagnie, l&rsquo;activit\u00e9 elle-m\u00eame, ou peut-\u00eatre le sentiment d&rsquo;avoir v\u00e9cu quelque chose que vous n&rsquo;oublierez jamais ? Les exp\u00e9riences uniques sont souvent ces moments qui transcendent l&rsquo;ordinaire et vous transportent dans un autre monde, [&hellip;]<\/p>\n","protected":false},"author":6,"featured_media":0,"parent":0,"menu_order":0,"comment_status":"closed","ping_status":"closed","template":"","meta":{"footnotes":""},"class_list":["post-26106","page","type-page","status-publish","hentry"],"yoast_head":"<!-- This site is optimized with the Yoast SEO plugin v27.3 - https:\/\/yoast.com\/product\/yoast-seo-wordpress\/ -->\n<title>Exp\u00e9rience Unique : D\u00eener Entre Les Nuages Chez CuliAir<\/title>\n<meta name=\"description\" content=\"Vivez une exp\u00e9rience unique en d\u00eenant dans une montgolfi\u00e8re, o\u00f9 saveurs et vues se rencontrent...\" \/>\n<meta name=\"robots\" content=\"index, follow, max-snippet:-1, max-image-preview:large, max-video-preview:-1\" \/>\n<link rel=\"canonical\" href=\"https:\/\/www.culiair.be\/fr\/experience-unique\/\" \/>\n<meta property=\"og:locale\" content=\"fr_FR\" \/>\n<meta property=\"og:type\" content=\"article\" \/>\n<meta property=\"og:title\" content=\"Exp\u00e9rience Unique : D\u00eener Entre Les Nuages Chez CuliAir\" \/>\n<meta property=\"og:description\" content=\"Vivez une exp\u00e9rience unique en d\u00eenant dans une montgolfi\u00e8re, o\u00f9 saveurs et vues se rencontrent...\" \/>\n<meta property=\"og:url\" content=\"https:\/\/www.culiair.be\/fr\/experience-unique\/\" \/>\n<meta property=\"og:site_name\" content=\"CuliAir\" \/>\n<meta property=\"article:modified_time\" content=\"2025-05-17T15:08:59+00:00\" \/>\n<meta property=\"og:image\" content=\"https:\/\/www.culiair.be\/wp-content\/uploads\/2023\/10\/Dineren-op-grote-hoogte-Masterchef-CuliAir-scaled.jpeg\" \/>\n\t<meta property=\"og:image:width\" content=\"1759\" \/>\n\t<meta property=\"og:image:height\" content=\"2560\" \/>\n\t<meta property=\"og:image:type\" content=\"image\/jpeg\" \/>\n<meta name=\"twitter:card\" content=\"summary_large_image\" \/>\n<meta name=\"twitter:label1\" content=\"Dur\u00e9e de lecture estim\u00e9e\" \/>\n\t<meta name=\"twitter:data1\" content=\"5 minutes\" \/>\n<script type=\"application\/ld+json\" class=\"yoast-schema-graph\">{\"@context\":\"https:\\\/\\\/schema.org\",\"@graph\":[{\"@type\":\"WebPage\",\"@id\":\"https:\\\/\\\/www.culiair.be\\\/fr\\\/experience-unique\\\/\",\"url\":\"https:\\\/\\\/www.culiair.be\\\/fr\\\/experience-unique\\\/\",\"name\":\"Exp\u00e9rience Unique : D\u00eener Entre Les Nuages Chez CuliAir\",\"isPartOf\":{\"@id\":\"https:\\\/\\\/www.culiair.be\\\/#website\"},\"primaryImageOfPage\":{\"@id\":\"https:\\\/\\\/www.culiair.be\\\/fr\\\/experience-unique\\\/#primaryimage\"},\"image\":{\"@id\":\"https:\\\/\\\/www.culiair.be\\\/fr\\\/experience-unique\\\/#primaryimage\"},\"thumbnailUrl\":\"https:\\\/\\\/www.culiair.be\\\/wp-content\\\/uploads\\\/2023\\\/10\\\/Dineren-op-grote-hoogte-Masterchef-CuliAir-704x1024.jpeg\",\"datePublished\":\"2025-05-06T15:27:37+00:00\",\"dateModified\":\"2025-05-17T15:08:59+00:00\",\"description\":\"Vivez une exp\u00e9rience unique en d\u00eenant dans une montgolfi\u00e8re, o\u00f9 saveurs et vues se rencontrent...\",\"breadcrumb\":{\"@id\":\"https:\\\/\\\/www.culiair.be\\\/fr\\\/experience-unique\\\/#breadcrumb\"},\"inLanguage\":\"fr-FR\",\"potentialAction\":[{\"@type\":\"ReadAction\",\"target\":[\"https:\\\/\\\/www.culiair.be\\\/fr\\\/experience-unique\\\/\"]}]},{\"@type\":\"ImageObject\",\"inLanguage\":\"fr-FR\",\"@id\":\"https:\\\/\\\/www.culiair.be\\\/fr\\\/experience-unique\\\/#primaryimage\",\"url\":\"https:\\\/\\\/www.culiair.be\\\/wp-content\\\/uploads\\\/2023\\\/10\\\/Dineren-op-grote-hoogte-Masterchef-CuliAir-704x1024.jpeg\",\"contentUrl\":\"https:\\\/\\\/www.culiair.be\\\/wp-content\\\/uploads\\\/2023\\\/10\\\/Dineren-op-grote-hoogte-Masterchef-CuliAir-704x1024.jpeg\"},{\"@type\":\"BreadcrumbList\",\"@id\":\"https:\\\/\\\/www.culiair.be\\\/fr\\\/experience-unique\\\/#breadcrumb\",\"itemListElement\":[{\"@type\":\"ListItem\",\"position\":1,\"name\":\"Home\",\"item\":\"https:\\\/\\\/www.culiair.be\\\/fr\\\/\"},{\"@type\":\"ListItem\",\"position\":2,\"name\":\"Exp\u00e9rience Unique : D\u00eener Entre Les Nuages Chez CuliAir\"}]},{\"@type\":\"WebSite\",\"@id\":\"https:\\\/\\\/www.culiair.be\\\/#website\",\"url\":\"https:\\\/\\\/www.culiair.be\\\/\",\"name\":\"CuliAir\",\"description\":\"Luchtballonrestaurant\",\"potentialAction\":[{\"@type\":\"SearchAction\",\"target\":{\"@type\":\"EntryPoint\",\"urlTemplate\":\"https:\\\/\\\/www.culiair.be\\\/?s={search_term_string}\"},\"query-input\":{\"@type\":\"PropertyValueSpecification\",\"valueRequired\":true,\"valueName\":\"search_term_string\"}}],\"inLanguage\":\"fr-FR\"}]}<\/script>\n<!-- \/ Yoast SEO plugin. -->","yoast_head_json":{"title":"Exp\u00e9rience Unique : D\u00eener Entre Les Nuages Chez CuliAir","description":"Vivez une exp\u00e9rience unique en d\u00eenant dans une montgolfi\u00e8re, o\u00f9 saveurs et vues se rencontrent...","robots":{"index":"index","follow":"follow","max-snippet":"max-snippet:-1","max-image-preview":"max-image-preview:large","max-video-preview":"max-video-preview:-1"},"canonical":"https:\/\/www.culiair.be\/fr\/experience-unique\/","og_locale":"fr_FR","og_type":"article","og_title":"Exp\u00e9rience Unique : D\u00eener Entre Les Nuages Chez CuliAir","og_description":"Vivez une exp\u00e9rience unique en d\u00eenant dans une montgolfi\u00e8re, o\u00f9 saveurs et vues se rencontrent...","og_url":"https:\/\/www.culiair.be\/fr\/experience-unique\/","og_site_name":"CuliAir","article_modified_time":"2025-05-17T15:08:59+00:00","og_image":[{"width":1759,"height":2560,"url":"https:\/\/www.culiair.be\/wp-content\/uploads\/2023\/10\/Dineren-op-grote-hoogte-Masterchef-CuliAir-scaled.jpeg","type":"image\/jpeg"}],"twitter_card":"summary_large_image","twitter_misc":{"Dur\u00e9e de lecture estim\u00e9e":"5 minutes"},"schema":{"@context":"https:\/\/schema.org","@graph":[{"@type":"WebPage","@id":"https:\/\/www.culiair.be\/fr\/experience-unique\/","url":"https:\/\/www.culiair.be\/fr\/experience-unique\/","name":"Exp\u00e9rience Unique : D\u00eener Entre Les Nuages Chez CuliAir","isPartOf":{"@id":"https:\/\/www.culiair.be\/#website"},"primaryImageOfPage":{"@id":"https:\/\/www.culiair.be\/fr\/experience-unique\/#primaryimage"},"image":{"@id":"https:\/\/www.culiair.be\/fr\/experience-unique\/#primaryimage"},"thumbnailUrl":"https:\/\/www.culiair.be\/wp-content\/uploads\/2023\/10\/Dineren-op-grote-hoogte-Masterchef-CuliAir-704x1024.jpeg","datePublished":"2025-05-06T15:27:37+00:00","dateModified":"2025-05-17T15:08:59+00:00","description":"Vivez une exp\u00e9rience unique en d\u00eenant dans une montgolfi\u00e8re, o\u00f9 saveurs et vues se rencontrent...","breadcrumb":{"@id":"https:\/\/www.culiair.be\/fr\/experience-unique\/#breadcrumb"},"inLanguage":"fr-FR","potentialAction":[{"@type":"ReadAction","target":["https:\/\/www.culiair.be\/fr\/experience-unique\/"]}]},{"@type":"ImageObject","inLanguage":"fr-FR","@id":"https:\/\/www.culiair.be\/fr\/experience-unique\/#primaryimage","url":"https:\/\/www.culiair.be\/wp-content\/uploads\/2023\/10\/Dineren-op-grote-hoogte-Masterchef-CuliAir-704x1024.jpeg","contentUrl":"https:\/\/www.culiair.be\/wp-content\/uploads\/2023\/10\/Dineren-op-grote-hoogte-Masterchef-CuliAir-704x1024.jpeg"},{"@type":"BreadcrumbList","@id":"https:\/\/www.culiair.be\/fr\/experience-unique\/#breadcrumb","itemListElement":[{"@type":"ListItem","position":1,"name":"Home","item":"https:\/\/www.culiair.be\/fr\/"},{"@type":"ListItem","position":2,"name":"Exp\u00e9rience Unique : D\u00eener Entre Les Nuages Chez CuliAir"}]},{"@type":"WebSite","@id":"https:\/\/www.culiair.be\/#website","url":"https:\/\/www.culiair.be\/","name":"CuliAir","description":"Luchtballonrestaurant","potentialAction":[{"@type":"SearchAction","target":{"@type":"EntryPoint","urlTemplate":"https:\/\/www.culiair.be\/?s={search_term_string}"},"query-input":{"@type":"PropertyValueSpecification","valueRequired":true,"valueName":"search_term_string"}}],"inLanguage":"fr-FR"}]}},"_links":{"self":[{"href":"https:\/\/www.culiair.be\/fr\/wp-json\/wp\/v2\/pages\/26106","targetHints":{"allow":["GET"]}}],"collection":[{"href":"https:\/\/www.culiair.be\/fr\/wp-json\/wp\/v2\/pages"}],"about":[{"href":"https:\/\/www.culiair.be\/fr\/wp-json\/wp\/v2\/types\/page"}],"author":[{"embeddable":true,"href":"https:\/\/www.culiair.be\/fr\/wp-json\/wp\/v2\/users\/6"}],"replies":[{"embeddable":true,"href":"https:\/\/www.culiair.be\/fr\/wp-json\/wp\/v2\/comments?post=26106"}],"version-history":[{"count":2,"href":"https:\/\/www.culiair.be\/fr\/wp-json\/wp\/v2\/pages\/26106\/revisions"}],"predecessor-version":[{"id":26116,"href":"https:\/\/www.culiair.be\/fr\/wp-json\/wp\/v2\/pages\/26106\/revisions\/26116"}],"wp:attachment":[{"href":"https:\/\/www.culiair.be\/fr\/wp-json\/wp\/v2\/media?parent=26106"}],"curies":[{"name":"wp","href":"https:\/\/api.w.org\/{rel}","templated":true}]}}