{"id":26125,"date":"2025-05-03T15:34:15","date_gmt":"2025-05-03T13:34:15","guid":{"rendered":"https:\/\/www.culiair.nl\/romantisch-dineren-op-hoogte\/"},"modified":"2025-05-19T05:04:08","modified_gmt":"2025-05-19T03:04:08","slug":"diner-romantique-en-hauteur","status":"publish","type":"page","link":"https:\/\/www.culiair.be\/fr\/diner-romantique-en-hauteur\/","title":{"rendered":"D\u00eener romantique en hauteur"},"content":{"rendered":"<article class=\"text-token-text-primary w-full\" dir=\"auto\" data-testid=\"conversation-turn-4\" data-scroll-anchor=\"true\">\n<div class=\"text-base my-auto mx-auto py-5 [--thread-content-margin:--spacing(4)] @[37rem]:[--thread-content-margin:--spacing(6)] @[72rem]:[--thread-content-margin:--spacing(16)] px-(--thread-content-margin)\">\n<div class=\"[--thread-content-max-width:32rem] @[34rem]:[--thread-content-max-width:40rem] @[64rem]:[--thread-content-max-width:48rem] mx-auto flex max-w-(--thread-content-max-width) flex-1 text-base gap-4 md:gap-5 lg:gap-6 group\/turn-messages focus-visible:outline-hidden\" tabindex=\"-1\">\n<div class=\"group\/conversation-turn relative flex w-full min-w-0 flex-col agent-turn\">\n<div class=\"relative flex-col gap-1 md:gap-3\">\n<div class=\"flex justify-start\">\n<div class=\"touch:-me-2 touch:-ms-3.5 -ms-2.5 -me-1 flex items-center p-1 select-none -mt-1 duration-[1.5s] focus-within:transition-none hover:transition-none pointer-events-none [mask-image:linear-gradient(to_right,black_33%,transparent_66%)] [mask-position:100%_0%] [mask-size:300%_100%] motion-safe:transition-[mask-position] group-hover\/turn-messages:pointer-events-auto group-hover\/turn-messages:[mask-position:0_0] group-focus-within\/turn-messages:pointer-events-auto group-focus-within\/turn-messages:[mask-position:0_0] has-data-[state=open]:pointer-events-auto has-data-[state=open]:[mask-position:0_0]\">\n<h1><strong>D\u00eener romantique en hauteur<\/strong><\/h1>\n<p>Imaginez un cadre intime o\u00f9 vous et votre bien-aim\u00e9(e) flottez haut au-dessus de la Terre, entour\u00e9s par une vue infinie sur l&rsquo;horizon. C&rsquo;est une exp\u00e9rience qui stimule tous les sens, pendant que vous savourez des plats raffin\u00e9s et des vins exceptionnels, tandis que le monde en dessous de vous dispara\u00eet lentement. D\u00eener en hauteur est le moyen ultime de c\u00e9l\u00e9brer l&rsquo;amour et de passer une soir\u00e9e sp\u00e9ciale que vous n&rsquo;oublierez jamais.<\/p>\n<div><a href=\"https:\/\/www.culiair.be\/wp-content\/uploads\/2023\/10\/Table-for-Two-in-the-Air-scaled.jpeg\"><img loading=\"lazy\" decoding=\"async\" class=\"alignnone size-large wp-image-22538\" src=\"https:\/\/www.culiair.be\/wp-content\/uploads\/2023\/10\/Table-for-Two-in-the-Air-768x1024.jpeg\" alt=\"\" width=\"768\" height=\"1024\" srcset=\"https:\/\/www.culiair.be\/wp-content\/uploads\/2023\/10\/Table-for-Two-in-the-Air-768x1024.jpeg 768w, https:\/\/www.culiair.be\/wp-content\/uploads\/2023\/10\/Table-for-Two-in-the-Air-225x300.jpeg 225w, https:\/\/www.culiair.be\/wp-content\/uploads\/2023\/10\/Table-for-Two-in-the-Air-1152x1536.jpeg 1152w, https:\/\/www.culiair.be\/wp-content\/uploads\/2023\/10\/Table-for-Two-in-the-Air-1536x2048.jpeg 1536w, https:\/\/www.culiair.be\/wp-content\/uploads\/2023\/10\/Table-for-Two-in-the-Air-1400x1867.jpeg 1400w, https:\/\/www.culiair.be\/wp-content\/uploads\/2023\/10\/Table-for-Two-in-the-Air-800x1067.jpeg 800w, https:\/\/www.culiair.be\/wp-content\/uploads\/2023\/10\/Table-for-Two-in-the-Air-500x667.jpeg 500w, https:\/\/www.culiair.be\/wp-content\/uploads\/2023\/10\/Table-for-Two-in-the-Air-700x933.jpeg 700w, https:\/\/www.culiair.be\/wp-content\/uploads\/2023\/10\/Table-for-Two-in-the-Air-scaled.jpeg 1920w\" sizes=\"auto, (max-width: 768px) 100vw, 768px\" \/><\/a><\/div>\n<\/div>\n<\/div>\n<div class=\"mt-3 w-full empty:hidden\">\n<div class=\"text-center\">\n<h2 data-start=\"509\" data-end=\"535\">D\u00eener au-dessus des nuages<\/h2>\n<p class=\"\" data-start=\"537\" data-end=\"987\">Un d\u00eener romantique en grande hauteur offre quelque chose que nul autre restaurant ne peut \u00e9galer : des vues \u00e0 couper le souffle et une atmosph\u00e8re intime que vous ne trouverez pas dans un restaurant traditionnel. Le soleil se couche lentement derri\u00e8re l&rsquo;horizon, et vous et votre partenaire \u00eates dans une montgolfi\u00e8re, montant \u00e0 une hauteur qui fait dispara\u00eetre le monde autour de vous. C&rsquo;est d\u00eener avec vue, mais \u00e0 un niveau que vous ne pouvez atteindre que dans vos r\u00eaves.<\/p>\n<p class=\"\" data-start=\"989\" data-end=\"1440\">Dans la montgolfi\u00e8re, tout est sp\u00e9cial. Le panier est am\u00e9nag\u00e9 avec une belle table, recouverte de nappes en lin, de vaisselle brillante et de verres en cristal. \u00c0 mesure que vous montez, le monde sous vos pieds devient de plus en plus petit. Des villages, des for\u00eats et des rivi\u00e8res glissent lentement sous vos yeux, tandis que vous et votre partenaire profitez des plus d\u00e9licieuses cr\u00e9ations culinaires, pr\u00e9par\u00e9es par un chef ma\u00eetre. C&rsquo;est une exp\u00e9rience qui stimule tous vos sens.<\/p>\n<h2 data-start=\"1442\" data-end=\"1481\">Un repas qui \u00e9veille les sens<\/h2>\n<p class=\"\" data-start=\"1483\" data-end=\"2031\">\u00c0 de telles hauteurs, chaque moment devient magique. La nourriture n&rsquo;est pas seulement d\u00e9licieuse, mais aussi la mani\u00e8re dont elle est pr\u00e9sent\u00e9e la rend encore plus sp\u00e9ciale. Imaginez un bar qui cuit doucement dans la montgolfi\u00e8re, un plat que vous pouvez partager, entour\u00e9 par le silence serein de l&rsquo;air. Chaque plat est une aventure en soi, avec <a href=\"https:\/\/www.culiair.be\/nieuws\/wijn-spijs-combinaties\/\">des vins qui compl\u00e8tent parfaitement les saveurs<\/a> et une vue panoramique qui magnifie le repas. La nourriture est une v\u00e9ritable f\u00eate pour vos papilles, mais la vue rend l&rsquo;exp\u00e9rience compl\u00e8te.<\/p>\n<p><iframe loading=\"lazy\" title=\"Artichaut Barigoule | Pr\u00e9paration classique fran\u00e7aise en montgolfi\u00e8re | CuliAir SkyDining\" src=\"https:\/\/www.youtube.com\/embed\/T-BR1AyLZfg\" width=\"433\" height=\"769\" frameborder=\"0\" allowfullscreen=\"allowfullscreen\"><\/iframe><\/p>\n<p class=\"\" data-start=\"2033\" data-end=\"2333\">Le chef pr\u00e9pare les plats en direct dans la montgolfi\u00e8re, ce qui signifie que vous pouvez litt\u00e9ralement voir la magie prendre vie. L&rsquo;ar\u00f4me des plats fra\u00eechement pr\u00e9par\u00e9s se m\u00eale \u00e0 l&rsquo;air frais, rendant l&rsquo;exp\u00e9rience encore plus intense. Et \u00e0 chaque bouch\u00e9e, le moment devient de plus en plus inoubliable.<\/p>\n<h2 data-start=\"2335\" data-end=\"2365\">Romance dans les airs<\/h2>\n<p class=\"\" data-start=\"2367\" data-end=\"2720\">Ce qui rend le d\u00eener en hauteur si sp\u00e9cial, ce n&rsquo;est pas seulement la nourriture, mais surtout l&rsquo;atmosph\u00e8re intime. Il n&rsquo;y a pas de bruit du quotidien. Vous flottez au-dessus du monde, dans votre propre temps et espace, avec votre partenaire \u00e0 vos c\u00f4t\u00e9s. C&rsquo;est l&rsquo;occasion id\u00e9ale pour faire une pause et appr\u00e9cier les moments qui comptent vraiment.<\/p>\n<p><iframe loading=\"lazy\" title=\"CuliAir Balade en montgolfi\u00e8re au-dessus de la Veluwe Arnhem | Exp\u00e9rience unique en montgolfi\u00e8re | CuliAir SkyDining\" src=\"https:\/\/www.youtube.com\/embed\/LKT-QXD6la8\" width=\"433\" height=\"769\" frameborder=\"0\" allowfullscreen=\"allowfullscreen\"><\/iframe><\/p>\n<p class=\"\" data-start=\"2722\" data-end=\"3100\">Que vous c\u00e9l\u00e9briez un anniversaire sp\u00e9cial, un \u00e9v\u00e9nement particulier, ou que vous souhaitiez simplement \u00e9chapper \u00e0 l&rsquo;agitation du quotidien, un d\u00eener romantique dans une montgolfi\u00e8re est l&rsquo;aventure parfaite. La magie du vol, le partage de d\u00e9licieux mets et l&rsquo;intimit\u00e9 de l&rsquo;endroit cr\u00e9ent des souvenirs qui resteront grav\u00e9s dans votre c\u0153ur pour toujours.<\/p>\n<h2 data-start=\"3102\" data-end=\"3139\">Une exp\u00e9rience que vous n&rsquo;oublierez jamais<\/h2>\n<p class=\"\" data-start=\"3141\" data-end=\"3558\">Apr\u00e8s le repas, lorsque la montgolfi\u00e8re descend lentement et que vous voyez l&rsquo;horizon s&rsquo;\u00e9loigner au loin, vous n&rsquo;avez pas seulement v\u00e9cu un voyage culinaire, mais partag\u00e9 une exp\u00e9rience inoubliable. Vous avez savour\u00e9 quelque chose qui n&rsquo;a rien \u00e0 voir avec tout ce que vous avez fait auparavant. Le sentiment de libert\u00e9, la beaut\u00e9 de la nature et le d\u00eener intime font de cette exp\u00e9rience un moment que vous n&rsquo;oublierez jamais.<\/p>\n<p class=\"\" data-start=\"3560\" data-end=\"3875\">C&rsquo;est une aventure qui fait battre votre c\u0153ur plus fort, qui vous rapproche et que vous partagerez avec fiert\u00e9. Il y a peu de choses aussi uniques que d\u00eener \u00e0 une telle hauteur, dans un cadre aussi sp\u00e9cial. Un d\u00eener comme celui-ci n&rsquo;est pas simplement un repas, c&rsquo;est un souvenir qui restera toute une vie.<\/p>\n<h2 data-start=\"3877\" data-end=\"3933\">D\u00eener romantique en hauteur, une exp\u00e9rience pour deux<\/h2>\n<p class=\"\" data-start=\"3935\" data-end=\"4447\">Que vous soyez fra\u00eechement amoureux ou ensemble depuis des ann\u00e9es, un d\u00eener romantique dans une montgolfi\u00e8re est une exp\u00e9rience qui renforce vos liens. C&rsquo;est la mani\u00e8re ultime de c\u00e9l\u00e9brer l&rsquo;amour, dans un cadre \u00e0 la fois calme et exaltant, o\u00f9 le temps semble s&rsquo;arr\u00eater. Alors que le soleil se couche et que vous voyez le monde en dessous de vous changer, vous savez que ce moment restera grav\u00e9 dans votre c\u0153ur pour toujours. C&rsquo;est une exp\u00e9rience que vous n&rsquo;oublierez pas de sit\u00f4t, et que vous pourrez ch\u00e9rir encore et encore comme quelque chose de sp\u00e9cial.<\/p>\n<p class=\"\" data-start=\"4449\" data-end=\"4831\">D\u00eener en hauteur n&rsquo;est pas simplement une sortie, c&rsquo;est le moyen ultime de fuir la routine quotidienne et de partager ensemble une exp\u00e9rience extraordinaire. C&rsquo;est le moyen parfait de c\u00e9l\u00e9brer votre amour, dans un cadre qui surpasse tout. Lorsque vous flottez avec votre partenaire parmi les nuages, tout se r\u00e9unit : la nature, la nourriture, l&rsquo;ambiance et la magie du moment.<\/p>\n<h2 data-start=\"4833\" data-end=\"4877\">Le moyen ultime de c\u00e9l\u00e9brer votre amour<\/h2>\n<p class=\"\" data-start=\"4879\" data-end=\"5278\">Dans la montgolfi\u00e8re, vous d\u00e9couvrez le monde d&rsquo;une mani\u00e8re nouvelle. Le d\u00eener n&rsquo;est que le d\u00e9but d&rsquo;une soir\u00e9e que vous n&rsquo;oublierez jamais. La combinaison de vues spectaculaires, de plats d\u00e9licieux et du silence de l&rsquo;air fait de cette exp\u00e9rience un souvenir inoubliable. C&rsquo;est la fa\u00e7on parfaite de c\u00e9l\u00e9brer un \u00e9v\u00e9nement sp\u00e9cial ou simplement de profiter des plus belles choses de la vie ensemble.<\/p>\n<\/div>\n<\/div>\n<\/div>\n<div class=\"absolute\">\n<div class=\"flex items-center justify-center\"><\/div>\n<\/div>\n<\/div>\n<\/div>\n<\/div>\n<\/article>\n<div class=\"pointer-events-none h-px w-px\" aria-hidden=\"true\" data-edge=\"true\"><\/div>\n","protected":false},"excerpt":{"rendered":"<p>D\u00eener romantique en hauteur Imaginez un cadre intime o\u00f9 vous et votre bien-aim\u00e9(e) flottez haut au-dessus de la Terre, entour\u00e9s par une vue infinie sur l&rsquo;horizon. C&rsquo;est une exp\u00e9rience qui stimule tous les sens, pendant que vous savourez des plats raffin\u00e9s et des vins exceptionnels, tandis que le monde en dessous de vous dispara\u00eet lentement. D\u00eener en hauteur est le moyen ultime de c\u00e9l\u00e9brer l&rsquo;amour et de passer une soir\u00e9e sp\u00e9ciale que vous n&rsquo;oublierez jamais. D\u00eener au-dessus des nuages Un [&hellip;]<\/p>\n","protected":false},"author":6,"featured_media":0,"parent":0,"menu_order":0,"comment_status":"closed","ping_status":"closed","template":"","meta":{"footnotes":""},"class_list":["post-26125","page","type-page","status-publish","hentry"],"yoast_head":"<!-- This site is optimized with the Yoast SEO plugin v27.3 - https:\/\/yoast.com\/product\/yoast-seo-wordpress\/ -->\n<title>D\u00eener romantique en hauteur<\/title>\n<meta name=\"description\" content=\"Profitez d&#039;un d\u00eener romantique dans une montgolfi\u00e8re, avec vue imprenable et d\u00e9lices culinaires. Une exp\u00e9rience inoubliable pour deux... \u2192\" \/>\n<meta name=\"robots\" content=\"index, follow, max-snippet:-1, max-image-preview:large, max-video-preview:-1\" \/>\n<link rel=\"canonical\" href=\"https:\/\/www.culiair.be\/fr\/diner-romantique-en-hauteur\/\" \/>\n<meta property=\"og:locale\" content=\"fr_FR\" \/>\n<meta property=\"og:type\" content=\"article\" \/>\n<meta property=\"og:title\" content=\"D\u00eener romantique en hauteur\" \/>\n<meta property=\"og:description\" content=\"Profitez d&#039;un d\u00eener romantique dans une montgolfi\u00e8re, avec vue imprenable et d\u00e9lices culinaires. Une exp\u00e9rience inoubliable pour deux... \u2192\" \/>\n<meta property=\"og:url\" content=\"https:\/\/www.culiair.be\/fr\/diner-romantique-en-hauteur\/\" \/>\n<meta property=\"og:site_name\" content=\"CuliAir\" \/>\n<meta property=\"article:modified_time\" content=\"2025-05-19T03:04:08+00:00\" \/>\n<meta property=\"og:image\" content=\"https:\/\/www.culiair.be\/wp-content\/uploads\/2023\/10\/Table-for-Two-in-the-Air-scaled.jpeg\" \/>\n\t<meta property=\"og:image:width\" content=\"1920\" \/>\n\t<meta property=\"og:image:height\" content=\"2560\" \/>\n\t<meta property=\"og:image:type\" content=\"image\/jpeg\" \/>\n<meta name=\"twitter:card\" content=\"summary_large_image\" \/>\n<meta name=\"twitter:label1\" content=\"Dur\u00e9e de lecture estim\u00e9e\" \/>\n\t<meta name=\"twitter:data1\" content=\"5 minutes\" \/>\n<script type=\"application\/ld+json\" class=\"yoast-schema-graph\">{\"@context\":\"https:\\\/\\\/schema.org\",\"@graph\":[{\"@type\":\"WebPage\",\"@id\":\"https:\\\/\\\/www.culiair.be\\\/fr\\\/diner-romantique-en-hauteur\\\/\",\"url\":\"https:\\\/\\\/www.culiair.be\\\/fr\\\/diner-romantique-en-hauteur\\\/\",\"name\":\"D\u00eener romantique en hauteur\",\"isPartOf\":{\"@id\":\"https:\\\/\\\/www.culiair.be\\\/#website\"},\"primaryImageOfPage\":{\"@id\":\"https:\\\/\\\/www.culiair.be\\\/fr\\\/diner-romantique-en-hauteur\\\/#primaryimage\"},\"image\":{\"@id\":\"https:\\\/\\\/www.culiair.be\\\/fr\\\/diner-romantique-en-hauteur\\\/#primaryimage\"},\"thumbnailUrl\":\"https:\\\/\\\/www.culiair.be\\\/wp-content\\\/uploads\\\/2023\\\/10\\\/Table-for-Two-in-the-Air-768x1024.jpeg\",\"datePublished\":\"2025-05-03T13:34:15+00:00\",\"dateModified\":\"2025-05-19T03:04:08+00:00\",\"description\":\"Profitez d'un d\u00eener romantique dans une montgolfi\u00e8re, avec vue imprenable et d\u00e9lices culinaires. Une exp\u00e9rience inoubliable pour deux... \u2192\",\"breadcrumb\":{\"@id\":\"https:\\\/\\\/www.culiair.be\\\/fr\\\/diner-romantique-en-hauteur\\\/#breadcrumb\"},\"inLanguage\":\"fr-FR\",\"potentialAction\":[{\"@type\":\"ReadAction\",\"target\":[\"https:\\\/\\\/www.culiair.be\\\/fr\\\/diner-romantique-en-hauteur\\\/\"]}]},{\"@type\":\"ImageObject\",\"inLanguage\":\"fr-FR\",\"@id\":\"https:\\\/\\\/www.culiair.be\\\/fr\\\/diner-romantique-en-hauteur\\\/#primaryimage\",\"url\":\"https:\\\/\\\/www.culiair.be\\\/wp-content\\\/uploads\\\/2023\\\/10\\\/Table-for-Two-in-the-Air-768x1024.jpeg\",\"contentUrl\":\"https:\\\/\\\/www.culiair.be\\\/wp-content\\\/uploads\\\/2023\\\/10\\\/Table-for-Two-in-the-Air-768x1024.jpeg\"},{\"@type\":\"BreadcrumbList\",\"@id\":\"https:\\\/\\\/www.culiair.be\\\/fr\\\/diner-romantique-en-hauteur\\\/#breadcrumb\",\"itemListElement\":[{\"@type\":\"ListItem\",\"position\":1,\"name\":\"Home\",\"item\":\"https:\\\/\\\/www.culiair.be\\\/fr\\\/\"},{\"@type\":\"ListItem\",\"position\":2,\"name\":\"D\u00eener romantique en hauteur\"}]},{\"@type\":\"WebSite\",\"@id\":\"https:\\\/\\\/www.culiair.be\\\/#website\",\"url\":\"https:\\\/\\\/www.culiair.be\\\/\",\"name\":\"CuliAir\",\"description\":\"Luchtballonrestaurant\",\"potentialAction\":[{\"@type\":\"SearchAction\",\"target\":{\"@type\":\"EntryPoint\",\"urlTemplate\":\"https:\\\/\\\/www.culiair.be\\\/?s={search_term_string}\"},\"query-input\":{\"@type\":\"PropertyValueSpecification\",\"valueRequired\":true,\"valueName\":\"search_term_string\"}}],\"inLanguage\":\"fr-FR\"}]}<\/script>\n<!-- \/ Yoast SEO plugin. -->","yoast_head_json":{"title":"D\u00eener romantique en hauteur","description":"Profitez d'un d\u00eener romantique dans une montgolfi\u00e8re, avec vue imprenable et d\u00e9lices culinaires. Une exp\u00e9rience inoubliable pour deux... \u2192","robots":{"index":"index","follow":"follow","max-snippet":"max-snippet:-1","max-image-preview":"max-image-preview:large","max-video-preview":"max-video-preview:-1"},"canonical":"https:\/\/www.culiair.be\/fr\/diner-romantique-en-hauteur\/","og_locale":"fr_FR","og_type":"article","og_title":"D\u00eener romantique en hauteur","og_description":"Profitez d'un d\u00eener romantique dans une montgolfi\u00e8re, avec vue imprenable et d\u00e9lices culinaires. Une exp\u00e9rience inoubliable pour deux... \u2192","og_url":"https:\/\/www.culiair.be\/fr\/diner-romantique-en-hauteur\/","og_site_name":"CuliAir","article_modified_time":"2025-05-19T03:04:08+00:00","og_image":[{"width":1920,"height":2560,"url":"https:\/\/www.culiair.be\/wp-content\/uploads\/2023\/10\/Table-for-Two-in-the-Air-scaled.jpeg","type":"image\/jpeg"}],"twitter_card":"summary_large_image","twitter_misc":{"Dur\u00e9e de lecture estim\u00e9e":"5 minutes"},"schema":{"@context":"https:\/\/schema.org","@graph":[{"@type":"WebPage","@id":"https:\/\/www.culiair.be\/fr\/diner-romantique-en-hauteur\/","url":"https:\/\/www.culiair.be\/fr\/diner-romantique-en-hauteur\/","name":"D\u00eener romantique en hauteur","isPartOf":{"@id":"https:\/\/www.culiair.be\/#website"},"primaryImageOfPage":{"@id":"https:\/\/www.culiair.be\/fr\/diner-romantique-en-hauteur\/#primaryimage"},"image":{"@id":"https:\/\/www.culiair.be\/fr\/diner-romantique-en-hauteur\/#primaryimage"},"thumbnailUrl":"https:\/\/www.culiair.be\/wp-content\/uploads\/2023\/10\/Table-for-Two-in-the-Air-768x1024.jpeg","datePublished":"2025-05-03T13:34:15+00:00","dateModified":"2025-05-19T03:04:08+00:00","description":"Profitez d'un d\u00eener romantique dans une montgolfi\u00e8re, avec vue imprenable et d\u00e9lices culinaires. Une exp\u00e9rience inoubliable pour deux... \u2192","breadcrumb":{"@id":"https:\/\/www.culiair.be\/fr\/diner-romantique-en-hauteur\/#breadcrumb"},"inLanguage":"fr-FR","potentialAction":[{"@type":"ReadAction","target":["https:\/\/www.culiair.be\/fr\/diner-romantique-en-hauteur\/"]}]},{"@type":"ImageObject","inLanguage":"fr-FR","@id":"https:\/\/www.culiair.be\/fr\/diner-romantique-en-hauteur\/#primaryimage","url":"https:\/\/www.culiair.be\/wp-content\/uploads\/2023\/10\/Table-for-Two-in-the-Air-768x1024.jpeg","contentUrl":"https:\/\/www.culiair.be\/wp-content\/uploads\/2023\/10\/Table-for-Two-in-the-Air-768x1024.jpeg"},{"@type":"BreadcrumbList","@id":"https:\/\/www.culiair.be\/fr\/diner-romantique-en-hauteur\/#breadcrumb","itemListElement":[{"@type":"ListItem","position":1,"name":"Home","item":"https:\/\/www.culiair.be\/fr\/"},{"@type":"ListItem","position":2,"name":"D\u00eener romantique en hauteur"}]},{"@type":"WebSite","@id":"https:\/\/www.culiair.be\/#website","url":"https:\/\/www.culiair.be\/","name":"CuliAir","description":"Luchtballonrestaurant","potentialAction":[{"@type":"SearchAction","target":{"@type":"EntryPoint","urlTemplate":"https:\/\/www.culiair.be\/?s={search_term_string}"},"query-input":{"@type":"PropertyValueSpecification","valueRequired":true,"valueName":"search_term_string"}}],"inLanguage":"fr-FR"}]}},"_links":{"self":[{"href":"https:\/\/www.culiair.be\/fr\/wp-json\/wp\/v2\/pages\/26125","targetHints":{"allow":["GET"]}}],"collection":[{"href":"https:\/\/www.culiair.be\/fr\/wp-json\/wp\/v2\/pages"}],"about":[{"href":"https:\/\/www.culiair.be\/fr\/wp-json\/wp\/v2\/types\/page"}],"author":[{"embeddable":true,"href":"https:\/\/www.culiair.be\/fr\/wp-json\/wp\/v2\/users\/6"}],"replies":[{"embeddable":true,"href":"https:\/\/www.culiair.be\/fr\/wp-json\/wp\/v2\/comments?post=26125"}],"version-history":[{"count":2,"href":"https:\/\/www.culiair.be\/fr\/wp-json\/wp\/v2\/pages\/26125\/revisions"}],"predecessor-version":[{"id":26150,"href":"https:\/\/www.culiair.be\/fr\/wp-json\/wp\/v2\/pages\/26125\/revisions\/26150"}],"wp:attachment":[{"href":"https:\/\/www.culiair.be\/fr\/wp-json\/wp\/v2\/media?parent=26125"}],"curies":[{"name":"wp","href":"https:\/\/api.w.org\/{rel}","templated":true}]}}