{"id":26166,"date":"2025-05-05T15:48:40","date_gmt":"2025-05-05T13:48:40","guid":{"rendered":"https:\/\/www.culiair.nl\/restaurant-met-mooi-uitzicht-nederland\/"},"modified":"2025-05-24T05:37:58","modified_gmt":"2025-05-24T03:37:58","slug":"le-restaurant-avec-la-plus-belle-vue","status":"publish","type":"page","link":"https:\/\/www.culiair.be\/fr\/le-restaurant-avec-la-plus-belle-vue\/","title":{"rendered":"Le restaurant avec la plus belle vue"},"content":{"rendered":"<h1 data-start=\"80\" data-end=\"687\"><strong>Le restaurant avec la plus belle vue des Pays-Bas<\/strong><\/h1>\n<p class=\"\" data-start=\"80\" data-end=\"687\">Aux Pays-Bas, il existe un restaurant qui red\u00e9finit le sens du d\u00eener de mani\u00e8re in\u00e9dite. Imaginez-vous d\u00eener avec une vue panoramique sur le vaste paysage n\u00e9erlandais, tout en flottant au-dessus des villages, for\u00eats, rivi\u00e8res et prairies. Et si cette vue \u00e9tait non seulement \u00e0 couper le souffle, mais qu&rsquo;elle vous offrait aussi la chance de d\u00e9guster les plats les plus raffin\u00e9s, pr\u00e9par\u00e9s par un grand chef ? C&rsquo;est l&rsquo;exp\u00e9rience que vous pouvez vivre \u00e0 CuliAir, le seul restaurant en montgolfi\u00e8re au monde, o\u00f9 des d\u00e9lices culinaires sont servis \u00e0 une hauteur que vous ne trouverez nulle part ailleurs.<\/p>\n<p data-start=\"80\" data-end=\"687\"><a href=\"https:\/\/www.culiair.be\/wp-content\/uploads\/2023\/10\/Wijn-op-grote-hoogte-proost-Ballooning-scaled.jpeg\"><img loading=\"lazy\" decoding=\"async\" class=\"alignnone wp-image-22555\" src=\"https:\/\/www.culiair.be\/wp-content\/uploads\/2023\/10\/Wijn-op-grote-hoogte-proost-Ballooning-689x1024.jpeg\" alt=\"\" width=\"490\" height=\"728\" srcset=\"https:\/\/www.culiair.be\/wp-content\/uploads\/2023\/10\/Wijn-op-grote-hoogte-proost-Ballooning-689x1024.jpeg 689w, https:\/\/www.culiair.be\/wp-content\/uploads\/2023\/10\/Wijn-op-grote-hoogte-proost-Ballooning-202x300.jpeg 202w, https:\/\/www.culiair.be\/wp-content\/uploads\/2023\/10\/Wijn-op-grote-hoogte-proost-Ballooning-768x1141.jpeg 768w, https:\/\/www.culiair.be\/wp-content\/uploads\/2023\/10\/Wijn-op-grote-hoogte-proost-Ballooning-1034x1536.jpeg 1034w, https:\/\/www.culiair.be\/wp-content\/uploads\/2023\/10\/Wijn-op-grote-hoogte-proost-Ballooning-1379x2048.jpeg 1379w, https:\/\/www.culiair.be\/wp-content\/uploads\/2023\/10\/Wijn-op-grote-hoogte-proost-Ballooning-1400x2079.jpeg 1400w, https:\/\/www.culiair.be\/wp-content\/uploads\/2023\/10\/Wijn-op-grote-hoogte-proost-Ballooning-800x1188.jpeg 800w, https:\/\/www.culiair.be\/wp-content\/uploads\/2023\/10\/Wijn-op-grote-hoogte-proost-Ballooning-500x743.jpeg 500w, https:\/\/www.culiair.be\/wp-content\/uploads\/2023\/10\/Wijn-op-grote-hoogte-proost-Ballooning-700x1040.jpeg 700w, https:\/\/www.culiair.be\/wp-content\/uploads\/2023\/10\/Wijn-op-grote-hoogte-proost-Ballooning-scaled.jpeg 1724w\" sizes=\"auto, (max-width: 490px) 100vw, 490px\" \/><\/a><\/p>\n<h2 data-start=\"689\" data-end=\"719\">Exp\u00e9rience culinaire dans les airs<\/h2>\n<p class=\"\" data-start=\"721\" data-end=\"1212\">CuliAir offre une exp\u00e9rience gastronomique unique qui vous place litt\u00e9ralement entre ciel et terre. Alors que vous montez doucement dans une montgolfi\u00e8re sp\u00e9cialement con\u00e7ue, un spectaculaire panorama sur les plus belles r\u00e9gions des Pays-Bas se d\u00e9ploie devant vous. Le d\u00eener est pr\u00e9par\u00e9 par la cheffe Ang\u00e9lique Schmeinck, l&rsquo;une des rares cheffes de cuisine SVH aux Pays-Bas. Au fur et \u00e0 mesure que la montgolfi\u00e8re prend de la hauteur, vous pouvez d\u00e9guster une amuse-bouche ou une entr\u00e9e, tout en admirant une vue de plus en plus impressionnante.<\/p>\n<p class=\"\" data-start=\"1214\" data-end=\"1679\">L&rsquo;exp\u00e9rience culinaire commence par un verre de bienvenue et une vue magnifique sur la campagne n\u00e9erlandaise. Vous regardez le soleil se coucher lentement tandis que la montgolfi\u00e8re monte plus haut et que le paysage en dessous de vous se d\u00e9ploie comme une toile. Le panorama change constamment, des prairies vertes et des for\u00eats immenses aux villages pittoresques et aux rivi\u00e8res sinueuses. Pendant que vous absorbez cette sc\u00e8ne, vous vous pr\u00e9parez \u00e0 une aventure gastronomique sans \u00e9gale.<\/p>\n<h2 data-start=\"1681\" data-end=\"1714\">Le restaurant le plus haut du monde<\/h2>\n<p class=\"\" data-start=\"1716\" data-end=\"2305\">Ce qui rend CuliAir vraiment unique, ce n&rsquo;est pas seulement la vue, mais aussi la fa\u00e7on dont les plats sont pr\u00e9par\u00e9s. Au lieu de dans une cuisine conventionnelle, les plats sont pr\u00e9par\u00e9s \u00e0 bord de la montgolfi\u00e8re. Gr\u00e2ce \u00e0 l&rsquo;ing\u00e9nieuse utilisation de la chaleur de la montgolfi\u00e8re, un processus de cuisson sp\u00e9cial devient possible. \u00c0 bord de la montgolfi\u00e8re, des paniers en fil m\u00e9tallique contiennent des plats tels que du poisson, de la viande et de la volaille, cuits lentement \u00e0 une temp\u00e9rature d&rsquo;environ 90 degr\u00e9s. La chaleur permet de conserver les ar\u00f4mes des ingr\u00e9dients et de les cuire \u00e0 la perfection, donnant ainsi des plats de qualit\u00e9 exceptionnelle.<\/p>\n<p class=\"\" data-start=\"2307\" data-end=\"2745\">Le processus de cuisson dans la montgolfi\u00e8re est une merveille en soi. Les paniers contenant du bar, de l&rsquo;agneau ou de la volaille sont cuits lentement en haute altitude. C&rsquo;est une technique qui stimule les sens, car vous ne vous contentez pas de sentir l&rsquo;odeur des plats, mais vous vivez \u00e9galement le changement constant de la vue et la tranquillit\u00e9 de la flott\u00e9e dans les airs. L&rsquo;aventure culinaire dans les airs est une exp\u00e9rience que vous n&rsquo;oublierez pas de sit\u00f4t.<\/p>\n<h2 data-start=\"2747\" data-end=\"2769\">Des chefs-d&rsquo;\u0153uvre culinaires<\/h2>\n<p class=\"\" data-start=\"2771\" data-end=\"3232\">Chez CuliAir, vous pouvez savourer un d\u00eener de plusieurs plats, soigneusement \u00e9labor\u00e9 pour \u00e9veiller vos papilles de mani\u00e8re spectaculaire. Des entr\u00e9es d\u00e9licates \u00e0 base de homard ou de langoustines, aux plats principaux comme le bar sauvage et l&rsquo;agneau cuit lentement, chaque plat est une \u0153uvre d&rsquo;art en soi. Le chef travaille avec des ingr\u00e9dients frais et locaux, et utilise la technique particuli\u00e8re de cuisson en montgolfi\u00e8re pour r\u00e9v\u00e9ler les saveurs au maximum.<\/p>\n<p class=\"\" data-start=\"3234\" data-end=\"3682\">\u00c0 un d\u00eener de cette hauteur, les plats prennent vie. Le silence serein de l&rsquo;air, la vue \u00e0 couper le souffle et l&rsquo;attention port\u00e9e \u00e0 la pr\u00e9paration des plats font de CuliAir une exp\u00e9rience inoubliable. En d\u00e9gustant un excellent vin et en voyant le soleil se coucher lentement, vous d\u00e9couvrirez les Pays-Bas comme vous ne les avez jamais vus. C&rsquo;est une exp\u00e9rience qui est non seulement culinaire, mais aussi visuellement et \u00e9motionnellement impressionnante.<\/p>\n<p> <iframe loading=\"lazy\" title=\"Koningsbaars pr\u00e9par\u00e9 dans la chaleur de la montgolfi\u00e8re | CuliAir SkyDining\" src=\"https:\/\/www.youtube.com\/embed\/8NcM14HmrT4\" width=\"433\" height=\"769\" frameborder=\"0\" allowfullscreen=\"allowfullscreen\"><\/iframe> <\/p>\n<h2 data-start=\"3684\" data-end=\"3704\">D\u00eener priv\u00e9 ou en groupe<\/h2>\n<p class=\"\" data-start=\"3706\" data-end=\"4131\">CuliAir offre la possibilit\u00e9 de partager cette exp\u00e9rience, que ce soit en priv\u00e9 ou avec un <span style=\"color: #ff6600;\"><a style=\"color: #ff6600;\" href=\"https:\/\/www.culiair.be\/fr\/groupes\/\">groupe<\/a><\/span>. Que vous planifiez une sortie romantique, c\u00e9l\u00e9briez un anniversaire ou organisiez un \u00e9v\u00e9nement d&rsquo;entreprise, le restaurant dans les airs offre le cadre parfait pour toutes les occasions. Pour les petits groupes \u00e0 partir de quatre personnes, il est d\u00e9j\u00e0 possible de r\u00e9server un vol en montgolfi\u00e8re priv\u00e9, et pour les plus grandes groupes, plusieurs montgolfi\u00e8res sont disponibles.<\/p>\n<p class=\"\" data-start=\"4133\" data-end=\"4549\">Un <a href=\"https:\/\/www.culiair.be\/nieuws\/prive-vip-ballonvaart-arrangement\/\"><span style=\"color: #ff6600;\">vol priv\u00e9 en montgolfi\u00e8re<\/span><\/a> offre l&rsquo;exclusivit\u00e9 ultime. Vous aurez toute l&rsquo;attention du chef et du personnel, tout en d\u00e9gustant un d\u00eener unique dans les airs. Le vol dure une heure et demie, vous aurez donc suffisamment de temps pour savourer les plats, le paysage et l&rsquo;atmosph\u00e8re d\u00e9tendue. La destination inconnue de la montgolfi\u00e8re ajoute un c\u00f4t\u00e9 excitant, car vous ne savez jamais exactement o\u00f9 vous allez atterrir.<\/p>\n<h2 data-start=\"4551\" data-end=\"4578\">Une exp\u00e9rience inoubliable<\/h2>\n<p class=\"\" data-start=\"4580\" data-end=\"5040\">L&rsquo;exp\u00e9rience de d\u00eener dans une montgolfi\u00e8re est une aventure que vous n&rsquo;oublierez pas de sit\u00f4t. La combinaison des plats les plus d\u00e9licieux avec un panorama spectaculaire rend le d\u00eener non seulement exceptionnel, mais aussi m\u00e9morable. Apr\u00e8s le d\u00eener, la montgolfi\u00e8re est doucement descendue, et vous aurez la possibilit\u00e9 de terminer votre exp\u00e9rience culinaire aventureuse par une <a href=\"https:\/\/www.culiair.be\/nieuws\/ballonvaart-met-champagne\/\"><span style=\"color: #ff6600;\">bapt\u00eame de champagne<\/span><\/a>. C&rsquo;est une c\u00e9r\u00e9monie qui compl\u00e8te l&rsquo;exp\u00e9rience et que vous garderez longtemps en m\u00e9moire.<\/p>\n<p class=\"\" data-start=\"5042\" data-end=\"5391\">CuliAir propose une exp\u00e9rience unique en son genre qui vous permet de d\u00eener \u00e0 une hauteur que vous ne trouverez nulle part ailleurs. Que vous c\u00e9l\u00e9briez un \u00e9v\u00e9nement sp\u00e9cial ou que vous recherchiez simplement une exp\u00e9rience gastronomique unique, un d\u00eener en montgolfi\u00e8re est le moyen id\u00e9al de d\u00e9couvrir les Pays-Bas vue du ciel tout en savourant les meilleurs plats.<\/p>\n<h2 data-start=\"5393\" data-end=\"5402\">Une vue unique et une aventure culinaire en montgolfi\u00e8re<\/h2>\n<p class=\"\" data-start=\"5404\" data-end=\"5986\">D\u00eener dans un restaurant en montgolfi\u00e8re est une exp\u00e9rience qui offre tout ce qu&rsquo;un gastronome pourrait souhaiter. Vous combinez le meilleur des deux mondes : la beaut\u00e9 du paysage n\u00e9erlandais et l&rsquo;art culinaire d&rsquo;un grand chef. CuliAir est plus qu&rsquo;un restaurant \u2013 c&rsquo;est une aventure. Une aventure dont vous vous souviendrez non seulement pour ses plats exquis, mais aussi pour le sentiment de libert\u00e9 et d&rsquo;\u00e9merveillement que vous ressentirez en flottant au-dessus du pays. C&rsquo;est une exp\u00e9rience qui enrichit votre vie et vous permet de d\u00e9couvrir la beaut\u00e9 des Pays-Bas d&rsquo;une mani\u00e8re totalement nouvelle.<\/p>\n","protected":false},"excerpt":{"rendered":"<p>Le restaurant avec la plus belle vue des Pays-Bas Aux Pays-Bas, il existe un restaurant qui red\u00e9finit le sens du d\u00eener de mani\u00e8re in\u00e9dite. Imaginez-vous d\u00eener avec une vue panoramique sur le vaste paysage n\u00e9erlandais, tout en flottant au-dessus des villages, for\u00eats, rivi\u00e8res et prairies. Et si cette vue \u00e9tait non seulement \u00e0 couper le souffle, mais qu&rsquo;elle vous offrait aussi la chance de d\u00e9guster les plats les plus raffin\u00e9s, pr\u00e9par\u00e9s par un grand chef ? C&rsquo;est l&rsquo;exp\u00e9rience que vous [&hellip;]<\/p>\n","protected":false},"author":6,"featured_media":0,"parent":0,"menu_order":0,"comment_status":"closed","ping_status":"closed","template":"","meta":{"footnotes":""},"class_list":["post-26166","page","type-page","status-publish","hentry"],"yoast_head":"<!-- This site is optimized with the Yoast SEO plugin v27.3 - https:\/\/yoast.com\/product\/yoast-seo-wordpress\/ -->\n<title>Le restaurant avec la plus belle vue<\/title>\n<meta name=\"description\" content=\"Profitez d&#039;un restaurant avec une belle vue aux Pays-Bas, d\u00eenez dans une montgolfi\u00e8re et admirez le paysage \u00e0 couper le souffle depuis les airs... \u2192\" \/>\n<meta name=\"robots\" content=\"index, follow, max-snippet:-1, max-image-preview:large, max-video-preview:-1\" \/>\n<link rel=\"canonical\" href=\"https:\/\/www.culiair.be\/fr\/le-restaurant-avec-la-plus-belle-vue\/\" \/>\n<meta property=\"og:locale\" content=\"fr_FR\" \/>\n<meta property=\"og:type\" content=\"article\" \/>\n<meta property=\"og:title\" content=\"Le restaurant avec la plus belle vue\" \/>\n<meta property=\"og:description\" content=\"Profitez d&#039;un restaurant avec une belle vue aux Pays-Bas, d\u00eenez dans une montgolfi\u00e8re et admirez le paysage \u00e0 couper le souffle depuis les airs... \u2192\" \/>\n<meta property=\"og:url\" content=\"https:\/\/www.culiair.be\/fr\/le-restaurant-avec-la-plus-belle-vue\/\" \/>\n<meta property=\"og:site_name\" content=\"CuliAir\" \/>\n<meta property=\"article:modified_time\" content=\"2025-05-24T03:37:58+00:00\" \/>\n<meta property=\"og:image\" content=\"https:\/\/www.culiair.be\/wp-content\/uploads\/2023\/10\/Wijn-op-grote-hoogte-proost-Ballooning-scaled.jpeg\" \/>\n\t<meta property=\"og:image:width\" content=\"1724\" \/>\n\t<meta property=\"og:image:height\" content=\"2560\" \/>\n\t<meta property=\"og:image:type\" content=\"image\/jpeg\" \/>\n<meta name=\"twitter:card\" content=\"summary_large_image\" \/>\n<meta name=\"twitter:label1\" content=\"Dur\u00e9e de lecture estim\u00e9e\" \/>\n\t<meta name=\"twitter:data1\" content=\"5 minutes\" \/>\n<script type=\"application\/ld+json\" class=\"yoast-schema-graph\">{\"@context\":\"https:\\\/\\\/schema.org\",\"@graph\":[{\"@type\":\"WebPage\",\"@id\":\"https:\\\/\\\/www.culiair.be\\\/fr\\\/le-restaurant-avec-la-plus-belle-vue\\\/\",\"url\":\"https:\\\/\\\/www.culiair.be\\\/fr\\\/le-restaurant-avec-la-plus-belle-vue\\\/\",\"name\":\"Le restaurant avec la plus belle vue\",\"isPartOf\":{\"@id\":\"https:\\\/\\\/www.culiair.be\\\/#website\"},\"primaryImageOfPage\":{\"@id\":\"https:\\\/\\\/www.culiair.be\\\/fr\\\/le-restaurant-avec-la-plus-belle-vue\\\/#primaryimage\"},\"image\":{\"@id\":\"https:\\\/\\\/www.culiair.be\\\/fr\\\/le-restaurant-avec-la-plus-belle-vue\\\/#primaryimage\"},\"thumbnailUrl\":\"https:\\\/\\\/www.culiair.be\\\/wp-content\\\/uploads\\\/2023\\\/10\\\/Wijn-op-grote-hoogte-proost-Ballooning-689x1024.jpeg\",\"datePublished\":\"2025-05-05T13:48:40+00:00\",\"dateModified\":\"2025-05-24T03:37:58+00:00\",\"description\":\"Profitez d'un restaurant avec une belle vue aux Pays-Bas, d\u00eenez dans une montgolfi\u00e8re et admirez le paysage \u00e0 couper le souffle depuis les airs... \u2192\",\"breadcrumb\":{\"@id\":\"https:\\\/\\\/www.culiair.be\\\/fr\\\/le-restaurant-avec-la-plus-belle-vue\\\/#breadcrumb\"},\"inLanguage\":\"fr-FR\",\"potentialAction\":[{\"@type\":\"ReadAction\",\"target\":[\"https:\\\/\\\/www.culiair.be\\\/fr\\\/le-restaurant-avec-la-plus-belle-vue\\\/\"]}]},{\"@type\":\"ImageObject\",\"inLanguage\":\"fr-FR\",\"@id\":\"https:\\\/\\\/www.culiair.be\\\/fr\\\/le-restaurant-avec-la-plus-belle-vue\\\/#primaryimage\",\"url\":\"https:\\\/\\\/www.culiair.be\\\/wp-content\\\/uploads\\\/2023\\\/10\\\/Wijn-op-grote-hoogte-proost-Ballooning-689x1024.jpeg\",\"contentUrl\":\"https:\\\/\\\/www.culiair.be\\\/wp-content\\\/uploads\\\/2023\\\/10\\\/Wijn-op-grote-hoogte-proost-Ballooning-689x1024.jpeg\"},{\"@type\":\"BreadcrumbList\",\"@id\":\"https:\\\/\\\/www.culiair.be\\\/fr\\\/le-restaurant-avec-la-plus-belle-vue\\\/#breadcrumb\",\"itemListElement\":[{\"@type\":\"ListItem\",\"position\":1,\"name\":\"Home\",\"item\":\"https:\\\/\\\/www.culiair.be\\\/fr\\\/\"},{\"@type\":\"ListItem\",\"position\":2,\"name\":\"Le restaurant avec la plus belle vue\"}]},{\"@type\":\"WebSite\",\"@id\":\"https:\\\/\\\/www.culiair.be\\\/#website\",\"url\":\"https:\\\/\\\/www.culiair.be\\\/\",\"name\":\"CuliAir\",\"description\":\"Luchtballonrestaurant\",\"potentialAction\":[{\"@type\":\"SearchAction\",\"target\":{\"@type\":\"EntryPoint\",\"urlTemplate\":\"https:\\\/\\\/www.culiair.be\\\/?s={search_term_string}\"},\"query-input\":{\"@type\":\"PropertyValueSpecification\",\"valueRequired\":true,\"valueName\":\"search_term_string\"}}],\"inLanguage\":\"fr-FR\"}]}<\/script>\n<!-- \/ Yoast SEO plugin. -->","yoast_head_json":{"title":"Le restaurant avec la plus belle vue","description":"Profitez d'un restaurant avec une belle vue aux Pays-Bas, d\u00eenez dans une montgolfi\u00e8re et admirez le paysage \u00e0 couper le souffle depuis les airs... \u2192","robots":{"index":"index","follow":"follow","max-snippet":"max-snippet:-1","max-image-preview":"max-image-preview:large","max-video-preview":"max-video-preview:-1"},"canonical":"https:\/\/www.culiair.be\/fr\/le-restaurant-avec-la-plus-belle-vue\/","og_locale":"fr_FR","og_type":"article","og_title":"Le restaurant avec la plus belle vue","og_description":"Profitez d'un restaurant avec une belle vue aux Pays-Bas, d\u00eenez dans une montgolfi\u00e8re et admirez le paysage \u00e0 couper le souffle depuis les airs... \u2192","og_url":"https:\/\/www.culiair.be\/fr\/le-restaurant-avec-la-plus-belle-vue\/","og_site_name":"CuliAir","article_modified_time":"2025-05-24T03:37:58+00:00","og_image":[{"width":1724,"height":2560,"url":"https:\/\/www.culiair.be\/wp-content\/uploads\/2023\/10\/Wijn-op-grote-hoogte-proost-Ballooning-scaled.jpeg","type":"image\/jpeg"}],"twitter_card":"summary_large_image","twitter_misc":{"Dur\u00e9e de lecture estim\u00e9e":"5 minutes"},"schema":{"@context":"https:\/\/schema.org","@graph":[{"@type":"WebPage","@id":"https:\/\/www.culiair.be\/fr\/le-restaurant-avec-la-plus-belle-vue\/","url":"https:\/\/www.culiair.be\/fr\/le-restaurant-avec-la-plus-belle-vue\/","name":"Le restaurant avec la plus belle vue","isPartOf":{"@id":"https:\/\/www.culiair.be\/#website"},"primaryImageOfPage":{"@id":"https:\/\/www.culiair.be\/fr\/le-restaurant-avec-la-plus-belle-vue\/#primaryimage"},"image":{"@id":"https:\/\/www.culiair.be\/fr\/le-restaurant-avec-la-plus-belle-vue\/#primaryimage"},"thumbnailUrl":"https:\/\/www.culiair.be\/wp-content\/uploads\/2023\/10\/Wijn-op-grote-hoogte-proost-Ballooning-689x1024.jpeg","datePublished":"2025-05-05T13:48:40+00:00","dateModified":"2025-05-24T03:37:58+00:00","description":"Profitez d'un restaurant avec une belle vue aux Pays-Bas, d\u00eenez dans une montgolfi\u00e8re et admirez le paysage \u00e0 couper le souffle depuis les airs... \u2192","breadcrumb":{"@id":"https:\/\/www.culiair.be\/fr\/le-restaurant-avec-la-plus-belle-vue\/#breadcrumb"},"inLanguage":"fr-FR","potentialAction":[{"@type":"ReadAction","target":["https:\/\/www.culiair.be\/fr\/le-restaurant-avec-la-plus-belle-vue\/"]}]},{"@type":"ImageObject","inLanguage":"fr-FR","@id":"https:\/\/www.culiair.be\/fr\/le-restaurant-avec-la-plus-belle-vue\/#primaryimage","url":"https:\/\/www.culiair.be\/wp-content\/uploads\/2023\/10\/Wijn-op-grote-hoogte-proost-Ballooning-689x1024.jpeg","contentUrl":"https:\/\/www.culiair.be\/wp-content\/uploads\/2023\/10\/Wijn-op-grote-hoogte-proost-Ballooning-689x1024.jpeg"},{"@type":"BreadcrumbList","@id":"https:\/\/www.culiair.be\/fr\/le-restaurant-avec-la-plus-belle-vue\/#breadcrumb","itemListElement":[{"@type":"ListItem","position":1,"name":"Home","item":"https:\/\/www.culiair.be\/fr\/"},{"@type":"ListItem","position":2,"name":"Le restaurant avec la plus belle vue"}]},{"@type":"WebSite","@id":"https:\/\/www.culiair.be\/#website","url":"https:\/\/www.culiair.be\/","name":"CuliAir","description":"Luchtballonrestaurant","potentialAction":[{"@type":"SearchAction","target":{"@type":"EntryPoint","urlTemplate":"https:\/\/www.culiair.be\/?s={search_term_string}"},"query-input":{"@type":"PropertyValueSpecification","valueRequired":true,"valueName":"search_term_string"}}],"inLanguage":"fr-FR"}]}},"_links":{"self":[{"href":"https:\/\/www.culiair.be\/fr\/wp-json\/wp\/v2\/pages\/26166","targetHints":{"allow":["GET"]}}],"collection":[{"href":"https:\/\/www.culiair.be\/fr\/wp-json\/wp\/v2\/pages"}],"about":[{"href":"https:\/\/www.culiair.be\/fr\/wp-json\/wp\/v2\/types\/page"}],"author":[{"embeddable":true,"href":"https:\/\/www.culiair.be\/fr\/wp-json\/wp\/v2\/users\/6"}],"replies":[{"embeddable":true,"href":"https:\/\/www.culiair.be\/fr\/wp-json\/wp\/v2\/comments?post=26166"}],"version-history":[{"count":1,"href":"https:\/\/www.culiair.be\/fr\/wp-json\/wp\/v2\/pages\/26166\/revisions"}],"predecessor-version":[{"id":26175,"href":"https:\/\/www.culiair.be\/fr\/wp-json\/wp\/v2\/pages\/26166\/revisions\/26175"}],"wp:attachment":[{"href":"https:\/\/www.culiair.be\/fr\/wp-json\/wp\/v2\/media?parent=26166"}],"curies":[{"name":"wp","href":"https:\/\/api.w.org\/{rel}","templated":true}]}}