{"id":26186,"date":"2025-05-24T05:49:28","date_gmt":"2025-05-24T03:49:28","guid":{"rendered":"https:\/\/www.culiair.nl\/?page_id=26186"},"modified":"2025-05-24T05:49:28","modified_gmt":"2025-05-24T03:49:28","slug":"experience-de-restaurant-la-plus-unique","status":"publish","type":"page","link":"https:\/\/www.culiair.be\/fr\/experience-de-restaurant-la-plus-unique\/","title":{"rendered":"Exp\u00e9rience de restaurant la plus unique"},"content":{"rendered":"<h1 data-start=\"56\" data-end=\"463\"><strong>Exp\u00e9rience de restaurant unique dans la montgolfi\u00e8re<\/strong><\/h1>\n<p class=\"\" data-start=\"56\" data-end=\"463\">Imaginez ceci : vous \u00eates confortablement install\u00e9 dans un panier de montgolfi\u00e8re, entour\u00e9 par les vues les plus \u00e9poustouflantes pendant que le soleil se couche lentement. Vous avez un verre de vin \u00e0 la main, et \u00e0 ce moment-l\u00e0, tandis que le ballon monte lentement, une exp\u00e9rience culinaire se d\u00e9ploie que vous n&rsquo;oublierez jamais. Ce n&rsquo;est pas un d\u00eener ordinaire, mais une exp\u00e9rience unique possible uniquement dans un restaurant montgolfi\u00e8re.<\/p>\n<h2 data-start=\"465\" data-end=\"494\">Aventure culinaire dans les airs<\/h2>\n<p class=\"\" data-start=\"496\" data-end=\"1023\">Qu&rsquo;est-ce qui rend le d\u00eener dans une montgolfi\u00e8re si sp\u00e9cial ? La r\u00e9ponse est simple : c&rsquo;est la combinaison d&rsquo;aventure, d&rsquo;exclusivit\u00e9 et de gastronomie. Alors que vous flottez \u00e0 grande hauteur, vous avez non seulement l&rsquo;occasion d&rsquo;admirer les Pays-Bas d&rsquo;en haut, mais aussi de profiter d&rsquo;un d\u00e9licieux d\u00eener pr\u00e9par\u00e9 au plus haut niveau. C&rsquo;est un voyage qui stimule tous vos sens \u2013 les vues magnifiques, les ar\u00f4mes des plats frais et les bruits du vent passant dans l&rsquo;air cr\u00e9ent une exp\u00e9rience que vous n&rsquo;oublierez pas de sit\u00f4t.<\/p>\n<p class=\"\" data-start=\"1025\" data-end=\"1515\">Lors d&rsquo;un vol en montgolfi\u00e8re, vous d\u00eenez \u00e0 une hauteur in\u00e9dite, o\u00f9 le chef cuisine en direct et o\u00f9 les plats sont lentement cuits par la chaleur de la montgolfi\u00e8re elle-m\u00eame. Ce n&rsquo;est pas une technique de cuisine ordinaire ; la montgolfi\u00e8re agit comme un four \u00e0 air chaud. Les plats, tels que le bar, le homard ou la volaille, sont soulev\u00e9s dans des paniers sp\u00e9cialement con\u00e7us, o\u00f9 ils cuisent lentement et d\u00e9veloppent leur saveur. Cette m\u00e9thode de cuisson innovante garantit que les plats ont un go\u00fbt et une texture uniques.<\/p>\n<p> <iframe loading=\"lazy\" title=\"Artichaut Barigoule | Pr\u00e9paration classique fran\u00e7aise dans une montgolfi\u00e8re | CuliAir SkyDining\" src=\"https:\/\/www.youtube.com\/embed\/T-BR1AyLZfg\" width=\"433\" height=\"769\" frameborder=\"0\" allowfullscreen=\"allowfullscreen\"><\/iframe> <\/p>\n<h2 data-start=\"1517\" data-end=\"1544\">La magie de la montgolfi\u00e8re<\/h2>\n<p class=\"\" data-start=\"1546\" data-end=\"1960\">Ce qui rend le d\u00eener dans une montgolfi\u00e8re si sp\u00e9cial, c&rsquo;est l&rsquo;exp\u00e9rience de flotter entre le ciel et la terre. Le silence en grande hauteur, combin\u00e9 avec les vues \u00e0 couper le souffle sur le paysage, cr\u00e9e une atmosph\u00e8re que vous ne trouverez nulle part ailleurs. Au fur et \u00e0 mesure que la montgolfi\u00e8re monte, le paysage change et un panorama spectaculaire de champs, for\u00eats, rivi\u00e8res et villages pittoresques se r\u00e9v\u00e8le.<\/p>\n<p class=\"\" data-start=\"1962\" data-end=\"2275\">Ce qui rend cette exp\u00e9rience encore plus magique, c&rsquo;est que vous effectuez ce voyage avec un groupe restreint. L&rsquo;atmosph\u00e8re intime, la vue magnifique et les plats d\u00e9licieux rendent le d\u00eener vraiment sp\u00e9cial. Que vous soyez avec des amis, de la famille ou des partenaires commerciaux, c&rsquo;est la fa\u00e7on id\u00e9ale de c\u00e9l\u00e9brer un \u00e9v\u00e9nement sp\u00e9cial.<\/p>\n<h2 data-start=\"2277\" data-end=\"2315\">Des chefs-d&rsquo;\u0153uvre culinaires en grande hauteur<\/h2>\n<p class=\"\" data-start=\"2317\" data-end=\"2756\">Les plats qui vous sont servis dans la montgolfi\u00e8re ne sont pas de simples repas ; ce sont des \u0153uvres d&rsquo;art en soi. Le chef pr\u00e9pare tout sur place avec passion et pr\u00e9cision. Pendant que vous d\u00e9gustez ces plats de luxe, vous aurez l&rsquo;occasion de d\u00e9couvrir diff\u00e9rentes saveurs et textures, le tout accompagn\u00e9 des meilleurs <span style=\"color: #ff6600;\"><a style=\"color: #ff6600;\" href=\"https:\/\/www.culiair.be\/nieuws\/wijn-spijs-combinaties\/\">vins<\/a><\/span>.<\/p>\n<p data-start=\"2317\" data-end=\"2756\"><a href=\"https:\/\/www.culiair.be\/wp-content\/uploads\/2024\/02\/CuliAir-Luchtballon-eten-op-hoog-niveau-scaled.jpg\"><img loading=\"lazy\" decoding=\"async\" class=\"alignnone size-large wp-image-23745\" src=\"https:\/\/www.culiair.be\/wp-content\/uploads\/2024\/02\/CuliAir-Luchtballon-eten-op-hoog-niveau-768x1024.jpg\" alt=\"Wine pairing\" width=\"768\" height=\"1024\" srcset=\"https:\/\/www.culiair.be\/wp-content\/uploads\/2024\/02\/CuliAir-Luchtballon-eten-op-hoog-niveau-768x1024.jpg 768w, https:\/\/www.culiair.be\/wp-content\/uploads\/2024\/02\/CuliAir-Luchtballon-eten-op-hoog-niveau-225x300.jpg 225w, https:\/\/www.culiair.be\/wp-content\/uploads\/2024\/02\/CuliAir-Luchtballon-eten-op-hoog-niveau-1152x1536.jpg 1152w, https:\/\/www.culiair.be\/wp-content\/uploads\/2024\/02\/CuliAir-Luchtballon-eten-op-hoog-niveau-1536x2048.jpg 1536w, https:\/\/www.culiair.be\/wp-content\/uploads\/2024\/02\/CuliAir-Luchtballon-eten-op-hoog-niveau-1400x1867.jpg 1400w, https:\/\/www.culiair.be\/wp-content\/uploads\/2024\/02\/CuliAir-Luchtballon-eten-op-hoog-niveau-800x1067.jpg 800w, https:\/\/www.culiair.be\/wp-content\/uploads\/2024\/02\/CuliAir-Luchtballon-eten-op-hoog-niveau-500x667.jpg 500w, https:\/\/www.culiair.be\/wp-content\/uploads\/2024\/02\/CuliAir-Luchtballon-eten-op-hoog-niveau-700x933.jpg 700w, https:\/\/www.culiair.be\/wp-content\/uploads\/2024\/02\/CuliAir-Luchtballon-eten-op-hoog-niveau-scaled.jpg 1920w\" sizes=\"auto, (max-width: 768px) 100vw, 768px\" \/><\/a><\/p>\n<p class=\"\" data-start=\"2758\" data-end=\"3170\">Un autre point fort du d\u00eener dans une montgolfi\u00e8re est la mani\u00e8re spectaculaire dont les plats sont pr\u00e9sent\u00e9s. Alors que le ballon continue de monter, les paniers sp\u00e9cialement d\u00e9velopp\u00e9s avec le bar ou la volaille sont hiss\u00e9s du ballon et lentement pr\u00e9sent\u00e9s, afin que vous puissiez pleinement profiter \u00e0 la fois de la vue et de la nourriture.<\/p>\n<h2 data-start=\"3172\" data-end=\"3203\">Une exp\u00e9rience unique<\/h2>\n<p class=\"\" data-start=\"3205\" data-end=\"3671\">D\u00eener dans une montgolfi\u00e8re n&rsquo;est pas simplement un repas ; c&rsquo;est une exp\u00e9rience que vous n&rsquo;oublierez jamais. C&rsquo;est une mani\u00e8re unique de c\u00e9l\u00e9brer un \u00e9v\u00e9nement sp\u00e9cial ou simplement de faire quelque chose de diff\u00e9rent de tout ce que vous avez v\u00e9cu auparavant. Imaginez que vous mangez vos plats pr\u00e9f\u00e9r\u00e9s, haut dans les nuages, avec un verre de vin parfait \u00e0 la main, tout en ayant une vue imprenable sur le monde en dessous de vous. C&rsquo;est une exp\u00e9rience qui stimule tous vos sens.<\/p>\n<p class=\"\" data-start=\"3673\" data-end=\"4145\">Et bien que ce soit une exp\u00e9rience exclusive, vous pouvez la partager avec d&rsquo;autres. Que vous souhaitiez un d\u00eener romantique avec votre partenaire ou organiser une sortie d&rsquo;entreprise avec des coll\u00e8gues, les possibilit\u00e9s sont infinies. Chaque vol en montgolfi\u00e8re est unique et offre de l&rsquo;espace pour des groupes petits et grands. C&rsquo;est une exp\u00e9rience adapt\u00e9e \u00e0 toutes sortes d&rsquo;occasions : un anniversaire, un jalon professionnel important ou tout simplement une mani\u00e8re aventureuse de c\u00e9l\u00e9brer la vie.<\/p>\n<h2 data-start=\"4147\" data-end=\"4182\">Occasions sp\u00e9ciales dans les airs<\/h2>\n<p class=\"\" data-start=\"4184\" data-end=\"4562\">Ce qui rend l&rsquo;exp\u00e9rience en montgolfi\u00e8re encore plus exceptionnelle, c&rsquo;est la possibilit\u00e9 de combiner cette exp\u00e9rience avec d&rsquo;autres occasions sp\u00e9ciales. Imaginez que vous c\u00e9l\u00e9brez un mariage avec un d\u00eener dans les airs ou organisez une f\u00eate d&rsquo;entreprise o\u00f9 la vue et l&rsquo;exp\u00e9rience sont les stars de la soir\u00e9e. C&rsquo;est la mani\u00e8re id\u00e9ale de cr\u00e9er des souvenirs que vous ch\u00e9rirez pour toujours.<\/p>\n<p class=\"\" data-start=\"4564\" data-end=\"4843\">Que vous voyagiez en petit ou grand groupe, un vol culinaire en montgolfi\u00e8re est une exp\u00e9rience inoubliable. Le coucher du soleil, les bruits du vent et les vues inimaginables constituent le cadre parfait pour un d\u00eener qui d\u00e9passe toutes vos attentes.<\/p>\n<h2 data-start=\"4845\" data-end=\"4868\">Exp\u00e9rience inoubliable<\/h2>\n<p class=\"\" data-start=\"4870\" data-end=\"5377\">D\u00eener dans une montgolfi\u00e8re vous donne la chance de vivre quelque chose de vraiment unique, quelque chose qui ne se pr\u00e9sente pas tous les jours. C&rsquo;est une exp\u00e9rience qui ne se limite pas \u00e0 la nourriture, mais aussi \u00e0 l&rsquo;aventure, \u00e0 l&rsquo;excitation et \u00e0 l&rsquo;atmosph\u00e8re magique qui ne peut \u00eatre v\u00e9cue qu&rsquo;\u00e0 grande hauteur. Du premier toast au dernier dessert, c&rsquo;est une exp\u00e9rience que vous n&rsquo;oublierez jamais et dont vous parlerez encore et encore.<\/p>\n","protected":false},"excerpt":{"rendered":"<p>Exp\u00e9rience de restaurant unique dans la montgolfi\u00e8re Imaginez ceci : vous \u00eates confortablement install\u00e9 dans un panier de montgolfi\u00e8re, entour\u00e9 par les vues les plus \u00e9poustouflantes pendant que le soleil se couche lentement. Vous avez un verre de vin \u00e0 la main, et \u00e0 ce moment-l\u00e0, tandis que le ballon monte lentement, une exp\u00e9rience culinaire se d\u00e9ploie que vous n&rsquo;oublierez jamais. Ce n&rsquo;est pas un d\u00eener ordinaire, mais une exp\u00e9rience unique possible uniquement dans un restaurant montgolfi\u00e8re. Aventure culinaire dans [&hellip;]<\/p>\n","protected":false},"author":6,"featured_media":0,"parent":0,"menu_order":0,"comment_status":"closed","ping_status":"closed","template":"","meta":{"footnotes":""},"class_list":["post-26186","page","type-page","status-publish","hentry"],"yoast_head":"<!-- This site is optimized with the Yoast SEO plugin v27.3 - https:\/\/yoast.com\/product\/yoast-seo-wordpress\/ -->\n<title>Exp\u00e9rience de restaurant la plus unique<\/title>\n<meta name=\"description\" content=\"Profitez d&#039;une exp\u00e9rience culinaire en grande hauteur dans une montgolfi\u00e8re, avec une vue \u00e0 couper le souffle et des plats raffin\u00e9s...\" \/>\n<meta name=\"robots\" content=\"index, follow, max-snippet:-1, max-image-preview:large, max-video-preview:-1\" \/>\n<link rel=\"canonical\" href=\"https:\/\/www.culiair.be\/fr\/experience-de-restaurant-la-plus-unique\/\" \/>\n<meta property=\"og:locale\" content=\"fr_FR\" \/>\n<meta property=\"og:type\" content=\"article\" \/>\n<meta property=\"og:title\" content=\"Exp\u00e9rience de restaurant la plus unique\" \/>\n<meta property=\"og:description\" content=\"Profitez d&#039;une exp\u00e9rience culinaire en grande hauteur dans une montgolfi\u00e8re, avec une vue \u00e0 couper le souffle et des plats raffin\u00e9s...\" \/>\n<meta property=\"og:url\" content=\"https:\/\/www.culiair.be\/fr\/experience-de-restaurant-la-plus-unique\/\" \/>\n<meta property=\"og:site_name\" content=\"CuliAir\" \/>\n<meta property=\"og:image\" content=\"https:\/\/www.culiair.be\/wp-content\/uploads\/2024\/02\/CuliAir-Luchtballon-eten-op-hoog-niveau-scaled.jpg\" \/>\n\t<meta property=\"og:image:width\" content=\"1920\" \/>\n\t<meta property=\"og:image:height\" content=\"2560\" \/>\n\t<meta property=\"og:image:type\" content=\"image\/jpeg\" \/>\n<meta name=\"twitter:card\" content=\"summary_large_image\" \/>\n<script type=\"application\/ld+json\" class=\"yoast-schema-graph\">{\"@context\":\"https:\\\/\\\/schema.org\",\"@graph\":[{\"@type\":\"WebPage\",\"@id\":\"https:\\\/\\\/www.culiair.be\\\/fr\\\/experience-de-restaurant-la-plus-unique\\\/\",\"url\":\"https:\\\/\\\/www.culiair.be\\\/fr\\\/experience-de-restaurant-la-plus-unique\\\/\",\"name\":\"Exp\u00e9rience de restaurant la plus unique\",\"isPartOf\":{\"@id\":\"https:\\\/\\\/www.culiair.be\\\/#website\"},\"primaryImageOfPage\":{\"@id\":\"https:\\\/\\\/www.culiair.be\\\/fr\\\/experience-de-restaurant-la-plus-unique\\\/#primaryimage\"},\"image\":{\"@id\":\"https:\\\/\\\/www.culiair.be\\\/fr\\\/experience-de-restaurant-la-plus-unique\\\/#primaryimage\"},\"thumbnailUrl\":\"https:\\\/\\\/www.culiair.be\\\/wp-content\\\/uploads\\\/2024\\\/02\\\/CuliAir-Luchtballon-eten-op-hoog-niveau-768x1024.jpg\",\"datePublished\":\"2025-05-24T03:49:28+00:00\",\"description\":\"Profitez d'une exp\u00e9rience culinaire en grande hauteur dans une montgolfi\u00e8re, avec une vue \u00e0 couper le souffle et des plats raffin\u00e9s...\",\"breadcrumb\":{\"@id\":\"https:\\\/\\\/www.culiair.be\\\/fr\\\/experience-de-restaurant-la-plus-unique\\\/#breadcrumb\"},\"inLanguage\":\"fr-FR\",\"potentialAction\":[{\"@type\":\"ReadAction\",\"target\":[\"https:\\\/\\\/www.culiair.be\\\/fr\\\/experience-de-restaurant-la-plus-unique\\\/\"]}]},{\"@type\":\"ImageObject\",\"inLanguage\":\"fr-FR\",\"@id\":\"https:\\\/\\\/www.culiair.be\\\/fr\\\/experience-de-restaurant-la-plus-unique\\\/#primaryimage\",\"url\":\"https:\\\/\\\/www.culiair.be\\\/wp-content\\\/uploads\\\/2024\\\/02\\\/CuliAir-Luchtballon-eten-op-hoog-niveau-768x1024.jpg\",\"contentUrl\":\"https:\\\/\\\/www.culiair.be\\\/wp-content\\\/uploads\\\/2024\\\/02\\\/CuliAir-Luchtballon-eten-op-hoog-niveau-768x1024.jpg\"},{\"@type\":\"BreadcrumbList\",\"@id\":\"https:\\\/\\\/www.culiair.be\\\/fr\\\/experience-de-restaurant-la-plus-unique\\\/#breadcrumb\",\"itemListElement\":[{\"@type\":\"ListItem\",\"position\":1,\"name\":\"Home\",\"item\":\"https:\\\/\\\/www.culiair.be\\\/fr\\\/\"},{\"@type\":\"ListItem\",\"position\":2,\"name\":\"Exp\u00e9rience de restaurant la plus unique\"}]},{\"@type\":\"WebSite\",\"@id\":\"https:\\\/\\\/www.culiair.be\\\/#website\",\"url\":\"https:\\\/\\\/www.culiair.be\\\/\",\"name\":\"CuliAir\",\"description\":\"Luchtballonrestaurant\",\"potentialAction\":[{\"@type\":\"SearchAction\",\"target\":{\"@type\":\"EntryPoint\",\"urlTemplate\":\"https:\\\/\\\/www.culiair.be\\\/?s={search_term_string}\"},\"query-input\":{\"@type\":\"PropertyValueSpecification\",\"valueRequired\":true,\"valueName\":\"search_term_string\"}}],\"inLanguage\":\"fr-FR\"}]}<\/script>\n<!-- \/ Yoast SEO plugin. -->","yoast_head_json":{"title":"Exp\u00e9rience de restaurant la plus unique","description":"Profitez d'une exp\u00e9rience culinaire en grande hauteur dans une montgolfi\u00e8re, avec une vue \u00e0 couper le souffle et des plats raffin\u00e9s...","robots":{"index":"index","follow":"follow","max-snippet":"max-snippet:-1","max-image-preview":"max-image-preview:large","max-video-preview":"max-video-preview:-1"},"canonical":"https:\/\/www.culiair.be\/fr\/experience-de-restaurant-la-plus-unique\/","og_locale":"fr_FR","og_type":"article","og_title":"Exp\u00e9rience de restaurant la plus unique","og_description":"Profitez d'une exp\u00e9rience culinaire en grande hauteur dans une montgolfi\u00e8re, avec une vue \u00e0 couper le souffle et des plats raffin\u00e9s...","og_url":"https:\/\/www.culiair.be\/fr\/experience-de-restaurant-la-plus-unique\/","og_site_name":"CuliAir","og_image":[{"width":1920,"height":2560,"url":"https:\/\/www.culiair.be\/wp-content\/uploads\/2024\/02\/CuliAir-Luchtballon-eten-op-hoog-niveau-scaled.jpg","type":"image\/jpeg"}],"twitter_card":"summary_large_image","schema":{"@context":"https:\/\/schema.org","@graph":[{"@type":"WebPage","@id":"https:\/\/www.culiair.be\/fr\/experience-de-restaurant-la-plus-unique\/","url":"https:\/\/www.culiair.be\/fr\/experience-de-restaurant-la-plus-unique\/","name":"Exp\u00e9rience de restaurant la plus unique","isPartOf":{"@id":"https:\/\/www.culiair.be\/#website"},"primaryImageOfPage":{"@id":"https:\/\/www.culiair.be\/fr\/experience-de-restaurant-la-plus-unique\/#primaryimage"},"image":{"@id":"https:\/\/www.culiair.be\/fr\/experience-de-restaurant-la-plus-unique\/#primaryimage"},"thumbnailUrl":"https:\/\/www.culiair.be\/wp-content\/uploads\/2024\/02\/CuliAir-Luchtballon-eten-op-hoog-niveau-768x1024.jpg","datePublished":"2025-05-24T03:49:28+00:00","description":"Profitez d'une exp\u00e9rience culinaire en grande hauteur dans une montgolfi\u00e8re, avec une vue \u00e0 couper le souffle et des plats raffin\u00e9s...","breadcrumb":{"@id":"https:\/\/www.culiair.be\/fr\/experience-de-restaurant-la-plus-unique\/#breadcrumb"},"inLanguage":"fr-FR","potentialAction":[{"@type":"ReadAction","target":["https:\/\/www.culiair.be\/fr\/experience-de-restaurant-la-plus-unique\/"]}]},{"@type":"ImageObject","inLanguage":"fr-FR","@id":"https:\/\/www.culiair.be\/fr\/experience-de-restaurant-la-plus-unique\/#primaryimage","url":"https:\/\/www.culiair.be\/wp-content\/uploads\/2024\/02\/CuliAir-Luchtballon-eten-op-hoog-niveau-768x1024.jpg","contentUrl":"https:\/\/www.culiair.be\/wp-content\/uploads\/2024\/02\/CuliAir-Luchtballon-eten-op-hoog-niveau-768x1024.jpg"},{"@type":"BreadcrumbList","@id":"https:\/\/www.culiair.be\/fr\/experience-de-restaurant-la-plus-unique\/#breadcrumb","itemListElement":[{"@type":"ListItem","position":1,"name":"Home","item":"https:\/\/www.culiair.be\/fr\/"},{"@type":"ListItem","position":2,"name":"Exp\u00e9rience de restaurant la plus unique"}]},{"@type":"WebSite","@id":"https:\/\/www.culiair.be\/#website","url":"https:\/\/www.culiair.be\/","name":"CuliAir","description":"Luchtballonrestaurant","potentialAction":[{"@type":"SearchAction","target":{"@type":"EntryPoint","urlTemplate":"https:\/\/www.culiair.be\/?s={search_term_string}"},"query-input":{"@type":"PropertyValueSpecification","valueRequired":true,"valueName":"search_term_string"}}],"inLanguage":"fr-FR"}]}},"_links":{"self":[{"href":"https:\/\/www.culiair.be\/fr\/wp-json\/wp\/v2\/pages\/26186","targetHints":{"allow":["GET"]}}],"collection":[{"href":"https:\/\/www.culiair.be\/fr\/wp-json\/wp\/v2\/pages"}],"about":[{"href":"https:\/\/www.culiair.be\/fr\/wp-json\/wp\/v2\/types\/page"}],"author":[{"embeddable":true,"href":"https:\/\/www.culiair.be\/fr\/wp-json\/wp\/v2\/users\/6"}],"replies":[{"embeddable":true,"href":"https:\/\/www.culiair.be\/fr\/wp-json\/wp\/v2\/comments?post=26186"}],"version-history":[{"count":1,"href":"https:\/\/www.culiair.be\/fr\/wp-json\/wp\/v2\/pages\/26186\/revisions"}],"predecessor-version":[{"id":26187,"href":"https:\/\/www.culiair.be\/fr\/wp-json\/wp\/v2\/pages\/26186\/revisions\/26187"}],"wp:attachment":[{"href":"https:\/\/www.culiair.be\/fr\/wp-json\/wp\/v2\/media?parent=26186"}],"curies":[{"name":"wp","href":"https:\/\/api.w.org\/{rel}","templated":true}]}}