{"id":26196,"date":"2025-05-05T17:10:36","date_gmt":"2025-05-05T15:10:36","guid":{"rendered":"https:\/\/www.culiair.nl\/uniek-cadeau\/"},"modified":"2025-05-24T06:00:04","modified_gmt":"2025-05-24T04:00:04","slug":"experiences-uniques-en-cadeau","status":"publish","type":"page","link":"https:\/\/www.culiair.be\/fr\/experiences-uniques-en-cadeau\/","title":{"rendered":"Cadeau unique : une exp\u00e9rience inoubliable"},"content":{"rendered":"<h1 data-start=\"42\" data-end=\"702\"><strong>Exp\u00e9riences uniques en cadeau : le geste parfait<\/strong><\/h1>\n<p class=\"\" data-start=\"42\" data-end=\"702\">Offrir un cadeau est souvent un d\u00e9fi. Vous voulez choisir quelque chose qui soit non seulement unique, mais qui laisse \u00e9galement une impression durable. Plut\u00f4t que d&rsquo;opter pour le traditionnel paquet ou un ch\u00e8que-cadeau standard, pourquoi ne pas offrir une exp\u00e9rience en cadeau ? Une exp\u00e9rience offre bien plus que des biens mat\u00e9riels : elle cr\u00e9e des souvenirs qui durent toute une vie. Que vous souhaitiez surprendre quelqu&rsquo;un pour une occasion sp\u00e9ciale, c\u00e9l\u00e9brer un anniversaire ou simplement faire un geste spontan\u00e9, une exp\u00e9rience unique peut \u00eatre n&rsquo;importe quoi. D&rsquo;un vol en montgolfi\u00e8re romantique \u00e0 un d\u00eener \u00e9toil\u00e9 en altitude, les possibilit\u00e9s sont infinies. Mais qu&rsquo;est-ce qui fait qu&rsquo;une exp\u00e9rience est un cadeau si parfait ?<\/p>\n<h2 data-start=\"704\" data-end=\"744\">Une exp\u00e9rience qui stimule tous les sens<\/h2>\n<p class=\"\" data-start=\"746\" data-end=\"1485\">Imaginez : vous offrez \u00e0 quelqu&rsquo;un une exp\u00e9rience culinaire dans un endroit qu&rsquo;il n&rsquo;aurait jamais imagin\u00e9. Que diriez-vous de d\u00eener dans une montgolfi\u00e8re ? Ce n&rsquo;est pas juste un vol en montgolfi\u00e8re, c&rsquo;est une aventure gastronomique o\u00f9 les plats les plus fins sont pr\u00e9par\u00e9s gr\u00e2ce \u00e0 la chaleur de la montgolfi\u00e8re elle-m\u00eame. Le chef cuisine en direct avec la chaleur du ballon, qui fonctionne comme un \u00e9norme four \u00e0 air chaud. Tout en d\u00e9gustant un d\u00eener exquis, vous vous \u00e9levez \u00e0 une hauteur de 2 kilom\u00e8tres, entour\u00e9 de vues \u00e0 couper le souffle. C&rsquo;est une exp\u00e9rience qui stimule non seulement les papilles, mais aussi les autres sens. Le silence, les paysages changeants et le sentiment de libert\u00e9 rendent cette exp\u00e9rience absolument unique.<\/p>\n<p><iframe loading=\"lazy\" title=\"Next Level Bucketlist avec Julia Kniese | Exp\u00e9rience unique en montgolfi\u00e8re | CuliAir SkyDining\" src=\"https:\/\/www.youtube.com\/embed\/AGK82hCXe1A\" width=\"433\" height=\"769\" frameborder=\"0\" allowfullscreen=\"allowfullscreen\"><\/iframe><\/p>\n<h2 data-start=\"1487\" data-end=\"1525\">Une touche personnelle qui la rend sp\u00e9ciale<\/h2>\n<p class=\"\" data-start=\"1527\" data-end=\"2060\">Un autre aspect important d&rsquo;un cadeau unique est la possibilit\u00e9 de le personnaliser. Une exp\u00e9rience offre de la place pour des ajustements sur mesure et peut \u00eatre adapt\u00e9e aux pr\u00e9f\u00e9rences du destinataire. Par exemple, un <span style=\"color: #ff6600;\"><a style=\"color: #ff6600;\" href=\"https:\/\/www.culiair.be\/nieuws\/prive-vip-ballonvaart-arrangement\/\">vol en montgolfi\u00e8re priv\u00e9<\/a><\/span> pour une occasion sp\u00e9ciale, comme un anniversaire ou un geste romantique, est beaucoup plus intime qu&rsquo;une sortie standard. Vous choisissez ensemble le moment, l&rsquo;itin\u00e9raire et l&rsquo;arrangement. En ajustant une exp\u00e9rience aux d\u00e9sirs du destinataire, vous ne lui offrez pas seulement un cadeau, mais aussi un peu de vous-m\u00eame.<\/p>\n<h2 data-start=\"2062\" data-end=\"2091\">Le pouvoir de l&rsquo;inattendu<\/h2>\n<p class=\"\" data-start=\"2093\" data-end=\"2665\">Qu&rsquo;est-ce qui rend une exp\u00e9rience en cadeau encore plus puissante ? L&rsquo;effet de surprise. Souvent, ce ne sont pas les cadeaux mat\u00e9riels qui sont les plus m\u00e9morables, mais les moments de pure \u00e9tonnement et d&rsquo;\u00e9merveillement. L&rsquo;\u00e9l\u00e9ment de surprise joue un r\u00f4le important ici. Prenez par exemple un vol en montgolfi\u00e8re au coucher du soleil. Alors que le ballon monte lentement, la vue change constamment, des champs paisibles aux villages pittoresques, glissant de plus en plus dans l&rsquo;horizon. C&rsquo;est le genre d&rsquo;exp\u00e9rience que les gens n&rsquo;oublieront jamais, simplement \u00e0 cause de la beaut\u00e9 inattendue du moment.<\/p>\n<h2 data-start=\"2667\" data-end=\"2695\">Des souvenirs inoubliables<\/h2>\n<p class=\"\" data-start=\"2697\" data-end=\"3323\">Ce qui rend une exp\u00e9rience si sp\u00e9ciale, c&rsquo;est qu&rsquo;il ne s&rsquo;agit pas seulement du moment pr\u00e9sent, mais des souvenirs qu&rsquo;elle laisse derri\u00e8re elle. Lorsque vous partagez une exp\u00e9rience unique avec des proches, vous cr\u00e9ez quelque chose qui reste plus longtemps que n&rsquo;importe quel objet physique. Que ce soit en go\u00fbtant des mets exquis tout en flottant dans les airs, en \u00e9coutant les histoires d&rsquo;un chef \u00e9toil\u00e9, ou en partageant un moment sp\u00e9cial avec des amis ou de la famille, ces souvenirs sont ch\u00e9ris. De telles exp\u00e9riences offrent souvent plus de valeur qu&rsquo;un objet, car elles laissent une impression durable qui \u00e9voque des histoires pendant des ann\u00e9es.<\/p>\n<h2 data-start=\"3325\" data-end=\"3352\">Un cadeau qui continue de donner<\/h2>\n<p class=\"\" data-start=\"3354\" data-end=\"3870\">Un autre avantage de donner une exp\u00e9rience est qu&rsquo;elle continue de donner. Alors qu&rsquo;un cadeau physique est souvent appr\u00e9ci\u00e9 pendant un court moment, l&rsquo;exp\u00e9rience reste dans les pens\u00e9es du destinataire. C&rsquo;est un cadeau qui ne reste pas dans un tiroir ou sur une \u00e9tag\u00e8re, mais un \u00e9v\u00e9nement qui revient r\u00e9guli\u00e8rement dans les conversations, les souvenirs et les photos. L&rsquo;effet d&rsquo;une exp\u00e9rience particuli\u00e8re peut m\u00eame se ressentir des ann\u00e9es apr\u00e8s l&rsquo;\u00e9v\u00e9nement. C&rsquo;est un investissement dans des souvenirs qui deviennent constamment plus riches.<\/p>\n<h2 data-start=\"3872\" data-end=\"3905\">Des chefs-d&rsquo;\u0153uvre culinaires en cadeau<\/h2>\n<p class=\"\" data-start=\"3907\" data-end=\"4555\">Par exemple, imaginez offrir \u00e0 quelqu&rsquo;un une exp\u00e9rience culinaire qui d\u00e9passe ses attentes. Pensez \u00e0 un d\u00eener dans les airs, o\u00f9 un chef renomm\u00e9 pr\u00e9pare les plats sur place et les invit\u00e9s peuvent en m\u00eame temps profiter d&rsquo;une vue fantastique. Ce n&rsquo;est pas un simple repas, mais un voyage gastronomique qui d\u00e9fie les sens. Vous ne partagez pas seulement un repas, mais un moment de pure admiration. Profiter de grands vins et de <span style=\"color: #ff6600;\"><a style=\"color: #ff6600;\" href=\"https:\/\/www.culiair.be\/nieuws\/ultieme-private-dining\/\">fine dining<\/a><\/span> en haute altitude est une exp\u00e9rience que le destinataire n&rsquo;oubliera jamais. Ce type de cadeau convient parfaitement aux personnes en qu\u00eate d&rsquo;aventure, de luxe et de moments inoubliables.<\/p>\n<p data-start=\"3907\" data-end=\"4555\"><a href=\"https:\/\/www.culiair.be\/wp-content\/uploads\/2023\/10\/Table-for-Two-in-the-Air-scaled.jpeg\"><img loading=\"lazy\" decoding=\"async\" class=\"alignnone size-large wp-image-22538\" src=\"https:\/\/www.culiair.be\/wp-content\/uploads\/2023\/10\/Table-for-Two-in-the-Air-768x1024.jpeg\" alt=\"\" width=\"768\" height=\"1024\" srcset=\"https:\/\/www.culiair.be\/wp-content\/uploads\/2023\/10\/Table-for-Two-in-the-Air-768x1024.jpeg 768w, https:\/\/www.culiair.be\/wp-content\/uploads\/2023\/10\/Table-for-Two-in-the-Air-225x300.jpeg 225w, https:\/\/www.culiair.be\/wp-content\/uploads\/2023\/10\/Table-for-Two-in-the-Air-1152x1536.jpeg 1152w, https:\/\/www.culiair.be\/wp-content\/uploads\/2023\/10\/Table-for-Two-in-the-Air-1536x2048.jpeg 1536w, https:\/\/www.culiair.be\/wp-content\/uploads\/2023\/10\/Table-for-Two-in-the-Air-1400x1867.jpeg 1400w, https:\/\/www.culiair.be\/wp-content\/uploads\/2023\/10\/Table-for-Two-in-the-Air-800x1067.jpeg 800w, https:\/\/www.culiair.be\/wp-content\/uploads\/2023\/10\/Table-for-Two-in-the-Air-500x667.jpeg 500w, https:\/\/www.culiair.be\/wp-content\/uploads\/2023\/10\/Table-for-Two-in-the-Air-700x933.jpeg 700w, https:\/\/www.culiair.be\/wp-content\/uploads\/2023\/10\/Table-for-Two-in-the-Air-scaled.jpeg 1920w\" sizes=\"auto, (max-width: 768px) 100vw, 768px\" \/><\/a><\/p>\n<h2 data-start=\"4557\" data-end=\"4583\">Un cadeau pour chaque moment<\/h2>\n<p class=\"\" data-start=\"4585\" data-end=\"5059\">Une exp\u00e9rience en cadeau est parfaite pour chaque occasion. Que ce soit pour un anniversaire, un \u00e9v\u00e9nement sp\u00e9cial, un geste romantique ou simplement pour remercier quelqu&rsquo;un, une exp\u00e9rience cr\u00e9e des souvenirs pr\u00e9cieux. Des vols en montgolfi\u00e8re aux aventures culinaires, il y a toujours une exp\u00e9rience qui correspond \u00e0 l&rsquo;occasion et au destinataire. Elle ne donne pas seulement quelque chose de tangible, mais laisse \u00e9galement une impression durable qui transmet le bon sentiment de reconnaissance et d&rsquo;attention.<\/p>\n<h2 data-start=\"5061\" data-end=\"5106\">Offrir un souvenir, pas un objet<\/h2>\n<p class=\"\" data-start=\"5108\" data-end=\"5570\">Si vous voulez vraiment que votre cadeau ait un impact, choisissez une exp\u00e9rience qui stimule les sens et l&rsquo;esprit. C&rsquo;est l&rsquo;occasion d&rsquo;offrir quelque chose qui sera un souvenir pour la vie. Offrez une <span style=\"color: #ff6600;\"><a style=\"color: #ff6600;\" href=\"https:\/\/www.culiair.be\/fr\/billet-cadeau\/\">carte-cadeau CuliAir<\/a><\/span> pour un vol en montgolfi\u00e8re exclusif et laissez le destinataire profiter d&rsquo;une aventure culinaire unique en haute altitude. Que ce soit pour un mariage, un anniversaire, un jubil\u00e9, un \u00e9v\u00e9nement professionnel ou simplement un geste sp\u00e9cial, le vol en montgolfi\u00e8re CuliAir est une exp\u00e9rience qui ne sera jamais oubli\u00e9e.<\/p>\n","protected":false},"excerpt":{"rendered":"<p>Exp\u00e9riences uniques en cadeau : le geste parfait Offrir un cadeau est souvent un d\u00e9fi. Vous voulez choisir quelque chose qui soit non seulement unique, mais qui laisse \u00e9galement une impression durable. Plut\u00f4t que d&rsquo;opter pour le traditionnel paquet ou un ch\u00e8que-cadeau standard, pourquoi ne pas offrir une exp\u00e9rience en cadeau ? Une exp\u00e9rience offre bien plus que des biens mat\u00e9riels : elle cr\u00e9e des souvenirs qui durent toute une vie. Que vous souhaitiez surprendre quelqu&rsquo;un pour une occasion sp\u00e9ciale, [&hellip;]<\/p>\n","protected":false},"author":6,"featured_media":0,"parent":0,"menu_order":0,"comment_status":"closed","ping_status":"closed","template":"","meta":{"footnotes":""},"class_list":["post-26196","page","type-page","status-publish","hentry"],"yoast_head":"<!-- This site is optimized with the Yoast SEO plugin v27.3 - https:\/\/yoast.com\/product\/yoast-seo-wordpress\/ -->\n<title>Exp\u00e9riences uniques en cadeau : le geste parfait<\/title>\n<meta name=\"description\" content=\"Offrez une exp\u00e9rience en cadeau et cr\u00e9ez des souvenirs inoubliables. Des vols en montgolfi\u00e8re aux moments culinaires exceptionnels, les possibilit\u00e9s sont infinies.\" \/>\n<meta name=\"robots\" content=\"index, follow, max-snippet:-1, max-image-preview:large, max-video-preview:-1\" \/>\n<link rel=\"canonical\" href=\"https:\/\/www.culiair.be\/fr\/experiences-uniques-en-cadeau\/\" \/>\n<meta property=\"og:locale\" content=\"fr_FR\" \/>\n<meta property=\"og:type\" content=\"article\" \/>\n<meta property=\"og:title\" content=\"Exp\u00e9riences uniques en cadeau : le geste parfait\" \/>\n<meta property=\"og:description\" content=\"Offrez une exp\u00e9rience en cadeau et cr\u00e9ez des souvenirs inoubliables. Des vols en montgolfi\u00e8re aux moments culinaires exceptionnels, les possibilit\u00e9s sont infinies.\" \/>\n<meta property=\"og:url\" content=\"https:\/\/www.culiair.be\/fr\/experiences-uniques-en-cadeau\/\" \/>\n<meta property=\"og:site_name\" content=\"CuliAir\" \/>\n<meta property=\"article:modified_time\" content=\"2025-05-24T04:00:04+00:00\" \/>\n<meta property=\"og:image\" content=\"https:\/\/www.culiair.be\/wp-content\/uploads\/2023\/10\/Table-for-Two-in-the-Air-scaled.jpeg\" \/>\n\t<meta property=\"og:image:width\" content=\"1920\" \/>\n\t<meta property=\"og:image:height\" content=\"2560\" \/>\n\t<meta property=\"og:image:type\" content=\"image\/jpeg\" \/>\n<meta name=\"twitter:card\" content=\"summary_large_image\" \/>\n<meta name=\"twitter:label1\" content=\"Dur\u00e9e de lecture estim\u00e9e\" \/>\n\t<meta name=\"twitter:data1\" content=\"5 minutes\" \/>\n<script type=\"application\/ld+json\" class=\"yoast-schema-graph\">{\"@context\":\"https:\\\/\\\/schema.org\",\"@graph\":[{\"@type\":\"WebPage\",\"@id\":\"https:\\\/\\\/www.culiair.be\\\/fr\\\/experiences-uniques-en-cadeau\\\/\",\"url\":\"https:\\\/\\\/www.culiair.be\\\/fr\\\/experiences-uniques-en-cadeau\\\/\",\"name\":\"Exp\u00e9riences uniques en cadeau : le geste parfait\",\"isPartOf\":{\"@id\":\"https:\\\/\\\/www.culiair.be\\\/#website\"},\"primaryImageOfPage\":{\"@id\":\"https:\\\/\\\/www.culiair.be\\\/fr\\\/experiences-uniques-en-cadeau\\\/#primaryimage\"},\"image\":{\"@id\":\"https:\\\/\\\/www.culiair.be\\\/fr\\\/experiences-uniques-en-cadeau\\\/#primaryimage\"},\"thumbnailUrl\":\"https:\\\/\\\/www.culiair.be\\\/wp-content\\\/uploads\\\/2023\\\/10\\\/Table-for-Two-in-the-Air-768x1024.jpeg\",\"datePublished\":\"2025-05-05T15:10:36+00:00\",\"dateModified\":\"2025-05-24T04:00:04+00:00\",\"description\":\"Offrez une exp\u00e9rience en cadeau et cr\u00e9ez des souvenirs inoubliables. Des vols en montgolfi\u00e8re aux moments culinaires exceptionnels, les possibilit\u00e9s sont infinies.\",\"breadcrumb\":{\"@id\":\"https:\\\/\\\/www.culiair.be\\\/fr\\\/experiences-uniques-en-cadeau\\\/#breadcrumb\"},\"inLanguage\":\"fr-FR\",\"potentialAction\":[{\"@type\":\"ReadAction\",\"target\":[\"https:\\\/\\\/www.culiair.be\\\/fr\\\/experiences-uniques-en-cadeau\\\/\"]}]},{\"@type\":\"ImageObject\",\"inLanguage\":\"fr-FR\",\"@id\":\"https:\\\/\\\/www.culiair.be\\\/fr\\\/experiences-uniques-en-cadeau\\\/#primaryimage\",\"url\":\"https:\\\/\\\/www.culiair.be\\\/wp-content\\\/uploads\\\/2023\\\/10\\\/Table-for-Two-in-the-Air-768x1024.jpeg\",\"contentUrl\":\"https:\\\/\\\/www.culiair.be\\\/wp-content\\\/uploads\\\/2023\\\/10\\\/Table-for-Two-in-the-Air-768x1024.jpeg\"},{\"@type\":\"BreadcrumbList\",\"@id\":\"https:\\\/\\\/www.culiair.be\\\/fr\\\/experiences-uniques-en-cadeau\\\/#breadcrumb\",\"itemListElement\":[{\"@type\":\"ListItem\",\"position\":1,\"name\":\"Home\",\"item\":\"https:\\\/\\\/www.culiair.be\\\/fr\\\/\"},{\"@type\":\"ListItem\",\"position\":2,\"name\":\"Cadeau unique : une exp\u00e9rience inoubliable\"}]},{\"@type\":\"WebSite\",\"@id\":\"https:\\\/\\\/www.culiair.be\\\/#website\",\"url\":\"https:\\\/\\\/www.culiair.be\\\/\",\"name\":\"CuliAir\",\"description\":\"Luchtballonrestaurant\",\"potentialAction\":[{\"@type\":\"SearchAction\",\"target\":{\"@type\":\"EntryPoint\",\"urlTemplate\":\"https:\\\/\\\/www.culiair.be\\\/?s={search_term_string}\"},\"query-input\":{\"@type\":\"PropertyValueSpecification\",\"valueRequired\":true,\"valueName\":\"search_term_string\"}}],\"inLanguage\":\"fr-FR\"}]}<\/script>\n<!-- \/ Yoast SEO plugin. -->","yoast_head_json":{"title":"Exp\u00e9riences uniques en cadeau : le geste parfait","description":"Offrez une exp\u00e9rience en cadeau et cr\u00e9ez des souvenirs inoubliables. Des vols en montgolfi\u00e8re aux moments culinaires exceptionnels, les possibilit\u00e9s sont infinies.","robots":{"index":"index","follow":"follow","max-snippet":"max-snippet:-1","max-image-preview":"max-image-preview:large","max-video-preview":"max-video-preview:-1"},"canonical":"https:\/\/www.culiair.be\/fr\/experiences-uniques-en-cadeau\/","og_locale":"fr_FR","og_type":"article","og_title":"Exp\u00e9riences uniques en cadeau : le geste parfait","og_description":"Offrez une exp\u00e9rience en cadeau et cr\u00e9ez des souvenirs inoubliables. Des vols en montgolfi\u00e8re aux moments culinaires exceptionnels, les possibilit\u00e9s sont infinies.","og_url":"https:\/\/www.culiair.be\/fr\/experiences-uniques-en-cadeau\/","og_site_name":"CuliAir","article_modified_time":"2025-05-24T04:00:04+00:00","og_image":[{"width":1920,"height":2560,"url":"https:\/\/www.culiair.be\/wp-content\/uploads\/2023\/10\/Table-for-Two-in-the-Air-scaled.jpeg","type":"image\/jpeg"}],"twitter_card":"summary_large_image","twitter_misc":{"Dur\u00e9e de lecture estim\u00e9e":"5 minutes"},"schema":{"@context":"https:\/\/schema.org","@graph":[{"@type":"WebPage","@id":"https:\/\/www.culiair.be\/fr\/experiences-uniques-en-cadeau\/","url":"https:\/\/www.culiair.be\/fr\/experiences-uniques-en-cadeau\/","name":"Exp\u00e9riences uniques en cadeau : le geste parfait","isPartOf":{"@id":"https:\/\/www.culiair.be\/#website"},"primaryImageOfPage":{"@id":"https:\/\/www.culiair.be\/fr\/experiences-uniques-en-cadeau\/#primaryimage"},"image":{"@id":"https:\/\/www.culiair.be\/fr\/experiences-uniques-en-cadeau\/#primaryimage"},"thumbnailUrl":"https:\/\/www.culiair.be\/wp-content\/uploads\/2023\/10\/Table-for-Two-in-the-Air-768x1024.jpeg","datePublished":"2025-05-05T15:10:36+00:00","dateModified":"2025-05-24T04:00:04+00:00","description":"Offrez une exp\u00e9rience en cadeau et cr\u00e9ez des souvenirs inoubliables. Des vols en montgolfi\u00e8re aux moments culinaires exceptionnels, les possibilit\u00e9s sont infinies.","breadcrumb":{"@id":"https:\/\/www.culiair.be\/fr\/experiences-uniques-en-cadeau\/#breadcrumb"},"inLanguage":"fr-FR","potentialAction":[{"@type":"ReadAction","target":["https:\/\/www.culiair.be\/fr\/experiences-uniques-en-cadeau\/"]}]},{"@type":"ImageObject","inLanguage":"fr-FR","@id":"https:\/\/www.culiair.be\/fr\/experiences-uniques-en-cadeau\/#primaryimage","url":"https:\/\/www.culiair.be\/wp-content\/uploads\/2023\/10\/Table-for-Two-in-the-Air-768x1024.jpeg","contentUrl":"https:\/\/www.culiair.be\/wp-content\/uploads\/2023\/10\/Table-for-Two-in-the-Air-768x1024.jpeg"},{"@type":"BreadcrumbList","@id":"https:\/\/www.culiair.be\/fr\/experiences-uniques-en-cadeau\/#breadcrumb","itemListElement":[{"@type":"ListItem","position":1,"name":"Home","item":"https:\/\/www.culiair.be\/fr\/"},{"@type":"ListItem","position":2,"name":"Cadeau unique : une exp\u00e9rience inoubliable"}]},{"@type":"WebSite","@id":"https:\/\/www.culiair.be\/#website","url":"https:\/\/www.culiair.be\/","name":"CuliAir","description":"Luchtballonrestaurant","potentialAction":[{"@type":"SearchAction","target":{"@type":"EntryPoint","urlTemplate":"https:\/\/www.culiair.be\/?s={search_term_string}"},"query-input":{"@type":"PropertyValueSpecification","valueRequired":true,"valueName":"search_term_string"}}],"inLanguage":"fr-FR"}]}},"_links":{"self":[{"href":"https:\/\/www.culiair.be\/fr\/wp-json\/wp\/v2\/pages\/26196","targetHints":{"allow":["GET"]}}],"collection":[{"href":"https:\/\/www.culiair.be\/fr\/wp-json\/wp\/v2\/pages"}],"about":[{"href":"https:\/\/www.culiair.be\/fr\/wp-json\/wp\/v2\/types\/page"}],"author":[{"embeddable":true,"href":"https:\/\/www.culiair.be\/fr\/wp-json\/wp\/v2\/users\/6"}],"replies":[{"embeddable":true,"href":"https:\/\/www.culiair.be\/fr\/wp-json\/wp\/v2\/comments?post=26196"}],"version-history":[{"count":1,"href":"https:\/\/www.culiair.be\/fr\/wp-json\/wp\/v2\/pages\/26196\/revisions"}],"predecessor-version":[{"id":26204,"href":"https:\/\/www.culiair.be\/fr\/wp-json\/wp\/v2\/pages\/26196\/revisions\/26204"}],"wp:attachment":[{"href":"https:\/\/www.culiair.be\/fr\/wp-json\/wp\/v2\/media?parent=26196"}],"curies":[{"name":"wp","href":"https:\/\/api.w.org\/{rel}","templated":true}]}}